{"id":4649,"date":"2017-10-12T11:17:12","date_gmt":"2017-10-12T09:17:12","guid":{"rendered":"https:\/\/citeroyaleloches.fr\/mentions-legales"},"modified":"2021-03-18T12:10:07","modified_gmt":"2021-03-18T11:10:07","slug":"legal-notice","status":"publish","type":"page","link":"https:\/\/citeroyaleloches.fr\/en\/legal-notice","title":{"rendered":"Legal Notice"},"content":{"rendered":"<div id=\"pl-230\"  class=\"panel-layout\" >\n<div id=\"pg-230-0\"  class=\"panel-grid panel-no-style\" >\n<div id=\"pgc-230-0-0\"  class=\"panel-grid-cell\"  data-weight=\"1\" >\n<div id=\"panel-230-0-0-0\" class=\"so-panel widget widget_sow-editor panel-first-child panel-last-child\" data-index=\"0\" data-style=\"{&quot;background_image_attachment&quot;:false,&quot;background_display&quot;:&quot;tile&quot;}\" >\n<div class=\"so-widget-sow-editor so-widget-sow-editor-base\">\n<div class=\"siteorigin-widget-tinymce textwidget\">\n<p>&nbsp;<\/p>\n<h2>Mentions L\u00e9gales<\/h2>\n<h3>Cr\u00e9dits<\/h3>\n<p><strong>Site \u00e9dit\u00e9 par :<\/strong><\/p>\n<p><a href=\"https:\/\/www.touraine.fr\/accueil.html\">Conseil d\u00e9partemental d&#8217;Indre-et-Loire<\/a><\/p>\n<p>Direction des l&#8217;Attractivit\u00e9 des Territoires<\/p>\n<p>Service de la Conservation et de la Valorisation des Monuments et Mus\u00e9es<\/p>\n<p><strong>Directeur de la publication :<\/strong> M Jean-G\u00e9rard Paumier<\/p>\n<p><a href=\"https:\/\/tours.inwin.fr\/\"><strong>Cr\u00e9ation du site internet<\/strong><\/a> : INWIN Tours<\/p>\n<p><strong>D\u00e9veloppement du site Internet<\/strong> : INWIN Tours<\/p>\n<p><strong>H\u00e9bergement du site internet<\/strong> : INWIN Tours<\/p>\n<p><strong>Droits photos<\/strong>\u00a0: \u00a9Stevens Fr\u00e9mont, \u00a9Christophe Raimbault\/CD37, \u00a9David Darrault, \u00a9Gillard et Vincent, \u00a9L\u00e9onard de Serres.<\/p>\n<p>Pour tout probl\u00e8me de consultation rencontr\u00e9 sur le site merci d\u2019adresser vos r\u00e9clamations \u00e0 : <a href=\"mailto:citeroyaleloches@departement-touraine.fr\">citeroyaleloches@departement-touraine.fr<\/a><\/p>\n<p>Pour les r\u00e9clamations aux acc\u00e8s aux donn\u00e9es personnelles, adressez-vous \u00e0 <a href=\"mailto:citeroyaleloches@departement-touraine.fr\">citeroyaleloches@departement-touraine.fr<\/a><\/p>\n<p>&nbsp;<\/p>\n<\/div>\n<\/div>\n<\/div>\n<\/div>\n<\/div>\n<div id=\"pg-230-1\"  class=\"panel-grid panel-no-style\"  data-style=\"{&quot;background_image_attachment&quot;:false,&quot;background_display&quot;:&quot;tile&quot;,&quot;cell_alignment&quot;:&quot;flex-start&quot;}\"  data-ratio=\"1\"  data-ratio-direction=\"right\" >\n<div id=\"pgc-230-1-0\"  class=\"panel-grid-cell\"  data-weight=\"1\" >\n<div id=\"panel-230-1-0-0\" class=\"so-panel widget widget_sow-editor panel-first-child panel-last-child\" data-index=\"1\" data-style=\"{&quot;background_image_attachment&quot;:false,&quot;background_display&quot;:&quot;tile&quot;}\" >\n<div class=\"so-widget-sow-editor so-widget-sow-editor-base\">\n<div class=\"siteorigin-widget-tinymce textwidget\">\n<h2>Configuration recommand\u00e9e<\/h2>\n<h3>Navigateurs<\/h3>\n<p>Pour une navigation optimale, nous vous conseillons d\u2019utiliser :<\/p>\n<p>Mozilla Firefox (PC &amp; Mac) ou Internet Explorer 8 minimum (PC) ou Safari (Mac) ou Chrome<\/p>\n<h3>Configuration \u00e9cran<\/h3>\n<p>Pr\u00e9f\u00e9rez un \u00e9cran param\u00e9tr\u00e9 en milliers de couleurs, avec une r\u00e9solution minimum de 1024\u00d7768 pixels.<\/p>\n<p>&nbsp;<\/p>\n<\/div>\n<\/div>\n<\/div>\n<\/div>\n<\/div>\n<\/div>\n","protected":false},"excerpt":{"rendered":"<p>&nbsp; Mentions L\u00e9gales Cr\u00e9dits Site \u00e9dit\u00e9 par : Conseil d\u00e9partemental d&#8217;Indre-et-Loire Direction des l&#8217;Attractivit\u00e9 des Territoires Service de la Conservation et de la Valorisation des Monuments et Mus\u00e9es Directeur [&hellip;]<\/p>\n","protected":false},"author":4,"featured_media":0,"parent":0,"menu_order":3,"comment_status":"closed","ping_status":"closed","template":"","meta":{"footnotes":""},"class_list":["post-4649","page","type-page","status-publish","hentry"],"yoast_head":"<!-- This site is optimized with the Yoast SEO plugin v27.4 - https:\/\/yoast.com\/product\/yoast-seo-wordpress\/ -->\n<title>Mentions l\u00e9gales - Cit\u00e9 royale de Loches<\/title>\n<meta name=\"description\" content=\"Site \u00e9dit\u00e9 par le Conseil d\u00e9partemental d&#039;Indre-et-Loire, Direction des l&#039;Attractivit\u00e9 des Territoires, Service de la Conservation et de la Valorisation des Monuments et Mus\u00e9es. Cr\u00e9ation et h\u00e9bergement du site internet : Agence digitale INWIN de Tours\" \/>\n<meta name=\"robots\" content=\"index, follow, max-snippet:-1, max-image-preview:large, max-video-preview:-1\" \/>\n<link rel=\"canonical\" href=\"https:\/\/citeroyaleloches.fr\/en\/legal-notice\" \/>\n<meta property=\"og:locale\" content=\"en_US\" \/>\n<meta property=\"og:type\" content=\"article\" \/>\n<meta property=\"og:title\" content=\"Mentions l\u00e9gales - Cit\u00e9 royale de Loches\" \/>\n<meta property=\"og:description\" content=\"Site \u00e9dit\u00e9 par le Conseil d\u00e9partemental d&#039;Indre-et-Loire, Direction des l&#039;Attractivit\u00e9 des Territoires, Service de la Conservation et de la Valorisation des Monuments et Mus\u00e9es. Cr\u00e9ation et h\u00e9bergement du site internet : Agence digitale INWIN de Tours\" \/>\n<meta property=\"og:url\" content=\"https:\/\/citeroyaleloches.fr\/en\/legal-notice\" \/>\n<meta property=\"og:site_name\" content=\"Cit\u00e9 Royale de Loches\" \/>\n<meta property=\"article:modified_time\" content=\"2021-03-18T11:10:07+00:00\" \/>\n<meta name=\"twitter:card\" content=\"summary_large_image\" \/>\n<meta name=\"twitter:label1\" content=\"Est. reading time\" \/>\n\t<meta name=\"twitter:data1\" content=\"1 minute\" \/>\n<script type=\"application\/ld+json\" class=\"yoast-schema-graph\">{\"@context\":\"https:\\\/\\\/schema.org\",\"@graph\":[{\"@type\":\"WebPage\",\"@id\":\"https:\\\/\\\/citeroyaleloches.fr\\\/en\\\/legal-notice\",\"url\":\"https:\\\/\\\/citeroyaleloches.fr\\\/en\\\/legal-notice\",\"name\":\"Mentions l\u00e9gales - Cit\u00e9 royale de Loches\",\"isPartOf\":{\"@id\":\"https:\\\/\\\/citeroyaleloches.fr\\\/#website\"},\"datePublished\":\"2017-10-12T09:17:12+00:00\",\"dateModified\":\"2021-03-18T11:10:07+00:00\",\"description\":\"Site \u00e9dit\u00e9 par le Conseil d\u00e9partemental d'Indre-et-Loire, Direction des l'Attractivit\u00e9 des Territoires, Service de la Conservation et de la Valorisation des Monuments et Mus\u00e9es. Cr\u00e9ation et h\u00e9bergement du site internet : Agence digitale INWIN de Tours\",\"breadcrumb\":{\"@id\":\"https:\\\/\\\/citeroyaleloches.fr\\\/en\\\/legal-notice#breadcrumb\"},\"inLanguage\":\"en-US\",\"potentialAction\":[{\"@type\":\"ReadAction\",\"target\":[\"https:\\\/\\\/citeroyaleloches.fr\\\/en\\\/legal-notice\"]}]},{\"@type\":\"BreadcrumbList\",\"@id\":\"https:\\\/\\\/citeroyaleloches.fr\\\/en\\\/legal-notice#breadcrumb\",\"itemListElement\":[{\"@type\":\"ListItem\",\"position\":1,\"name\":\"Accueil\",\"item\":\"https:\\\/\\\/citeroyaleloches.fr\\\/en\"},{\"@type\":\"ListItem\",\"position\":2,\"name\":\"Legal Notice\"}]},{\"@type\":\"WebSite\",\"@id\":\"https:\\\/\\\/citeroyaleloches.fr\\\/#website\",\"url\":\"https:\\\/\\\/citeroyaleloches.fr\\\/\",\"name\":\"Cit\u00e9 Royale de Loches\",\"description\":\"\",\"potentialAction\":[{\"@type\":\"SearchAction\",\"target\":{\"@type\":\"EntryPoint\",\"urlTemplate\":\"https:\\\/\\\/citeroyaleloches.fr\\\/?s={search_term_string}\"},\"query-input\":{\"@type\":\"PropertyValueSpecification\",\"valueRequired\":true,\"valueName\":\"search_term_string\"}}],\"inLanguage\":\"en-US\"}]}<\/script>\n<!-- \/ Yoast SEO plugin. -->","yoast_head_json":{"title":"Mentions l\u00e9gales - Cit\u00e9 royale de Loches","description":"Site \u00e9dit\u00e9 par le Conseil d\u00e9partemental d'Indre-et-Loire, Direction des l'Attractivit\u00e9 des Territoires, Service de la Conservation et de la Valorisation des Monuments et Mus\u00e9es. Cr\u00e9ation et h\u00e9bergement du site internet : Agence digitale INWIN de Tours","robots":{"index":"index","follow":"follow","max-snippet":"max-snippet:-1","max-image-preview":"max-image-preview:large","max-video-preview":"max-video-preview:-1"},"canonical":"https:\/\/citeroyaleloches.fr\/en\/legal-notice","og_locale":"en_US","og_type":"article","og_title":"Mentions l\u00e9gales - Cit\u00e9 royale de Loches","og_description":"Site \u00e9dit\u00e9 par le Conseil d\u00e9partemental d'Indre-et-Loire, Direction des l'Attractivit\u00e9 des Territoires, Service de la Conservation et de la Valorisation des Monuments et Mus\u00e9es. Cr\u00e9ation et h\u00e9bergement du site internet : Agence digitale INWIN de Tours","og_url":"https:\/\/citeroyaleloches.fr\/en\/legal-notice","og_site_name":"Cit\u00e9 Royale de Loches","article_modified_time":"2021-03-18T11:10:07+00:00","twitter_card":"summary_large_image","twitter_misc":{"Est. reading time":"1 minute"},"schema":{"@context":"https:\/\/schema.org","@graph":[{"@type":"WebPage","@id":"https:\/\/citeroyaleloches.fr\/en\/legal-notice","url":"https:\/\/citeroyaleloches.fr\/en\/legal-notice","name":"Mentions l\u00e9gales - Cit\u00e9 royale de Loches","isPartOf":{"@id":"https:\/\/citeroyaleloches.fr\/#website"},"datePublished":"2017-10-12T09:17:12+00:00","dateModified":"2021-03-18T11:10:07+00:00","description":"Site \u00e9dit\u00e9 par le Conseil d\u00e9partemental d'Indre-et-Loire, Direction des l'Attractivit\u00e9 des Territoires, Service de la Conservation et de la Valorisation des Monuments et Mus\u00e9es. Cr\u00e9ation et h\u00e9bergement du site internet : Agence digitale INWIN de Tours","breadcrumb":{"@id":"https:\/\/citeroyaleloches.fr\/en\/legal-notice#breadcrumb"},"inLanguage":"en-US","potentialAction":[{"@type":"ReadAction","target":["https:\/\/citeroyaleloches.fr\/en\/legal-notice"]}]},{"@type":"BreadcrumbList","@id":"https:\/\/citeroyaleloches.fr\/en\/legal-notice#breadcrumb","itemListElement":[{"@type":"ListItem","position":1,"name":"Accueil","item":"https:\/\/citeroyaleloches.fr\/en"},{"@type":"ListItem","position":2,"name":"Legal Notice"}]},{"@type":"WebSite","@id":"https:\/\/citeroyaleloches.fr\/#website","url":"https:\/\/citeroyaleloches.fr\/","name":"Cit\u00e9 Royale de Loches","description":"","potentialAction":[{"@type":"SearchAction","target":{"@type":"EntryPoint","urlTemplate":"https:\/\/citeroyaleloches.fr\/?s={search_term_string}"},"query-input":{"@type":"PropertyValueSpecification","valueRequired":true,"valueName":"search_term_string"}}],"inLanguage":"en-US"}]}},"_links":{"self":[{"href":"https:\/\/citeroyaleloches.fr\/en\/wp-json\/wp\/v2\/pages\/4649","targetHints":{"allow":["GET"]}}],"collection":[{"href":"https:\/\/citeroyaleloches.fr\/en\/wp-json\/wp\/v2\/pages"}],"about":[{"href":"https:\/\/citeroyaleloches.fr\/en\/wp-json\/wp\/v2\/types\/page"}],"author":[{"embeddable":true,"href":"https:\/\/citeroyaleloches.fr\/en\/wp-json\/wp\/v2\/users\/4"}],"replies":[{"embeddable":true,"href":"https:\/\/citeroyaleloches.fr\/en\/wp-json\/wp\/v2\/comments?post=4649"}],"version-history":[{"count":1,"href":"https:\/\/citeroyaleloches.fr\/en\/wp-json\/wp\/v2\/pages\/4649\/revisions"}],"predecessor-version":[{"id":4654,"href":"https:\/\/citeroyaleloches.fr\/en\/wp-json\/wp\/v2\/pages\/4649\/revisions\/4654"}],"wp:attachment":[{"href":"https:\/\/citeroyaleloches.fr\/en\/wp-json\/wp\/v2\/media?parent=4649"}],"curies":[{"name":"wp","href":"https:\/\/api.w.org\/{rel}","templated":true}]}}