{"id":4647,"date":"2019-07-10T14:27:34","date_gmt":"2019-07-10T12:27:34","guid":{"rendered":"https:\/\/citeroyaleloches.fr\/politique-de-confidentialite"},"modified":"2021-03-18T12:09:50","modified_gmt":"2021-03-18T11:09:50","slug":"privacy-policy","status":"publish","type":"page","link":"https:\/\/citeroyaleloches.fr\/en\/privacy-policy","title":{"rendered":"Privacy policy"},"content":{"rendered":"<div id=\"pl-3592\" class=\"panel-layout\">\n<div id=\"pg-3592-0\" class=\"panel-grid panel-no-style\">\n<div id=\"pgc-3592-0-0\" class=\"panel-grid-cell\" data-weight=\"1\">\n<div id=\"panel-3592-0-0-0\" class=\"so-panel widget widget_sow-editor panel-first-child panel-last-child\" data-index=\"0\" data-style=\"{&quot;background_image_attachment&quot;:false,&quot;background_display&quot;:&quot;tile&quot;}\">\n<div class=\"so-widget-sow-editor so-widget-sow-editor-base\">\n<div class=\"siteorigin-widget-tinymce textwidget\">\n<h2 style=\"text-align: justify;\">Pr\u00e9ambule<\/h2>\n<p style=\"text-align: justify;\">Le Conseil d\u00e9partemental d\u2019Indre-et-Loire traite des donn\u00e9es \u00e0 caract\u00e8re personnel (ci-apr\u00e8s les \u00ab Donn\u00e9es Personnelles) \u00bb vous concernant dans le cadre de l\u2019utilisation de ce site internet (ci-apr\u00e8s le \u00ab Site \u00bb).<\/p>\n<p style=\"text-align: justify;\">En tant que responsable de traitement, nous sommes respectueux de la vie priv\u00e9e et nous prot\u00e9geons les donn\u00e9es \u00e0 caract\u00e8re personnel des utilisateurs de notre Site.<\/p>\n<p style=\"text-align: justify;\">La pr\u00e9sente politique vise \u00e0 vous informer des modalit\u00e9s de collecte, de traitement et d\u2019utilisation de Vos Donn\u00e9es Personnelles et de vos droits en mati\u00e8re de protection des donn\u00e9es \u00e0 caract\u00e8re personnel au regard des dispositions applicables en la mati\u00e8re, notamment la loi 78-17 du 6 janvier 1978 relative \u00e0 l\u2019informatique, aux fichiers et aux libert\u00e9s dite \u00ab Informatique et libert\u00e9s \u00bb dans sa derni\u00e8re version et avec le RGPD (R\u00e8glement G\u00e9n\u00e9ral sur la Protection des Donn\u00e9es) en application depuis le 25 mai 2018.<\/p>\n<h2 style=\"text-align: left;\">Champ d&#8217;application de la pr\u00e9sente politique de protection des donn\u00e9es personnelles<\/h2>\n<p style=\"text-align: justify;\">La pr\u00e9sente Politique \u00e9nonce les principes et lignes directrices pour la protection de Vos Donn\u00e9es Personnelles, ce qui inclut les Donn\u00e9es Personnelles collect\u00e9es sur \u2013 ou via \u2013 le Site.<\/p>\n<p style=\"text-align: justify;\">La Cit\u00e9 royale de Loches, propri\u00e9t\u00e9 du Conseil d\u00e9partemental d\u2019Indre-et-Loire, collecte des Donn\u00e9es Personnelles ; la pr\u00e9sente politique s\u2019applique quel que soit le mode de collecte ou de traitement.<\/p>\n<p style=\"text-align: justify;\">La notion de Donn\u00e9es Personnelles d\u00e9signe toute information relative \u00e0 une personne physique identifi\u00e9e ou identifiable. Une personne est \u00ab identifiable \u00bb d\u00e8s lors qu\u2019elle peut \u00eatre identifi\u00e9e, directement ou indirectement, en particulier par r\u00e9f\u00e9rence \u00e0 un num\u00e9ro d\u2019identification ou \u00e0 un ou plusieurs \u00e9l\u00e9ments qui lui sont propres.<\/p>\n<p style=\"text-align: justify;\">Les \u00ab Donn\u00e9es Non-Personnelles \u00bb correspondent \u00e0 des informations ne permettant pas d\u2019identifier une personne.<\/p>\n<h2 style=\"text-align: justify;\">Responsable du traitement<\/h2>\n<p style=\"text-align: justify;\">Le responsable du traitement de Vos Donn\u00e9es Personnelles est : Le Pr\u00e9sident du Conseil d\u00e9partemental d\u2019Indre-et-Loire, place de la Pr\u00e9fecture, 37000 Tours, certaines prestations techniques, telles que l\u2019h\u00e9bergement du site, sont confi\u00e9es \u00e0 nos prestataires techniques. Conform\u00e9ment \u00e0 l\u2019Article 28 du RGPD, ce prestataire est li\u00e9 par une clause de stricte confidentialit\u00e9 qui lui interdit toute utilisation des donn\u00e9es qui lui sont confi\u00e9es non-pr\u00e9vue dans le contrat de prestation et qui lui impose de mettre en \u0153uvre les mesures techniques et organisationnelles qui satisfont aux exigences de s\u00e9curit\u00e9 et de protection des donn\u00e9es personnelles.<\/p>\n<h2 style=\"text-align: justify;\">S\u00e9curit\u00e9 et confidentialit\u00e9 des donn\u00e9es personnelles<\/h2>\n<p style=\"text-align: justify;\">Nous consid\u00e9rons Vos Donn\u00e9es Personnelles comme confidentielles.<\/p>\n<p style=\"text-align: justify;\">Nous nous effor\u00e7ons de prendre les mesures techniques raisonnables en vue de pr\u00e9venir d\u2019\u00e9ventuelles pertes ou d\u00e9tournements lors d\u2019une collecte ou d\u2019un stockage des donn\u00e9es que vous nous auriez communiqu\u00e9es, et emp\u00eacher toute communication \u00e0 des tiers non autoris\u00e9s.<\/p>\n<p style=\"text-align: justify;\">Cependant, malgr\u00e9 ces mesures, Internet demeure un syst\u00e8me ouvert et nous ne pouvons garantir que des tiers non autoris\u00e9s ne pourront d\u00e9jouer les mesures en question ou utiliser Vos Donn\u00e9es Personnelles \u00e0 des fins ill\u00e9gitimes. En cons\u00e9quence, le Conseil d\u00e9partemental d\u2019Indre-et-Loire ne saura \u00eatre tenu comme responsable en cas de r\u00e9cup\u00e9ration frauduleuse de vos donn\u00e9es pour quelque utilisation que ce soit.<\/p>\n<p style=\"text-align: justify;\">Le Site peut proposer des liens vers des sites Internet de tiers susceptibles de vous int\u00e9resser.<\/p>\n<p style=\"text-align: justify;\">Le Conseil d\u00e9partemental d\u2019Indre-et-Loire n\u2019exerce aucun contr\u00f4le sur le contenu de sites de tiers ou sur les pratiques de ces tiers en mati\u00e8re de protection des Donn\u00e9es Personnelles qu\u2019ils pourraient recueillir. En cons\u00e9quence, Le Conseil d\u00e9partemental d\u2019Indre-et-Loire d\u00e9cline toute responsabilit\u00e9 concernant le traitement par ces tiers de Vos Donn\u00e9es Personnelles. Il est de votre responsabilit\u00e9 de vous renseigner sur les politiques de protection des donn\u00e9es personnelles de ces tiers.<\/p>\n<h2 style=\"text-align: justify;\">Finalit\u00e9 de la collecte des donn\u00e9es<\/h2>\n<p style=\"text-align: justify;\">Nous traitons vos donn\u00e9es en tout ou partie aux fins de :<\/p>\n<ul style=\"text-align: justify;\">\n<li>envoyer des newsletters, d\u2019invitation \u00e0 des \u00e9v\u00e9nements culturels, si vous y avez consenti en cochant la case correspondante,<\/li>\n<li>analyser l\u2019audience et la fr\u00e9quentation du Site<\/li>\n<\/ul>\n<p style=\"text-align: justify;\">Les destinataires de Vos Donn\u00e9es Personnelles sont nos propres \u00e9quipes de gestion et nos prestataires techniques.<\/p>\n<h2 style=\"text-align: justify;\">Donn\u00e9es collect\u00e9es<\/h2>\n<h3 style=\"text-align: justify;\">Donn\u00e9es personnelles<\/h3>\n<p style=\"text-align: justify;\">Les Donn\u00e9es Personnelles peuvent inclure ce qui suit :<\/p>\n<ul style=\"text-align: justify;\">\n<li>Nom ;<\/li>\n<li>Pr\u00e9nom ;<\/li>\n<li>Adresse \u00e9lectronique ;<\/li>\n<li>Adresse postale ;<\/li>\n<li>T\u00e9l\u00e9phone.<\/li>\n<\/ul>\n<p style=\"text-align: justify;\">Et toute autre Donn\u00e9e Personnelle pouvant s\u2019av\u00e9rer pertinente aux fins \u00e9nonc\u00e9es ci-apr\u00e8s.<\/p>\n<h2 style=\"text-align: justify;\">Cookies et autres traceurs<\/h2>\n<p style=\"text-align: justify;\">Les cookies, ou autres traceurs similaires, sont des fichiers utilis\u00e9s par un serveur pour dialoguer avec le navigateur. Les cookies permettent d\u2019envoyer des informations d\u2019\u00e9tat lorsqu\u2019un utilisateur consulte un site. Les informations d\u2019\u00e9tat peuvent \u00eatre par exemple un identifiant de session, une langue, une date d\u2019expiration, un domaine de r\u00e9ponse, etc. Les cookies permettent de conserver, pendant leur dur\u00e9e de validit\u00e9, des informations d\u2019\u00e9tat lorsqu\u2019un navigateur acc\u00e8de aux diff\u00e9rentes pages d\u2019un site Web ou lorsque ce navigateur retourne ult\u00e9rieurement sur ledit site. Seul l\u2019\u00e9metteur d\u2019un cookie peut lire ou modifier les informations qui y sont contenues. Il existe diff\u00e9rents types de cookies :<\/p>\n<ul style=\"text-align: justify;\">\n<li>des cookies de session qui disparaissent d\u00e8s que vous quittez le navigateur ou le site ;<\/li>\n<li>des cookies permanents qui demeurent sur votre terminal jusqu\u2019\u00e0 expiration de leur dur\u00e9e de vie (au maximum 12 mois) ou jusqu\u2019\u00e0 ce que vous les supprimiez \u00e0 l\u2019aide des fonctionnalit\u00e9s de votre navigateur.<\/li>\n<\/ul>\n<p style=\"text-align: justify;\">Vous pouvez acc\u00e9der \u00e0 votre panneau de gestion des cookies afin de param\u00e9trer le d\u00e9p\u00f4t et la lecture de cookies.<\/p>\n<h3 style=\"text-align: justify;\">Comment d\u00e9sactiver les cookies ?<\/h3>\n<h4 style=\"text-align: justify;\">PARAM\u00c9TRAGES DU NAVIGATEUR<\/h4>\n<p style=\"text-align: justify;\">L\u2019installation de certains cookies est soumise \u00e0 votre consentement. Lors de votre premi\u00e8re visite sur le Site, un bandeau d\u2019information s\u2019affiche vous indiquant qu\u2019en continuant votre navigation sur le site, les cookies susvis\u00e9s seront install\u00e9s sur votre \u00e9quipement.<\/p>\n<p style=\"text-align: justify;\">Les cookies ou traceurs permettent de b\u00e9n\u00e9ficier pleinement des fonctionnalit\u00e9s du Site. Si votre navigateur est configur\u00e9 de mani\u00e8re \u00e0 refuser l\u2019ensemble des cookies ou traceurs, cela peut emp\u00eacher l\u2019utilisation de certains de nos services, ce dont le Conseil d\u00e9partemental d\u2019Indre-et-Loire ne saurait \u00eatre responsable.<\/p>\n<h2 style=\"text-align: justify;\">Les formulaires<\/h2>\n<h3 style=\"text-align: justify;\">Inscription aux newsletters<\/h3>\n<h4 style=\"text-align: justify;\">NEWSLETTERS<\/h4>\n<p style=\"text-align: justify;\">En autorisant ce type de newsletters, vous autorisez la Cit\u00e9 royale de Loches, propri\u00e9t\u00e9 du Conseil d\u00e9partemental d\u2019Indre-et-Loire \u00e0 vous envoyer des courriels personnalis\u00e9s. Vous pouvez vous d\u00e9sinscrire \u00e0 tout moment depuis l\u2019un des e-mails re\u00e7us.<\/p>\n<h3 style=\"text-align: justify;\">Formulaire de contact<\/h3>\n<p style=\"text-align: justify;\">Les donn\u00e9es sont transmises par l\u2019usager du site qui souhaite adresser une remarque ou un signalement. Les informations recueillies \u00e0 partir de ce formulaire sont transmises au service en charge de g\u00e9rer les remarques sur le site de la Cit\u00e9 royale de Loches. La dur\u00e9e maximale de conservation de vos donn\u00e9es est de 3 ans.<\/p>\n<h2 style=\"text-align: justify;\">Vos droits<\/h2>\n<p style=\"text-align: justify;\">Conform\u00e9ment aux dispositions de la R\u00e9glementation applicable en mati\u00e8re de protection des donn\u00e9es personnelles, vous disposez notamment d\u2019un droit d\u2019acc\u00e8s, de rectification, d\u2019effacement des donn\u00e9es vous concernant et du droit d\u2019obtenir une copie des donn\u00e9es personnelles que nous d\u00e9tenons sous un format \u00e9lectronique structur\u00e9 (portabilit\u00e9).<\/p>\n<p style=\"text-align: justify;\">Vous disposez \u00e9galement d\u2019un droit d\u2019opposition pour motif l\u00e9gitime \u00e0 ce que les donn\u00e9es \u00e0 caract\u00e8re personnel vous concernant fassent l\u2019objet d\u2019un traitement, et d\u2019un droit d\u2019opposition \u00e0 ce que vos donn\u00e9es soient utilis\u00e9es \u00e0 des fins de prospection notamment commerciale.<\/p>\n<p style=\"text-align: justify;\">Vous pouvez exercer vos droits en nous adressant vos demandes au d\u00e9l\u00e9gu\u00e9 \u00e0 la protection des donn\u00e9es de la collectivit\u00e9 :<\/p>\n<ul style=\"text-align: justify;\">\n<li>Conseil d\u00e9partemental d\u2019Indre-et-Loire<\/li>\n<li>D\u00e9l\u00e9gu\u00e9 \u00e0 la protection des donn\u00e9es<\/li>\n<li>Place de la Pr\u00e9fecture 37927 Tours cedex 9<\/li>\n<li>Contact : <a href=\"mailto:dpd@departement-touraine.fr\" target=\"_blank\" rel=\"noopener noreferrer\">dpd@departement-touraine.fr<\/a><\/li>\n<\/ul>\n<p style=\"text-align: justify;\">Nous nous engageons \u00e0 r\u00e9pondre \u00e0 ces demandes dans un d\u00e9lai d\u20191 mois. Ce d\u00e9lai peut \u00eatre prolong\u00e9 de deux mois, selon la complexit\u00e9 et le nombre de demandes re\u00e7ues.<\/p>\n<p style=\"text-align: justify;\">En cas de litige sur l\u2019exercice de vos droits, vous avez la facult\u00e9 d\u2019introduire une r\u00e9clamation aupr\u00e8s de la Commission Nationale de l\u2019Informatique et des Libert\u00e9s.<\/p>\n<h2 style=\"text-align: justify;\">Conservation des donn\u00e9es<\/h2>\n<p style=\"text-align: justify;\">Nous ne conservons Vos Donn\u00e9es Personnelles que pour une dur\u00e9e n\u00e9cessaire et proportionn\u00e9e \u00e0 la finalit\u00e9 pour laquelle elles ont \u00e9t\u00e9 collect\u00e9es \u00e0 savoir pour une dur\u00e9e maximale de 3 ans \u00e0 compter du dernier \u00e9change que vous avez eu avec nous et effectu\u00e9 \u00e0 votre initiative<\/p>\n<p style=\"text-align: justify;\">Au-del\u00e0 des p\u00e9riodes pr\u00e9cit\u00e9es, vos donn\u00e9es seront purement supprim\u00e9es.<\/p>\n<h2 style=\"text-align: left;\">MISE \u00c0 JOUR DE LA PR\u00c9SENTE POLITIQUE DE CONFIDENTIALIT\u00c9<\/h2>\n<p style=\"text-align: justify;\">La pr\u00e9sente politique de confidentialit\u00e9 est susceptible d\u2019\u00eatre modifi\u00e9e ou am\u00e9nag\u00e9e \u00e0 tout moment.<\/p>\n<p style=\"text-align: justify;\">Vous \u00eates invit\u00e9s \u00e0 la consulter r\u00e9guli\u00e8rement.<\/p>\n<p style=\"text-align: justify;\">Pour plus d\u2019informations pratiques sur l\u2019exercice de vos droits, nous vous recommandons de consulter le site de la Commission Nationale Informatique et Libert\u00e9s, et plus particuli\u00e8rement la page\u00a0<a href=\"https:\/\/www.cnil.fr\/fr\/comprendre-vos-droits\" target=\"_blank\" rel=\"noreferrer noopener\" aria-label=\"https:\/\/www.cnil.fr\/fr\/comprendre-vos-droits (s\u2019ouvre dans un nouvel onglet)\">https:\/\/www.cnil.fr\/fr\/comprendre-vos-droits<\/a><\/p>\n<p style=\"text-align: justify;\">Derni\u00e8re modification : 10\/07\/2019<\/p>\n<\/div>\n<\/div>\n<\/div>\n<\/div>\n<\/div>\n<\/div>\n","protected":false},"excerpt":{"rendered":"<p>Pr\u00e9ambule Le Conseil d\u00e9partemental d\u2019Indre-et-Loire traite des donn\u00e9es \u00e0 caract\u00e8re personnel (ci-apr\u00e8s les \u00ab Donn\u00e9es Personnelles) \u00bb vous concernant dans le cadre de l\u2019utilisation de ce site internet (ci-apr\u00e8s [&hellip;]<\/p>\n","protected":false},"author":3,"featured_media":0,"parent":0,"menu_order":0,"comment_status":"closed","ping_status":"closed","template":"","meta":{"footnotes":""},"class_list":["post-4647","page","type-page","status-publish","hentry"],"yoast_head":"<!-- This site is optimized with the Yoast SEO plugin v27.3 - https:\/\/yoast.com\/product\/yoast-seo-wordpress\/ -->\n<title>Privacy policy - Cit\u00e9 Royale de Loches<\/title>\n<meta name=\"description\" content=\"Veuillez retrouver sur cette page la politique de confidentialit\u00e9 de la Cit\u00e9 royale de Loches, et notamment envers vos donn\u00e9es personnelles.\" \/>\n<meta name=\"robots\" content=\"index, follow, max-snippet:-1, max-image-preview:large, max-video-preview:-1\" \/>\n<link rel=\"canonical\" href=\"https:\/\/citeroyaleloches.fr\/en\/privacy-policy\" \/>\n<meta property=\"og:locale\" content=\"en_US\" \/>\n<meta property=\"og:type\" content=\"article\" \/>\n<meta property=\"og:title\" content=\"Privacy policy - Cit\u00e9 Royale de Loches\" \/>\n<meta property=\"og:description\" content=\"Veuillez retrouver sur cette page la politique de confidentialit\u00e9 de la Cit\u00e9 royale de Loches, et notamment envers vos donn\u00e9es personnelles.\" \/>\n<meta property=\"og:url\" content=\"https:\/\/citeroyaleloches.fr\/en\/privacy-policy\" \/>\n<meta property=\"og:site_name\" content=\"Cit\u00e9 Royale de Loches\" \/>\n<meta property=\"article:modified_time\" content=\"2021-03-18T11:09:50+00:00\" \/>\n<meta name=\"twitter:card\" content=\"summary_large_image\" \/>\n<meta name=\"twitter:label1\" content=\"Est. reading time\" \/>\n\t<meta name=\"twitter:data1\" content=\"8 minutes\" \/>\n<script type=\"application\/ld+json\" class=\"yoast-schema-graph\">{\"@context\":\"https:\\\/\\\/schema.org\",\"@graph\":[{\"@type\":\"WebPage\",\"@id\":\"https:\\\/\\\/citeroyaleloches.fr\\\/en\\\/privacy-policy\",\"url\":\"https:\\\/\\\/citeroyaleloches.fr\\\/en\\\/privacy-policy\",\"name\":\"Privacy policy - Cit\u00e9 Royale de Loches\",\"isPartOf\":{\"@id\":\"https:\\\/\\\/citeroyaleloches.fr\\\/#website\"},\"datePublished\":\"2019-07-10T12:27:34+00:00\",\"dateModified\":\"2021-03-18T11:09:50+00:00\",\"description\":\"Veuillez retrouver sur cette page la politique de confidentialit\u00e9 de la Cit\u00e9 royale de Loches, et notamment envers vos donn\u00e9es personnelles.\",\"breadcrumb\":{\"@id\":\"https:\\\/\\\/citeroyaleloches.fr\\\/en\\\/privacy-policy#breadcrumb\"},\"inLanguage\":\"en-US\",\"potentialAction\":[{\"@type\":\"ReadAction\",\"target\":[\"https:\\\/\\\/citeroyaleloches.fr\\\/en\\\/privacy-policy\"]}]},{\"@type\":\"BreadcrumbList\",\"@id\":\"https:\\\/\\\/citeroyaleloches.fr\\\/en\\\/privacy-policy#breadcrumb\",\"itemListElement\":[{\"@type\":\"ListItem\",\"position\":1,\"name\":\"Accueil\",\"item\":\"https:\\\/\\\/citeroyaleloches.fr\\\/en\"},{\"@type\":\"ListItem\",\"position\":2,\"name\":\"Privacy policy\"}]},{\"@type\":\"WebSite\",\"@id\":\"https:\\\/\\\/citeroyaleloches.fr\\\/#website\",\"url\":\"https:\\\/\\\/citeroyaleloches.fr\\\/\",\"name\":\"Cit\u00e9 Royale de Loches\",\"description\":\"\",\"potentialAction\":[{\"@type\":\"SearchAction\",\"target\":{\"@type\":\"EntryPoint\",\"urlTemplate\":\"https:\\\/\\\/citeroyaleloches.fr\\\/?s={search_term_string}\"},\"query-input\":{\"@type\":\"PropertyValueSpecification\",\"valueRequired\":true,\"valueName\":\"search_term_string\"}}],\"inLanguage\":\"en-US\"}]}<\/script>\n<!-- \/ Yoast SEO plugin. -->","yoast_head_json":{"title":"Privacy policy - Cit\u00e9 Royale de Loches","description":"Veuillez retrouver sur cette page la politique de confidentialit\u00e9 de la Cit\u00e9 royale de Loches, et notamment envers vos donn\u00e9es personnelles.","robots":{"index":"index","follow":"follow","max-snippet":"max-snippet:-1","max-image-preview":"max-image-preview:large","max-video-preview":"max-video-preview:-1"},"canonical":"https:\/\/citeroyaleloches.fr\/en\/privacy-policy","og_locale":"en_US","og_type":"article","og_title":"Privacy policy - Cit\u00e9 Royale de Loches","og_description":"Veuillez retrouver sur cette page la politique de confidentialit\u00e9 de la Cit\u00e9 royale de Loches, et notamment envers vos donn\u00e9es personnelles.","og_url":"https:\/\/citeroyaleloches.fr\/en\/privacy-policy","og_site_name":"Cit\u00e9 Royale de Loches","article_modified_time":"2021-03-18T11:09:50+00:00","twitter_card":"summary_large_image","twitter_misc":{"Est. reading time":"8 minutes"},"schema":{"@context":"https:\/\/schema.org","@graph":[{"@type":"WebPage","@id":"https:\/\/citeroyaleloches.fr\/en\/privacy-policy","url":"https:\/\/citeroyaleloches.fr\/en\/privacy-policy","name":"Privacy policy - Cit\u00e9 Royale de Loches","isPartOf":{"@id":"https:\/\/citeroyaleloches.fr\/#website"},"datePublished":"2019-07-10T12:27:34+00:00","dateModified":"2021-03-18T11:09:50+00:00","description":"Veuillez retrouver sur cette page la politique de confidentialit\u00e9 de la Cit\u00e9 royale de Loches, et notamment envers vos donn\u00e9es personnelles.","breadcrumb":{"@id":"https:\/\/citeroyaleloches.fr\/en\/privacy-policy#breadcrumb"},"inLanguage":"en-US","potentialAction":[{"@type":"ReadAction","target":["https:\/\/citeroyaleloches.fr\/en\/privacy-policy"]}]},{"@type":"BreadcrumbList","@id":"https:\/\/citeroyaleloches.fr\/en\/privacy-policy#breadcrumb","itemListElement":[{"@type":"ListItem","position":1,"name":"Accueil","item":"https:\/\/citeroyaleloches.fr\/en"},{"@type":"ListItem","position":2,"name":"Privacy policy"}]},{"@type":"WebSite","@id":"https:\/\/citeroyaleloches.fr\/#website","url":"https:\/\/citeroyaleloches.fr\/","name":"Cit\u00e9 Royale de Loches","description":"","potentialAction":[{"@type":"SearchAction","target":{"@type":"EntryPoint","urlTemplate":"https:\/\/citeroyaleloches.fr\/?s={search_term_string}"},"query-input":{"@type":"PropertyValueSpecification","valueRequired":true,"valueName":"search_term_string"}}],"inLanguage":"en-US"}]}},"_links":{"self":[{"href":"https:\/\/citeroyaleloches.fr\/en\/wp-json\/wp\/v2\/pages\/4647","targetHints":{"allow":["GET"]}}],"collection":[{"href":"https:\/\/citeroyaleloches.fr\/en\/wp-json\/wp\/v2\/pages"}],"about":[{"href":"https:\/\/citeroyaleloches.fr\/en\/wp-json\/wp\/v2\/types\/page"}],"author":[{"embeddable":true,"href":"https:\/\/citeroyaleloches.fr\/en\/wp-json\/wp\/v2\/users\/3"}],"replies":[{"embeddable":true,"href":"https:\/\/citeroyaleloches.fr\/en\/wp-json\/wp\/v2\/comments?post=4647"}],"version-history":[{"count":1,"href":"https:\/\/citeroyaleloches.fr\/en\/wp-json\/wp\/v2\/pages\/4647\/revisions"}],"predecessor-version":[{"id":4653,"href":"https:\/\/citeroyaleloches.fr\/en\/wp-json\/wp\/v2\/pages\/4647\/revisions\/4653"}],"wp:attachment":[{"href":"https:\/\/citeroyaleloches.fr\/en\/wp-json\/wp\/v2\/media?parent=4647"}],"curies":[{"name":"wp","href":"https:\/\/api.w.org\/{rel}","templated":true}]}}