{"id":1803,"date":"2018-05-04T18:07:54","date_gmt":"2018-05-04T16:07:54","guid":{"rendered":"https:\/\/citeroyaleloches.fr\/activites-pedagogiques\/visites-guidees-thematiques"},"modified":"2018-05-04T18:07:54","modified_gmt":"2018-05-04T16:07:54","slug":"visites-guidees-thematiques","status":"publish","type":"page","link":"https:\/\/citeroyaleloches.fr\/en\/activites-pedagogiques\/visites-guidees-thematiques","title":{"rendered":"Visites guid\u00e9es th\u00e9matiques"},"content":{"rendered":"<div id=\"pl-1803\"  class=\"panel-layout\" ><div id=\"pg-1803-0\"  class=\"panel-grid panel-no-style\" ><div id=\"pgc-1803-0-0\"  class=\"panel-grid-cell panel-grid-cell-empty\" ><\/div><\/div><div id=\"pg-1803-1\"  class=\"panel-grid panel-has-style\" ><div class=\"panel-row-style panel-row-style-for-1803-1\" ><div id=\"pgc-1803-1-0\"  class=\"panel-grid-cell\" ><div id=\"panel-1803-1-0-0\" class=\"so-panel widget widget_sow-editor panel-first-child panel-last-child\" data-index=\"0\" ><div\n\t\t\t\n\t\t\tclass=\"so-widget-sow-editor so-widget-sow-editor-base\"\n\t\t\t\n\t\t>\n<div class=\"siteorigin-widget-tinymce textwidget\">\n\t<p>&nbsp;<\/p>\n<h2>De la forteresse m\u00e9di\u00e9vale \u00e0 la prison royale (XIe-XVe si\u00e8cles)<\/h2>\n<p><strong>Public :<\/strong> primaire, coll\u00e8ge, lyc\u00e9e<br \/>\n<strong>Dur\u00e9e :<\/strong> 0h45<br \/>\n<span style=\"font-size: 1em;\">D\u00e9couverte des \u00e9l\u00e9ments d\u00e9fensifs de la forteresse.<br \/>\n<strong>Tarif<\/strong> : 1,50 \u20ac\/\u00e9l\u00e8ve, 1 accompagnateur gratuit pour 10 enfants<br \/>\n<\/span><\/p>\n<h2>\u200bLe jardin d\u2019inspiration m\u00e9di\u00e9vale<\/h2>\n<p><strong>Public :<\/strong> maternelle, primaire, coll\u00e8ge, lyc\u00e9e<br \/>\n<strong>Dur\u00e9e :<\/strong> 1h00<br \/>\n<span style=\"font-size: 1em;\">Pr\u00e9sentation du jardin d\u2019inspiration m\u00e9di\u00e9vale <strong>(d'avril \u00e0 septembre)<\/strong><br \/>\n<\/span><span style=\"font-size: 1em;\">Approche de la vie quotidienne au Moyen-\u00c2ge \u00e0 travers l\u2019utilisation des plantes.<br \/>\n<strong>Tarif<\/strong> : 1,50 \u20ac\/\u00e9l\u00e8ve, 1 accompagnateur gratuit pour 10 enfants<br \/>\n<\/span><\/p>\n<h2>\u200bVisite cont\u00e9e : la Cit\u00e9 royale \u00e0 petits pas<\/h2>\n<p style=\"text-align: justify;\"><strong>Public :<\/strong> maternelle et CP<br \/>\n<strong>Dur\u00e9e :<\/strong> 1h00<br \/>\n\u00c0 petits pas, les enfants d\u00e9couvrent la Cit\u00e9 royale \u00e0 l\u2019occasion une d\u00e9ambulation entre le donjon mill\u00e9naire et le logis royal. Une immersion cont\u00e9e pour deux fois plus d\u2019Histoires.<br \/>\n<span style=\"font-size: 1em;\"><strong>Tarif (incluant le droit d\u2019entr\u00e9e) :<\/strong> 4,00 \u20ac par \u00e9l\u00e8ve<br \/>\n<\/span><\/p>\n<h2>Le tablier \u00e0 histoire, une naissance au ch\u00e2teau<\/h2>\n<p style=\"text-align: justify;\"><strong>Public<\/strong> : Maternelle et CP<br \/>\n<strong>Dur\u00e9e<\/strong> : 1h00<br \/>\n<span style=\"font-size: 1em;\">D\u00e9couvrez les aventures de la naissance d\u2019un petit dragon et de son amiti\u00e9 avec le chien de la reine Anne de Bretagne gr\u00e2ce aux nombreuses surprises sorties des poches du tablier \u00e0 histoires de votre guide !<br \/>\n<strong>Tarif (incluant le droit d\u2019entr\u00e9e) :<\/strong> 4,00 \u20ac par \u00e9l\u00e8ve<br \/>\n<\/span><\/p>\n<\/div>\n<\/div><\/div><\/div><\/div><\/div><\/div>","protected":false},"excerpt":{"rendered":"<p>&nbsp; De la forteresse m\u00e9di\u00e9vale \u00e0 la prison royale (XIe-XVe si\u00e8cles) Public : primaire, coll\u00e8ge, lyc\u00e9e Dur\u00e9e : 0h45 D\u00e9couverte des \u00e9l\u00e9ments d\u00e9fensifs de la forteresse. Tarif : 1,50 [&hellip;]<\/p>\n","protected":false},"author":4,"featured_media":0,"parent":1800,"menu_order":0,"comment_status":"closed","ping_status":"closed","template":"","meta":{"footnotes":""},"class_list":["post-1803","page","type-page","status-publish","hentry"],"yoast_head":"<!-- This site is optimized with the Yoast SEO plugin v27.4 - https:\/\/yoast.com\/product\/yoast-seo-wordpress\/ -->\n<title>Visites guid\u00e9es th\u00e9matiques - Cit\u00e9 Royale de Loches<\/title>\n<meta name=\"robots\" content=\"index, follow, max-snippet:-1, max-image-preview:large, max-video-preview:-1\" \/>\n<link rel=\"canonical\" href=\"https:\/\/citeroyaleloches.fr\/en\/activites-pedagogiques\/visites-guidees-thematiques\" \/>\n<meta property=\"og:locale\" content=\"en_US\" \/>\n<meta property=\"og:type\" content=\"article\" \/>\n<meta property=\"og:title\" content=\"Visites guid\u00e9es th\u00e9matiques - Cit\u00e9 Royale de Loches\" \/>\n<meta property=\"og:description\" content=\"&nbsp; De la forteresse m\u00e9di\u00e9vale \u00e0 la prison royale (XIe-XVe si\u00e8cles) Public : primaire, coll\u00e8ge, lyc\u00e9e Dur\u00e9e : 0h45 D\u00e9couverte des \u00e9l\u00e9ments d\u00e9fensifs de la forteresse. Tarif : 1,50 [&hellip;]\" \/>\n<meta property=\"og:url\" content=\"https:\/\/citeroyaleloches.fr\/en\/activites-pedagogiques\/visites-guidees-thematiques\" \/>\n<meta property=\"og:site_name\" content=\"Cit\u00e9 Royale de Loches\" \/>\n<meta name=\"twitter:card\" content=\"summary_large_image\" \/>\n<meta name=\"twitter:label1\" content=\"Est. reading time\" \/>\n\t<meta name=\"twitter:data1\" content=\"1 minute\" \/>\n<script type=\"application\/ld+json\" class=\"yoast-schema-graph\">{\"@context\":\"https:\\\/\\\/schema.org\",\"@graph\":[{\"@type\":\"WebPage\",\"@id\":\"https:\\\/\\\/citeroyaleloches.fr\\\/en\\\/activites-pedagogiques\\\/visites-guidees-thematiques\",\"url\":\"https:\\\/\\\/citeroyaleloches.fr\\\/en\\\/activites-pedagogiques\\\/visites-guidees-thematiques\",\"name\":\"Visites guid\u00e9es th\u00e9matiques - Cit\u00e9 Royale de Loches\",\"isPartOf\":{\"@id\":\"https:\\\/\\\/citeroyaleloches.fr\\\/#website\"},\"datePublished\":\"2018-05-04T16:07:54+00:00\",\"breadcrumb\":{\"@id\":\"https:\\\/\\\/citeroyaleloches.fr\\\/en\\\/activites-pedagogiques\\\/visites-guidees-thematiques#breadcrumb\"},\"inLanguage\":\"en-US\",\"potentialAction\":[{\"@type\":\"ReadAction\",\"target\":[\"https:\\\/\\\/citeroyaleloches.fr\\\/en\\\/activites-pedagogiques\\\/visites-guidees-thematiques\"]}]},{\"@type\":\"BreadcrumbList\",\"@id\":\"https:\\\/\\\/citeroyaleloches.fr\\\/en\\\/activites-pedagogiques\\\/visites-guidees-thematiques#breadcrumb\",\"itemListElement\":[{\"@type\":\"ListItem\",\"position\":1,\"name\":\"Accueil\",\"item\":\"https:\\\/\\\/citeroyaleloches.fr\\\/en\"},{\"@type\":\"ListItem\",\"position\":2,\"name\":\"Activit\u00e9s p\u00e9dagogiques\",\"item\":\"https:\\\/\\\/citeroyaleloches.fr\\\/en\\\/activites-pedagogiques\"},{\"@type\":\"ListItem\",\"position\":3,\"name\":\"Visites guid\u00e9es th\u00e9matiques\"}]},{\"@type\":\"WebSite\",\"@id\":\"https:\\\/\\\/citeroyaleloches.fr\\\/#website\",\"url\":\"https:\\\/\\\/citeroyaleloches.fr\\\/\",\"name\":\"Cit\u00e9 Royale de Loches\",\"description\":\"\",\"potentialAction\":[{\"@type\":\"SearchAction\",\"target\":{\"@type\":\"EntryPoint\",\"urlTemplate\":\"https:\\\/\\\/citeroyaleloches.fr\\\/?s={search_term_string}\"},\"query-input\":{\"@type\":\"PropertyValueSpecification\",\"valueRequired\":true,\"valueName\":\"search_term_string\"}}],\"inLanguage\":\"en-US\"}]}<\/script>\n<!-- \/ Yoast SEO plugin. -->","yoast_head_json":{"title":"Visites guid\u00e9es th\u00e9matiques - Cit\u00e9 Royale de Loches","robots":{"index":"index","follow":"follow","max-snippet":"max-snippet:-1","max-image-preview":"max-image-preview:large","max-video-preview":"max-video-preview:-1"},"canonical":"https:\/\/citeroyaleloches.fr\/en\/activites-pedagogiques\/visites-guidees-thematiques","og_locale":"en_US","og_type":"article","og_title":"Visites guid\u00e9es th\u00e9matiques - Cit\u00e9 Royale de Loches","og_description":"&nbsp; De la forteresse m\u00e9di\u00e9vale \u00e0 la prison royale (XIe-XVe si\u00e8cles) Public : primaire, coll\u00e8ge, lyc\u00e9e Dur\u00e9e : 0h45 D\u00e9couverte des \u00e9l\u00e9ments d\u00e9fensifs de la forteresse. Tarif : 1,50 [&hellip;]","og_url":"https:\/\/citeroyaleloches.fr\/en\/activites-pedagogiques\/visites-guidees-thematiques","og_site_name":"Cit\u00e9 Royale de Loches","twitter_card":"summary_large_image","twitter_misc":{"Est. reading time":"1 minute"},"schema":{"@context":"https:\/\/schema.org","@graph":[{"@type":"WebPage","@id":"https:\/\/citeroyaleloches.fr\/en\/activites-pedagogiques\/visites-guidees-thematiques","url":"https:\/\/citeroyaleloches.fr\/en\/activites-pedagogiques\/visites-guidees-thematiques","name":"Visites guid\u00e9es th\u00e9matiques - Cit\u00e9 Royale de Loches","isPartOf":{"@id":"https:\/\/citeroyaleloches.fr\/#website"},"datePublished":"2018-05-04T16:07:54+00:00","breadcrumb":{"@id":"https:\/\/citeroyaleloches.fr\/en\/activites-pedagogiques\/visites-guidees-thematiques#breadcrumb"},"inLanguage":"en-US","potentialAction":[{"@type":"ReadAction","target":["https:\/\/citeroyaleloches.fr\/en\/activites-pedagogiques\/visites-guidees-thematiques"]}]},{"@type":"BreadcrumbList","@id":"https:\/\/citeroyaleloches.fr\/en\/activites-pedagogiques\/visites-guidees-thematiques#breadcrumb","itemListElement":[{"@type":"ListItem","position":1,"name":"Accueil","item":"https:\/\/citeroyaleloches.fr\/en"},{"@type":"ListItem","position":2,"name":"Activit\u00e9s p\u00e9dagogiques","item":"https:\/\/citeroyaleloches.fr\/en\/activites-pedagogiques"},{"@type":"ListItem","position":3,"name":"Visites guid\u00e9es th\u00e9matiques"}]},{"@type":"WebSite","@id":"https:\/\/citeroyaleloches.fr\/#website","url":"https:\/\/citeroyaleloches.fr\/","name":"Cit\u00e9 Royale de Loches","description":"","potentialAction":[{"@type":"SearchAction","target":{"@type":"EntryPoint","urlTemplate":"https:\/\/citeroyaleloches.fr\/?s={search_term_string}"},"query-input":{"@type":"PropertyValueSpecification","valueRequired":true,"valueName":"search_term_string"}}],"inLanguage":"en-US"}]}},"_links":{"self":[{"href":"https:\/\/citeroyaleloches.fr\/en\/wp-json\/wp\/v2\/pages\/1803","targetHints":{"allow":["GET"]}}],"collection":[{"href":"https:\/\/citeroyaleloches.fr\/en\/wp-json\/wp\/v2\/pages"}],"about":[{"href":"https:\/\/citeroyaleloches.fr\/en\/wp-json\/wp\/v2\/types\/page"}],"author":[{"embeddable":true,"href":"https:\/\/citeroyaleloches.fr\/en\/wp-json\/wp\/v2\/users\/4"}],"replies":[{"embeddable":true,"href":"https:\/\/citeroyaleloches.fr\/en\/wp-json\/wp\/v2\/comments?post=1803"}],"version-history":[{"count":0,"href":"https:\/\/citeroyaleloches.fr\/en\/wp-json\/wp\/v2\/pages\/1803\/revisions"}],"up":[{"embeddable":true,"href":"https:\/\/citeroyaleloches.fr\/en\/wp-json\/wp\/v2\/pages\/1800"}],"wp:attachment":[{"href":"https:\/\/citeroyaleloches.fr\/en\/wp-json\/wp\/v2\/media?parent=1803"}],"curies":[{"name":"wp","href":"https:\/\/api.w.org\/{rel}","templated":true}]}}