{"id":1802,"date":"2018-05-04T18:00:16","date_gmt":"2018-05-04T16:00:16","guid":{"rendered":"https:\/\/citeroyaleloches.fr\/activites-pedagogiques\/visites-guidees"},"modified":"2018-05-04T18:00:16","modified_gmt":"2018-05-04T16:00:16","slug":"visites-guidees","status":"publish","type":"page","link":"https:\/\/citeroyaleloches.fr\/en\/activites-pedagogiques\/visites-guidees","title":{"rendered":"Visites guid\u00e9es g\u00e9n\u00e9rales"},"content":{"rendered":"<div id=\"pl-1802\"  class=\"panel-layout\" ><div id=\"pg-1802-0\"  class=\"panel-grid panel-no-style\" ><div id=\"pgc-1802-0-0\"  class=\"panel-grid-cell\" ><div id=\"panel-1802-0-0-0\" class=\"so-panel widget widget_sow-editor panel-first-child panel-last-child\" data-index=\"0\" ><div\n\t\t\t\n\t\t\tclass=\"so-widget-sow-editor so-widget-sow-editor-base\"\n\t\t\t\n\t\t>\n<div class=\"siteorigin-widget-tinymce textwidget\">\n\t<p>&nbsp;<\/p>\n<p>L'occasion pour les plus petits de d\u00e9couvrir le fonctionnement d'un donjon. Ou pour les plus grands, d'\u00e9voquer la p\u00e9riode de Charles VII \u00e0 Louis XII.<\/p>\n<\/div>\n<\/div><\/div><\/div><\/div><div id=\"pg-1802-1\"  class=\"panel-grid panel-has-style\" ><div class=\"panel-row-style panel-row-style-for-1802-1\" ><div id=\"pgc-1802-1-0\"  class=\"panel-grid-cell\" ><div id=\"panel-1802-1-0-0\" class=\"so-panel widget widget_sow-editor panel-first-child panel-last-child\" data-index=\"1\" ><div\n\t\t\t\n\t\t\tclass=\"so-widget-sow-editor so-widget-sow-editor-base\"\n\t\t\t\n\t\t>\n<div class=\"siteorigin-widget-tinymce textwidget\">\n\t<h2>De la forteresse \u00e0 la prison royale, XIe XVe si\u00e8cles<\/h2>\n<p><strong>Public :<\/strong> primaire, coll\u00e8ge, lyc\u00e9e<br \/>\n<strong>Dur\u00e9e :<\/strong> 0h45<br \/>\nD\u00e9couverte d'une des plus importantes forteresses m\u00e9di\u00e9vales d'Europe, qui devint une prison royale de premier plan sur ordre de Louis XI.<br \/>\n<strong>Tarif<\/strong> : 1,50 \u20ac\/\u00e9l\u00e8ve, 1 accompagnateur gratuit pour 10 enfants<\/p>\n<h2>Un logis royal \u00e0 l\u2019aube de la Renaissance<\/h2>\n<p><strong>Public :<\/strong> primaire, coll\u00e8ge, lyc\u00e9e<br \/>\n<strong>Dur\u00e9e :<\/strong> 1h00<br \/>\n<span style=\"font-size: 1em;\">\u00c9vocation de la vie politique, artistique et quotidienne de Charles VII \u00e0 Louis XII, influence des femmes c\u00e9l\u00e8bres (Jeanne d\u2019Arc, Agn\u00e8s Sorel et Anne de Bretagne).<br \/>\n<strong>Tarif<\/strong> : 1,50 \u20ac\/\u00e9l\u00e8ve, 1 accompagnateur gratuit pour 10 enfants<\/span><\/p>\n<\/div>\n<\/div><\/div><\/div><div id=\"pgc-1802-1-1\"  class=\"panel-grid-cell\" ><div id=\"panel-1802-1-1-0\" class=\"so-panel widget widget_sow-image panel-first-child\" data-index=\"2\" ><div\n\t\t\t\n\t\t\tclass=\"so-widget-sow-image so-widget-sow-image-default-8b5b6f678277-1802\"\n\t\t\t\n\t\t>\n<div class=\"sow-image-container\">\n\t\t<img \n\tsrc=\"https:\/\/citeroyaleloches.fr\/wp-content\/uploads\/2018\/05\/Histoire_vignette1.jpg\" width=\"690\" height=\"506\" srcset=\"https:\/\/citeroyaleloches.fr\/wp-content\/uploads\/2018\/05\/Histoire_vignette1.jpg 690w, https:\/\/citeroyaleloches.fr\/wp-content\/uploads\/2018\/05\/Histoire_vignette1-300x220.jpg 300w\" sizes=\"(max-width: 690px) 100vw, 690px\" alt=\"\" \t\tclass=\"so-widget-image\"\/>\n\t<\/div>\n\n<\/div><\/div><div id=\"panel-1802-1-1-1\" class=\"so-panel widget widget_sow-image panel-last-child\" data-index=\"3\" ><div\n\t\t\t\n\t\t\tclass=\"so-widget-sow-image so-widget-sow-image-default-8b5b6f678277-1802\"\n\t\t\t\n\t\t><\/div><\/div><\/div><\/div><\/div><div id=\"pg-1802-2\"  class=\"panel-grid panel-no-style\" ><div id=\"pgc-1802-2-0\"  class=\"panel-grid-cell panel-grid-cell-empty\" ><\/div><\/div><\/div>","protected":false},"excerpt":{"rendered":"<p>&nbsp; L&#8217;occasion pour les plus petits de d\u00e9couvrir le fonctionnement d&#8217;un donjon. Ou pour les plus grands, d&#8217;\u00e9voquer la p\u00e9riode de Charles VII \u00e0 Louis XII. De la forteresse [&hellip;]<\/p>\n","protected":false},"author":4,"featured_media":0,"parent":1800,"menu_order":0,"comment_status":"closed","ping_status":"closed","template":"","meta":{"footnotes":""},"class_list":["post-1802","page","type-page","status-publish","hentry"],"yoast_head":"<!-- This site is optimized with the Yoast SEO plugin v27.3 - https:\/\/yoast.com\/product\/yoast-seo-wordpress\/ -->\n<title>Visites guid\u00e9es g\u00e9n\u00e9rales - Cit\u00e9 Royale de Loches<\/title>\n<meta name=\"robots\" content=\"index, follow, max-snippet:-1, max-image-preview:large, max-video-preview:-1\" \/>\n<link rel=\"canonical\" href=\"https:\/\/citeroyaleloches.fr\/en\/activites-pedagogiques\/visites-guidees\" \/>\n<meta property=\"og:locale\" content=\"en_US\" \/>\n<meta property=\"og:type\" content=\"article\" \/>\n<meta property=\"og:title\" content=\"Visites guid\u00e9es g\u00e9n\u00e9rales - Cit\u00e9 Royale de Loches\" \/>\n<meta property=\"og:description\" content=\"&nbsp; L&#039;occasion pour les plus petits de d\u00e9couvrir le fonctionnement d&#039;un donjon. Ou pour les plus grands, d&#039;\u00e9voquer la p\u00e9riode de Charles VII \u00e0 Louis XII. De la forteresse [&hellip;]\" \/>\n<meta property=\"og:url\" content=\"https:\/\/citeroyaleloches.fr\/en\/activites-pedagogiques\/visites-guidees\" \/>\n<meta property=\"og:site_name\" content=\"Cit\u00e9 Royale de Loches\" \/>\n<meta name=\"twitter:card\" content=\"summary_large_image\" \/>\n<meta name=\"twitter:label1\" content=\"Est. reading time\" \/>\n\t<meta name=\"twitter:data1\" content=\"1 minute\" \/>\n<script type=\"application\/ld+json\" class=\"yoast-schema-graph\">{\"@context\":\"https:\\\/\\\/schema.org\",\"@graph\":[{\"@type\":\"WebPage\",\"@id\":\"https:\\\/\\\/citeroyaleloches.fr\\\/en\\\/activites-pedagogiques\\\/visites-guidees\",\"url\":\"https:\\\/\\\/citeroyaleloches.fr\\\/en\\\/activites-pedagogiques\\\/visites-guidees\",\"name\":\"Visites guid\u00e9es g\u00e9n\u00e9rales - Cit\u00e9 Royale de Loches\",\"isPartOf\":{\"@id\":\"https:\\\/\\\/citeroyaleloches.fr\\\/#website\"},\"datePublished\":\"2018-05-04T16:00:16+00:00\",\"breadcrumb\":{\"@id\":\"https:\\\/\\\/citeroyaleloches.fr\\\/en\\\/activites-pedagogiques\\\/visites-guidees#breadcrumb\"},\"inLanguage\":\"en-US\",\"potentialAction\":[{\"@type\":\"ReadAction\",\"target\":[\"https:\\\/\\\/citeroyaleloches.fr\\\/en\\\/activites-pedagogiques\\\/visites-guidees\"]}]},{\"@type\":\"BreadcrumbList\",\"@id\":\"https:\\\/\\\/citeroyaleloches.fr\\\/en\\\/activites-pedagogiques\\\/visites-guidees#breadcrumb\",\"itemListElement\":[{\"@type\":\"ListItem\",\"position\":1,\"name\":\"Accueil\",\"item\":\"https:\\\/\\\/citeroyaleloches.fr\\\/en\"},{\"@type\":\"ListItem\",\"position\":2,\"name\":\"Activit\u00e9s p\u00e9dagogiques\",\"item\":\"https:\\\/\\\/citeroyaleloches.fr\\\/en\\\/activites-pedagogiques\"},{\"@type\":\"ListItem\",\"position\":3,\"name\":\"Visites guid\u00e9es g\u00e9n\u00e9rales\"}]},{\"@type\":\"WebSite\",\"@id\":\"https:\\\/\\\/citeroyaleloches.fr\\\/#website\",\"url\":\"https:\\\/\\\/citeroyaleloches.fr\\\/\",\"name\":\"Cit\u00e9 Royale de Loches\",\"description\":\"\",\"potentialAction\":[{\"@type\":\"SearchAction\",\"target\":{\"@type\":\"EntryPoint\",\"urlTemplate\":\"https:\\\/\\\/citeroyaleloches.fr\\\/?s={search_term_string}\"},\"query-input\":{\"@type\":\"PropertyValueSpecification\",\"valueRequired\":true,\"valueName\":\"search_term_string\"}}],\"inLanguage\":\"en-US\"}]}<\/script>\n<!-- \/ Yoast SEO plugin. -->","yoast_head_json":{"title":"Visites guid\u00e9es g\u00e9n\u00e9rales - Cit\u00e9 Royale de Loches","robots":{"index":"index","follow":"follow","max-snippet":"max-snippet:-1","max-image-preview":"max-image-preview:large","max-video-preview":"max-video-preview:-1"},"canonical":"https:\/\/citeroyaleloches.fr\/en\/activites-pedagogiques\/visites-guidees","og_locale":"en_US","og_type":"article","og_title":"Visites guid\u00e9es g\u00e9n\u00e9rales - Cit\u00e9 Royale de Loches","og_description":"&nbsp; L'occasion pour les plus petits de d\u00e9couvrir le fonctionnement d'un donjon. Ou pour les plus grands, d'\u00e9voquer la p\u00e9riode de Charles VII \u00e0 Louis XII. De la forteresse [&hellip;]","og_url":"https:\/\/citeroyaleloches.fr\/en\/activites-pedagogiques\/visites-guidees","og_site_name":"Cit\u00e9 Royale de Loches","twitter_card":"summary_large_image","twitter_misc":{"Est. reading time":"1 minute"},"schema":{"@context":"https:\/\/schema.org","@graph":[{"@type":"WebPage","@id":"https:\/\/citeroyaleloches.fr\/en\/activites-pedagogiques\/visites-guidees","url":"https:\/\/citeroyaleloches.fr\/en\/activites-pedagogiques\/visites-guidees","name":"Visites guid\u00e9es g\u00e9n\u00e9rales - Cit\u00e9 Royale de Loches","isPartOf":{"@id":"https:\/\/citeroyaleloches.fr\/#website"},"datePublished":"2018-05-04T16:00:16+00:00","breadcrumb":{"@id":"https:\/\/citeroyaleloches.fr\/en\/activites-pedagogiques\/visites-guidees#breadcrumb"},"inLanguage":"en-US","potentialAction":[{"@type":"ReadAction","target":["https:\/\/citeroyaleloches.fr\/en\/activites-pedagogiques\/visites-guidees"]}]},{"@type":"BreadcrumbList","@id":"https:\/\/citeroyaleloches.fr\/en\/activites-pedagogiques\/visites-guidees#breadcrumb","itemListElement":[{"@type":"ListItem","position":1,"name":"Accueil","item":"https:\/\/citeroyaleloches.fr\/en"},{"@type":"ListItem","position":2,"name":"Activit\u00e9s p\u00e9dagogiques","item":"https:\/\/citeroyaleloches.fr\/en\/activites-pedagogiques"},{"@type":"ListItem","position":3,"name":"Visites guid\u00e9es g\u00e9n\u00e9rales"}]},{"@type":"WebSite","@id":"https:\/\/citeroyaleloches.fr\/#website","url":"https:\/\/citeroyaleloches.fr\/","name":"Cit\u00e9 Royale de Loches","description":"","potentialAction":[{"@type":"SearchAction","target":{"@type":"EntryPoint","urlTemplate":"https:\/\/citeroyaleloches.fr\/?s={search_term_string}"},"query-input":{"@type":"PropertyValueSpecification","valueRequired":true,"valueName":"search_term_string"}}],"inLanguage":"en-US"}]}},"_links":{"self":[{"href":"https:\/\/citeroyaleloches.fr\/en\/wp-json\/wp\/v2\/pages\/1802","targetHints":{"allow":["GET"]}}],"collection":[{"href":"https:\/\/citeroyaleloches.fr\/en\/wp-json\/wp\/v2\/pages"}],"about":[{"href":"https:\/\/citeroyaleloches.fr\/en\/wp-json\/wp\/v2\/types\/page"}],"author":[{"embeddable":true,"href":"https:\/\/citeroyaleloches.fr\/en\/wp-json\/wp\/v2\/users\/4"}],"replies":[{"embeddable":true,"href":"https:\/\/citeroyaleloches.fr\/en\/wp-json\/wp\/v2\/comments?post=1802"}],"version-history":[{"count":0,"href":"https:\/\/citeroyaleloches.fr\/en\/wp-json\/wp\/v2\/pages\/1802\/revisions"}],"up":[{"embeddable":true,"href":"https:\/\/citeroyaleloches.fr\/en\/wp-json\/wp\/v2\/pages\/1800"}],"wp:attachment":[{"href":"https:\/\/citeroyaleloches.fr\/en\/wp-json\/wp\/v2\/media?parent=1802"}],"curies":[{"name":"wp","href":"https:\/\/api.w.org\/{rel}","templated":true}]}}