{"id":1801,"date":"2018-05-04T18:24:13","date_gmt":"2018-05-04T16:24:13","guid":{"rendered":"https:\/\/citeroyaleloches.fr\/activites-pedagogiques\/ateliers"},"modified":"2018-05-04T18:24:13","modified_gmt":"2018-05-04T16:24:13","slug":"ateliers","status":"publish","type":"page","link":"https:\/\/citeroyaleloches.fr\/en\/activites-pedagogiques\/ateliers","title":{"rendered":"Ateliers"},"content":{"rendered":"<div id=\"pl-1801\"  class=\"panel-layout\" ><div id=\"pg-1801-0\"  class=\"panel-grid panel-no-style\" ><div id=\"pgc-1801-0-0\"  class=\"panel-grid-cell\" ><div id=\"panel-1801-0-0-0\" class=\"so-panel widget widget_sow-editor panel-first-child panel-last-child\" data-index=\"0\" ><div\n\t\t\t\n\t\t\tclass=\"so-widget-sow-editor so-widget-sow-editor-base\"\n\t\t\t\n\t\t>\n<div class=\"siteorigin-widget-tinymce textwidget\">\n\t<h2>Ateliers au donjon et au logis royal<\/h2>\n<h3><strong>Le chevalier et son armure<\/strong><\/h3>\n<p style=\"text-align: justify;\">Comprendre de fa\u00e7on ludique la formation et la vie quotidienne d\u2019un chevalier au Moyen-\u00c2ge. D\u00e9couverte et manipulation des diff\u00e9rents \u00e9l\u00e9ments d\u2019une armure.<br \/>\n<strong>Public :<\/strong> Primaires et 5<sup>\u00e8me<\/sup><br \/>\n<strong>Dur\u00e9e :<\/strong> 1h00<br \/>\n<strong>Tarif<\/strong> : 4,00 \u20ac\/\u00e9l\u00e8ve (inclut le droit d'entr\u00e9e), 1 accompagnateur gratuit pour 10 enfants<\/p>\n<p>&nbsp;<\/p>\n<p>&nbsp;<\/p>\n<\/div>\n<\/div><\/div><\/div><\/div><div id=\"pg-1801-1\"  class=\"panel-grid panel-no-style\" ><div id=\"pgc-1801-1-0\"  class=\"panel-grid-cell\" ><div id=\"panel-1801-1-0-0\" class=\"so-panel widget widget_sow-editor panel-first-child panel-last-child\" data-index=\"1\" ><div\n\t\t\t\n\t\t\tclass=\"so-widget-sow-editor so-widget-sow-editor-base\"\n\t\t\t\n\t\t>\n<div class=\"siteorigin-widget-tinymce textwidget\">\n\t<h3 style=\"text-align: justify;\"><strong>L'ART DE B\u00c2TIR AU MOYEN-AGE\u00a0<\/strong><\/h3>\n<p style=\"text-align: justify;\">Atelier autour de la construction m\u00e9di\u00e9vale. Les enfants comprennent l'organisation d'un chantier au Moyen-\u00c2ge, et notamment le montage des vo\u00fbtes, romane ou gothique, \u00e0 l'aide de maquettes de bois. Ils montent eux-m\u00eames les vo\u00fbtes en petits groupes. Atelier r\u00e9alisable au donjon ou au logis royal.<br \/>\n<strong>Public :<\/strong> Cycle 2 \u00e0 4<br \/>\n<strong>Dur\u00e9e :<\/strong> 1h00<br \/>\n<strong>Tarif<\/strong> : 4,00 \u20ac\/\u00e9l\u00e8ve (inclut le droit d'entr\u00e9e), 1 accompagnateur gratuit pour 10 enfants<\/p>\n<p style=\"text-align: justify;\"><a class=\"btn\" href=\"https:\/\/citeroyaleloches.fr\/wp-content\/uploads\/2018\/05\/fiche_presentation_atelier_art_de_batir_cycles_2_3_v2018.pdf\" target=\"_blank\" rel=\"noopener\">A t\u00e9l\u00e9charger<br \/>\ncycles 2 et 3\u00a0\u00a0 <\/a>\u00a0\u00a0\u00a0\u00a0\u00a0\u00a0<a class=\"btn\" href=\"https:\/\/citeroyaleloches.fr\/wp-content\/uploads\/2018\/05\/fiche_presentation_atelier_art_de_batir_cycle_4_v2018.pdf\" target=\"_blank\" rel=\"noopener\">A t\u00e9l\u00e9charger<br \/>\ncycle 4<\/a><\/p>\n<\/div>\n<\/div><\/div><\/div><div id=\"pgc-1801-1-1\"  class=\"panel-grid-cell\" ><div id=\"panel-1801-1-1-0\" class=\"so-panel widget widget_sow-image panel-first-child panel-last-child\" data-index=\"2\" ><div\n\t\t\t\n\t\t\tclass=\"so-widget-sow-image so-widget-sow-image-default-113ccd71f3e6-1801\"\n\t\t\t\n\t\t>\n<div class=\"sow-image-container\">\n\t\t<img \n\tsrc=\"https:\/\/citeroyaleloches.fr\/wp-content\/uploads\/2023\/01\/IMG_2314.jpeg\" width=\"2048\" height=\"1536\" srcset=\"https:\/\/citeroyaleloches.fr\/wp-content\/uploads\/2023\/01\/IMG_2314.jpeg 2048w, https:\/\/citeroyaleloches.fr\/wp-content\/uploads\/2023\/01\/IMG_2314-300x225.jpeg 300w, https:\/\/citeroyaleloches.fr\/wp-content\/uploads\/2023\/01\/IMG_2314-1024x768.jpeg 1024w\" sizes=\"(max-width: 2048px) 100vw, 2048px\" title=\"\ud83d\udcf7 N. M\u00e9meteau \/ CD37\" alt=\"\" \t\tclass=\"so-widget-image\"\/>\n\t<\/div>\n\n<div class=\"widget-title\">\ud83d\udcf7 N. M\u00e9meteau \/ CD37<\/div><\/div><\/div><\/div><\/div><div id=\"pg-1801-2\"  class=\"panel-grid panel-has-style\" ><div class=\"panel-row-style panel-row-style-for-1801-2\" ><div id=\"pgc-1801-2-0\"  class=\"panel-grid-cell\" ><div id=\"panel-1801-2-0-0\" class=\"so-panel widget widget_sow-editor panel-first-child\" data-index=\"3\" ><div\n\t\t\t\n\t\t\tclass=\"so-widget-sow-editor so-widget-sow-editor-base\"\n\t\t\t\n\t\t>\n<div class=\"siteorigin-widget-tinymce textwidget\">\n\t<h2>Ateliers au donjon<\/h2>\n<\/div>\n<\/div><\/div><div id=\"panel-1801-2-0-1\" class=\"so-panel widget widget_sow-editor\" data-index=\"4\" ><div\n\t\t\t\n\t\t\tclass=\"so-widget-sow-editor so-widget-sow-editor-base\"\n\t\t\t\n\t\t>\n<div class=\"siteorigin-widget-tinymce textwidget\">\n\t<h3><strong>Le jardin des maternelles<\/strong><\/h3>\n<p><strong>Atelier uniquement d'avril \u00e0 septembre<\/strong><br \/>\nPr\u00e9sentation du jardin, tressage de plessis, reconnaissance des plantes, rempotage.<br \/>\n<strong>Public :<\/strong> Maternelles (Grandes sections) et CP<br \/>\n<strong>Dur\u00e9e :<\/strong> 1h00<br \/>\n<strong>Tarif<\/strong> : 4,00 \u20ac\/\u00e9l\u00e8ve (inclut le droit d'entr\u00e9e), 1 accompagnateur gratuit pour 10 enfants<\/p>\n<\/div>\n<\/div><\/div><div id=\"panel-1801-2-0-2\" class=\"so-panel widget widget_sow-editor\" data-index=\"5\" ><div\n\t\t\t\n\t\t\tclass=\"so-widget-sow-editor so-widget-sow-editor-base\"\n\t\t\t\n\t\t>\n<div class=\"siteorigin-widget-tinymce textwidget\">\n\t<h2>Ateliers au logis royal<\/h2>\n<h3>La vie quotidienne dans un ch\u00e2teau au moyen-\u00e2ge<\/h3>\n<p>D\u00e9couvrez la vie quotidienne d'un seigneur dans un grand ch\u00e2teau de la Loire : grandes audiences, banquet, tapisserie, \u0153uvres d'art... Les enfants participent \u00e0 la vie de ch\u00e2teau !<br \/>\n<strong>Public<\/strong> : Cycles 1 \u00e0 4 (de la grande section de maternelle \u00e0 la 5<sup>\u00e8me<\/sup>)<br \/>\n<strong>Dur\u00e9e<\/strong> : 1h00<br \/>\n<strong>Tarif<\/strong> : 4,00 \u20ac\/\u00e9l\u00e8ve (inclut le droit d'entr\u00e9e), 1 accompagnateur gratuit pour 10 enfants<\/p>\n<h3><strong>Initiation \u00e0 la musique de la Renaissance<\/strong><\/h3>\n<p>Sensibilisation \u00e0 la musique de la Renaissance \u00e0 travers l\u2019observation de la tapisserie <em>Musica<\/em> et l\u2019\u00e9coute de fragments musicaux. Les enfants seront musiciens, chanteurs et danseurs.<br \/>\n<strong>Public :<\/strong> Maternelles (Grande section) et primaires (max 20 \u00e9l\u00e8ves)<br \/>\n<span style=\"font-size: 1em;\"><strong>Dur\u00e9e :<\/strong> 1h20<br \/>\n<strong>Tarif<\/strong> : 4,00 \u20ac\/\u00e9l\u00e8ve (inclut le droit d'entr\u00e9e), 1 accompagnateur gratuit pour 10 enfants<br \/>\n<\/span><span style=\"font-size: 1em;\">La fiche d\u2019activit\u00e9 cycle 4 permet aux \u00e9l\u00e8ves (public d\u00e9sign\u00e9 : 5\u00e8me) de d\u00e9couvrir la musique de la Renaissance \u00e0 travers l\u2019\u00e9tude de la tapisserie Musica conserv\u00e9e \u00e0 la Cit\u00e9 Royale de Loches (logis royal). Elle est transdisciplinaire (\u00e9ducation musicale-histoire) et peut \u00eatre propos\u00e9e dans diff\u00e9rents projets ; par ex. en classe dans le cadre d\u2019une \u00e9tude Hida, d\u2019un \u00c9pi Culture et cr\u00e9ation artistique ou encore dans un PEAC.<br \/>\n<\/span><\/p>\n<p><a class=\"btn\" href=\"https:\/\/citeroyaleloches.fr\/wp-content\/uploads\/2018\/05\/Musica-Fiche-activite-compres.pdf\" target=\"_blank\" rel=\"noopener\">T\u00e9l\u00e9charger<br \/>\nla fiche d'activit\u00e9\u00a0 \u00a0<\/a>\u00a0 \u00a0 \u00a0 \u00a0 <a class=\"btn\" href=\"https:\/\/citeroyaleloches.fr\/wp-content\/uploads\/2018\/05\/Livret-enseignant-Musica.pdf\" target=\"_blank\" rel=\"noopener\">T\u00e9l\u00e9charger<br \/>\nle livret enseignant<\/a>\u00a0 \u00a0 \u00a0 \u00a0 <a class=\"btn\" href=\"https:\/\/citeroyaleloches.fr\/wp-content\/uploads\/2018\/05\/prez_atelier_musica_v2018.pdf\" target=\"_blank\" rel=\"noopener\">T\u00e9l\u00e9charger<br \/>\nla fiche atelier<\/a><\/p>\n<p>&nbsp;<\/p>\n<\/div>\n<\/div><\/div><div id=\"panel-1801-2-0-3\" class=\"so-panel widget widget_sow-editor\" data-index=\"6\" ><div\n\t\t\t\n\t\t\tclass=\"so-widget-sow-editor so-widget-sow-editor-base\"\n\t\t\t\n\t\t>\n<div class=\"siteorigin-widget-tinymce textwidget\">\n\t<h4>Une offre compl\u00e8te dans tous les monuments du Conseil D\u00e9partemental d'Indre-et-Loire<\/h4>\n<p>Les 7 monuments, propri\u00e9t\u00e9s du <a href=\"http:\/\/www.touraine.fr\" target=\"_blank\" rel=\"noopener\">Conseil D\u00e9partemental<\/a> proposent une offre \u00e9ducative et culturelle compl\u00e8te dans tous ses monuments, ch\u00e2teaux, mus\u00e9es ou maisons d'\u00e9crivains. Cliquez sur l'image pour d\u00e9couvrir toutes les prestations et n'h\u00e9sitez pas \u00e0 vous renseigner directement aupr\u00e8s des sites concern\u00e9s.<\/p>\n<\/div>\n<\/div><\/div><div id=\"panel-1801-2-0-4\" class=\"so-panel widget widget_sow-image panel-last-child\" data-index=\"7\" ><div\n\t\t\t\n\t\t\tclass=\"so-widget-sow-image so-widget-sow-image-default-c67d20f9f743-1801\"\n\t\t\t\n\t\t>\n<div class=\"sow-image-container\">\n\t\t\t<a href=\"https:\/\/citeroyaleloches.fr\/wp-content\/uploads\/2025\/06\/DECOUVERTES_brochure2025.pdf\"\n\t\t\ttarget=\"_blank\" rel=\"noopener noreferrer\" \t\t>\n\t\t\t<img \n\tsrc=\"https:\/\/citeroyaleloches.fr\/wp-content\/uploads\/2025\/06\/decouvertes_2025-207x300.jpg\" width=\"207\" height=\"300\" srcset=\"https:\/\/citeroyaleloches.fr\/wp-content\/uploads\/2025\/06\/decouvertes_2025-207x300.jpg 207w, https:\/\/citeroyaleloches.fr\/wp-content\/uploads\/2025\/06\/decouvertes_2025.jpg 458w\" sizes=\"(max-width: 207px) 100vw, 207px\" alt=\"\" \t\tclass=\"so-widget-image\"\/>\n\t\t\t<\/a><\/div>\n\n<\/div><\/div><\/div><\/div><\/div><\/div>","protected":false},"excerpt":{"rendered":"<p>Ateliers au donjon et au logis royal Le chevalier et son armure Comprendre de fa\u00e7on ludique la formation et la vie quotidienne d\u2019un chevalier au Moyen-\u00c2ge. D\u00e9couverte et manipulation [&hellip;]<\/p>\n","protected":false},"author":4,"featured_media":0,"parent":1800,"menu_order":0,"comment_status":"closed","ping_status":"closed","template":"","meta":{"footnotes":""},"class_list":["post-1801","page","type-page","status-publish","hentry"],"yoast_head":"<!-- This site is optimized with the Yoast SEO plugin v27.3 - https:\/\/yoast.com\/product\/yoast-seo-wordpress\/ -->\n<title>Ateliers - Cit\u00e9 Royale de Loches<\/title>\n<meta name=\"robots\" content=\"index, follow, max-snippet:-1, max-image-preview:large, max-video-preview:-1\" \/>\n<link rel=\"canonical\" href=\"https:\/\/citeroyaleloches.fr\/en\/activites-pedagogiques\/ateliers\" \/>\n<meta property=\"og:locale\" content=\"en_US\" \/>\n<meta property=\"og:type\" content=\"article\" \/>\n<meta property=\"og:title\" content=\"Ateliers - Cit\u00e9 Royale de Loches\" \/>\n<meta property=\"og:description\" content=\"Ateliers au donjon et au logis royal Le chevalier et son armure Comprendre de fa\u00e7on ludique la formation et la vie quotidienne d\u2019un chevalier au Moyen-\u00c2ge. D\u00e9couverte et manipulation [&hellip;]\" \/>\n<meta property=\"og:url\" content=\"https:\/\/citeroyaleloches.fr\/en\/activites-pedagogiques\/ateliers\" \/>\n<meta property=\"og:site_name\" content=\"Cit\u00e9 Royale de Loches\" \/>\n<meta name=\"twitter:card\" content=\"summary_large_image\" \/>\n<meta name=\"twitter:label1\" content=\"Est. reading time\" \/>\n\t<meta name=\"twitter:data1\" content=\"2 minutes\" \/>\n<script type=\"application\/ld+json\" class=\"yoast-schema-graph\">{\"@context\":\"https:\\\/\\\/schema.org\",\"@graph\":[{\"@type\":\"WebPage\",\"@id\":\"https:\\\/\\\/citeroyaleloches.fr\\\/en\\\/activites-pedagogiques\\\/ateliers\",\"url\":\"https:\\\/\\\/citeroyaleloches.fr\\\/en\\\/activites-pedagogiques\\\/ateliers\",\"name\":\"Ateliers - Cit\u00e9 Royale de Loches\",\"isPartOf\":{\"@id\":\"https:\\\/\\\/citeroyaleloches.fr\\\/#website\"},\"datePublished\":\"2018-05-04T16:24:13+00:00\",\"breadcrumb\":{\"@id\":\"https:\\\/\\\/citeroyaleloches.fr\\\/en\\\/activites-pedagogiques\\\/ateliers#breadcrumb\"},\"inLanguage\":\"en-US\",\"potentialAction\":[{\"@type\":\"ReadAction\",\"target\":[\"https:\\\/\\\/citeroyaleloches.fr\\\/en\\\/activites-pedagogiques\\\/ateliers\"]}]},{\"@type\":\"BreadcrumbList\",\"@id\":\"https:\\\/\\\/citeroyaleloches.fr\\\/en\\\/activites-pedagogiques\\\/ateliers#breadcrumb\",\"itemListElement\":[{\"@type\":\"ListItem\",\"position\":1,\"name\":\"Accueil\",\"item\":\"https:\\\/\\\/citeroyaleloches.fr\\\/en\"},{\"@type\":\"ListItem\",\"position\":2,\"name\":\"Activit\u00e9s p\u00e9dagogiques\",\"item\":\"https:\\\/\\\/citeroyaleloches.fr\\\/en\\\/activites-pedagogiques\"},{\"@type\":\"ListItem\",\"position\":3,\"name\":\"Ateliers\"}]},{\"@type\":\"WebSite\",\"@id\":\"https:\\\/\\\/citeroyaleloches.fr\\\/#website\",\"url\":\"https:\\\/\\\/citeroyaleloches.fr\\\/\",\"name\":\"Cit\u00e9 Royale de Loches\",\"description\":\"\",\"potentialAction\":[{\"@type\":\"SearchAction\",\"target\":{\"@type\":\"EntryPoint\",\"urlTemplate\":\"https:\\\/\\\/citeroyaleloches.fr\\\/?s={search_term_string}\"},\"query-input\":{\"@type\":\"PropertyValueSpecification\",\"valueRequired\":true,\"valueName\":\"search_term_string\"}}],\"inLanguage\":\"en-US\"}]}<\/script>\n<!-- \/ Yoast SEO plugin. -->","yoast_head_json":{"title":"Ateliers - Cit\u00e9 Royale de Loches","robots":{"index":"index","follow":"follow","max-snippet":"max-snippet:-1","max-image-preview":"max-image-preview:large","max-video-preview":"max-video-preview:-1"},"canonical":"https:\/\/citeroyaleloches.fr\/en\/activites-pedagogiques\/ateliers","og_locale":"en_US","og_type":"article","og_title":"Ateliers - Cit\u00e9 Royale de Loches","og_description":"Ateliers au donjon et au logis royal Le chevalier et son armure Comprendre de fa\u00e7on ludique la formation et la vie quotidienne d\u2019un chevalier au Moyen-\u00c2ge. D\u00e9couverte et manipulation [&hellip;]","og_url":"https:\/\/citeroyaleloches.fr\/en\/activites-pedagogiques\/ateliers","og_site_name":"Cit\u00e9 Royale de Loches","twitter_card":"summary_large_image","twitter_misc":{"Est. reading time":"2 minutes"},"schema":{"@context":"https:\/\/schema.org","@graph":[{"@type":"WebPage","@id":"https:\/\/citeroyaleloches.fr\/en\/activites-pedagogiques\/ateliers","url":"https:\/\/citeroyaleloches.fr\/en\/activites-pedagogiques\/ateliers","name":"Ateliers - Cit\u00e9 Royale de Loches","isPartOf":{"@id":"https:\/\/citeroyaleloches.fr\/#website"},"datePublished":"2018-05-04T16:24:13+00:00","breadcrumb":{"@id":"https:\/\/citeroyaleloches.fr\/en\/activites-pedagogiques\/ateliers#breadcrumb"},"inLanguage":"en-US","potentialAction":[{"@type":"ReadAction","target":["https:\/\/citeroyaleloches.fr\/en\/activites-pedagogiques\/ateliers"]}]},{"@type":"BreadcrumbList","@id":"https:\/\/citeroyaleloches.fr\/en\/activites-pedagogiques\/ateliers#breadcrumb","itemListElement":[{"@type":"ListItem","position":1,"name":"Accueil","item":"https:\/\/citeroyaleloches.fr\/en"},{"@type":"ListItem","position":2,"name":"Activit\u00e9s p\u00e9dagogiques","item":"https:\/\/citeroyaleloches.fr\/en\/activites-pedagogiques"},{"@type":"ListItem","position":3,"name":"Ateliers"}]},{"@type":"WebSite","@id":"https:\/\/citeroyaleloches.fr\/#website","url":"https:\/\/citeroyaleloches.fr\/","name":"Cit\u00e9 Royale de Loches","description":"","potentialAction":[{"@type":"SearchAction","target":{"@type":"EntryPoint","urlTemplate":"https:\/\/citeroyaleloches.fr\/?s={search_term_string}"},"query-input":{"@type":"PropertyValueSpecification","valueRequired":true,"valueName":"search_term_string"}}],"inLanguage":"en-US"}]}},"_links":{"self":[{"href":"https:\/\/citeroyaleloches.fr\/en\/wp-json\/wp\/v2\/pages\/1801","targetHints":{"allow":["GET"]}}],"collection":[{"href":"https:\/\/citeroyaleloches.fr\/en\/wp-json\/wp\/v2\/pages"}],"about":[{"href":"https:\/\/citeroyaleloches.fr\/en\/wp-json\/wp\/v2\/types\/page"}],"author":[{"embeddable":true,"href":"https:\/\/citeroyaleloches.fr\/en\/wp-json\/wp\/v2\/users\/4"}],"replies":[{"embeddable":true,"href":"https:\/\/citeroyaleloches.fr\/en\/wp-json\/wp\/v2\/comments?post=1801"}],"version-history":[{"count":0,"href":"https:\/\/citeroyaleloches.fr\/en\/wp-json\/wp\/v2\/pages\/1801\/revisions"}],"up":[{"embeddable":true,"href":"https:\/\/citeroyaleloches.fr\/en\/wp-json\/wp\/v2\/pages\/1800"}],"wp:attachment":[{"href":"https:\/\/citeroyaleloches.fr\/en\/wp-json\/wp\/v2\/media?parent=1801"}],"curies":[{"name":"wp","href":"https:\/\/api.w.org\/{rel}","templated":true}]}}