{"id":1800,"date":"2018-04-13T16:06:00","date_gmt":"2018-04-13T14:06:00","guid":{"rendered":"https:\/\/citeroyaleloches.fr\/activites-pedagogiques"},"modified":"2018-04-13T16:06:00","modified_gmt":"2018-04-13T14:06:00","slug":"activites-pedagogiques","status":"publish","type":"page","link":"https:\/\/citeroyaleloches.fr\/en\/activites-pedagogiques","title":{"rendered":"Activit\u00e9s p\u00e9dagogiques"},"content":{"rendered":"<div id=\"pl-1800\"  class=\"panel-layout\" ><div id=\"pg-1800-0\"  class=\"panel-grid panel-no-style\" ><div id=\"pgc-1800-0-0\"  class=\"panel-grid-cell\" ><div id=\"panel-1800-0-0-0\" class=\"so-panel widget widget_sow-editor panel-first-child panel-last-child\" data-index=\"0\" ><div\n\t\t\t\n\t\t\tclass=\"so-widget-sow-editor so-widget-sow-editor-base\"\n\t\t\t\n\t\t>\n<div class=\"siteorigin-widget-tinymce textwidget\">\n\t<p>&nbsp;<\/p>\n<p style=\"text-align: justify;\">La Cit\u00e9 royale de Loches propose de nombreuses visites permettant aux scolaires de d\u00e9couvrir un monument historique unique. Plusieurs modules sont propos\u00e9s en fonction des classes et des attentes des groupes scolaires. L'acc\u00e8s au site, sans m\u00e9diation, est aussi possible, d\u00e8s le CP, pour 1,50 \u20ac \/ \u00e9l\u00e8ve et 1 accompagnant gratuit pour 10 enfants. Plus d'informations sur ce point au 02 47 19 18 08 ou <a href=\"mailto:resaloches@departement-touraine.fr\">resaloches@departement-touraine.fr<\/a>.<\/p>\n<\/div>\n<\/div><\/div><\/div><\/div><div id=\"pg-1800-1\"  class=\"panel-grid panel-no-style\" ><div id=\"pgc-1800-1-0\"  class=\"panel-grid-cell\" ><div id=\"panel-1800-1-0-0\" class=\"so-panel widget widget_sow-editor panel-first-child panel-last-child\" data-index=\"1\" ><div\n\t\t\t\n\t\t\tclass=\"so-widget-sow-editor so-widget-sow-editor-base\"\n\t\t\t\n\t\t>\n<div class=\"siteorigin-widget-tinymce textwidget\">\n\t<h2>Dossier Enseignants<\/h2>\n<p style=\"text-align: justify;\">Il s\u2019adresse aux enseignants des premier et second degr\u00e9s qui souhaitent pr\u00e9parer leurs \u00e9l\u00e8ves \u00e0 la visite de la Cit\u00e9 royale de Loches. Il a \u00e9t\u00e9 r\u00e9alis\u00e9 par l\u2019\u00e9quipe du monument et l\u2019action \u00e9ducative du service conservation et valorisation des monuments et mus\u00e9es d\u00e9partementaux.<\/p>\n<p style=\"text-align: center;\"><a class=\"btn\" href=\"https:\/\/citeroyaleloches.fr\/wp-content\/uploads\/2021\/09\/Dossier_pedago_Loches.pdf\" target=\"_blank\" rel=\"noopener\">T\u00e9l\u00e9charger<\/a><\/p>\n<\/div>\n<\/div><\/div><\/div><div id=\"pgc-1800-1-1\"  class=\"panel-grid-cell\" ><div id=\"panel-1800-1-1-0\" class=\"so-panel widget widget_sow-editor panel-first-child panel-last-child\" data-index=\"2\" ><div\n\t\t\t\n\t\t\tclass=\"so-widget-sow-editor so-widget-sow-editor-base\"\n\t\t\t\n\t\t>\n<div class=\"siteorigin-widget-tinymce textwidget\">\n\t<h2>Catalogue D\u00e9couvertes<\/h2>\n<p style=\"text-align: justify;\">Le catalogue <strong>D\u00e9couvertes 2024\/2025<\/strong>\u00a0rassemble l\u2019ensemble de l\u2019offre \u00e9ducative propos\u00e9e par les diff\u00e9rents services du D\u00e9partement d\u2019Indre-et-Loire, parmi lesquels 7 monuments et mus\u00e9es.<br \/>\nProgramme complet pour la Cit\u00e9 Royale en page 4.<\/p>\n<p style=\"text-align: center;\"><a class=\"btn\" href=\"https:\/\/citeroyaleloches.fr\/wp-content\/uploads\/2025\/06\/DECOUVERTES_brochure2025.pdf\" target=\"_blank\" rel=\"noopener\">T\u00e9l\u00e9charger<\/a><\/p>\n<\/div>\n<\/div><\/div><\/div><\/div><div id=\"pg-1800-2\"  class=\"panel-grid panel-no-style\" ><div id=\"pgc-1800-2-0\"  class=\"panel-grid-cell\" ><div id=\"panel-1800-2-0-0\" class=\"so-panel widget widget_widget-bloc-page-loches panel-first-child panel-last-child\" data-index=\"3\" ><div\n\t\t\t\n\t\t\tclass=\"so-widget-widget-bloc-page-loches so-widget-widget-bloc-page-loches-base\"\n\t\t\t\n\t\t><div class=\"nc-widget-loches-bloc-page nc-widget-loches-bloc-page-fille-1\">\r\n\r\n\t\t\t\t<div class=\"nc-widget-loches-bloc-page-inner\">\r\n\t\t\t\t\t\t\t\t\t<a href=\"https:\/\/citeroyaleloches.fr\/activites-pedagogiques\/visites-guidees\">\r\n\t\t\t\t\t\t\t\t\t\t\t\t\t<div class=\"nc-widget-loches-bloc-page-image \">\r\n\t\t\t\t\t\t<img decoding=\"async\" src=\"https:\/\/citeroyaleloches.fr\/wp-content\/uploads\/2018\/05\/Histoire_vignette1-690x410.jpg\" alt=\"\" \/>\r\n\r\n\t\t\t\t\t<\/div>\r\n\t\t\t\t\t\t\t\t\t<div class=\"nc-widget-loches-bloc-page-content\">\r\n\r\n\t\t\t\t\t<div class=\"nc-widget-loches-bloc-page-title\">\r\n\t\t\t\t\t\tVisites guid\u00e9es g\u00e9n\u00e9rales\t\t\t\t\t<\/div>\r\n\t\t\t\t<\/div>\r\n\t\t\t\t\t\t\t\t\t<\/a>\r\n\t\t\t\t\t\t\t<\/div>\r\n\t\t\r\n<\/div>\r\n<\/div><\/div><\/div><div id=\"pgc-1800-2-1\"  class=\"panel-grid-cell\" ><div id=\"panel-1800-2-1-0\" class=\"so-panel widget widget_widget-bloc-page-loches panel-first-child panel-last-child\" data-index=\"4\" ><div\n\t\t\t\n\t\t\tclass=\"so-widget-widget-bloc-page-loches so-widget-widget-bloc-page-loches-base\"\n\t\t\t\n\t\t><div class=\"nc-widget-loches-bloc-page nc-widget-loches-bloc-page-fille-1\">\r\n\r\n\t\t\t\t<div class=\"nc-widget-loches-bloc-page-inner\">\r\n\t\t\t\t\t\t\t\t\t<a href=\"https:\/\/citeroyaleloches.fr\/activites-pedagogiques\/visites-guidees-thematiques\">\r\n\t\t\t\t\t\t\t\t\t\t\t\t\t<div class=\"nc-widget-loches-bloc-page-image \">\r\n\t\t\t\t\t\t<img decoding=\"async\" src=\"https:\/\/citeroyaleloches.fr\/wp-content\/uploads\/2018\/05\/loches-visiteurs-690x410.jpg\" alt=\"\" \/>\r\n\r\n\t\t\t\t\t<\/div>\r\n\t\t\t\t\t\t\t\t\t<div class=\"nc-widget-loches-bloc-page-content\">\r\n\r\n\t\t\t\t\t<div class=\"nc-widget-loches-bloc-page-title\">\r\n\t\t\t\t\t\tVisites th\u00e9matiques\t\t\t\t\t<\/div>\r\n\t\t\t\t<\/div>\r\n\t\t\t\t\t\t\t\t\t<\/a>\r\n\t\t\t\t\t\t\t<\/div>\r\n\t\t\r\n<\/div>\r\n<\/div><\/div><\/div><div id=\"pgc-1800-2-2\"  class=\"panel-grid-cell\" ><div id=\"panel-1800-2-2-0\" class=\"so-panel widget widget_widget-bloc-page-loches panel-first-child panel-last-child\" data-index=\"5\" ><div\n\t\t\t\n\t\t\tclass=\"so-widget-widget-bloc-page-loches so-widget-widget-bloc-page-loches-base\"\n\t\t\t\n\t\t><div class=\"nc-widget-loches-bloc-page nc-widget-loches-bloc-page-fille-1\">\r\n\r\n\t\t\t\t<div class=\"nc-widget-loches-bloc-page-inner\">\r\n\t\t\t\t\t\t\t\t\t<a href=\"https:\/\/citeroyaleloches.fr\/activites-pedagogiques\/ateliers\">\r\n\t\t\t\t\t\t\t\t\t\t\t\t\t<div class=\"nc-widget-loches-bloc-page-image \">\r\n\t\t\t\t\t\t<img decoding=\"async\" src=\"https:\/\/citeroyaleloches.fr\/wp-content\/uploads\/2021\/07\/P1100333-scaled-690x410.jpg\" alt=\"\" \/>\r\n\r\n\t\t\t\t\t<\/div>\r\n\t\t\t\t\t\t\t\t\t<div class=\"nc-widget-loches-bloc-page-content\">\r\n\r\n\t\t\t\t\t<div class=\"nc-widget-loches-bloc-page-title\">\r\n\t\t\t\t\t\tAteliers\t\t\t\t\t<\/div>\r\n\t\t\t\t<\/div>\r\n\t\t\t\t\t\t\t\t\t<\/a>\r\n\t\t\t\t\t\t\t<\/div>\r\n\t\t\r\n<\/div>\r\n<\/div><\/div><\/div><\/div><div id=\"pg-1800-3\"  class=\"panel-grid panel-no-style\" ><div id=\"pgc-1800-3-0\"  class=\"panel-grid-cell\" ><div id=\"panel-1800-3-0-0\" class=\"so-panel widget widget_sow-image panel-first-child panel-last-child\" data-index=\"6\" ><div\n\t\t\t\n\t\t\tclass=\"so-widget-sow-image so-widget-sow-image-default-334eeca80698-1800\"\n\t\t\t\n\t\t>\n<div class=\"sow-image-container\">\n\t\t\t<a href=\"https:\/\/citeroyaleloches.fr\/wp-content\/uploads\/2019\/04\/plan_bus_parkings.jpg\"\n\t\t\t\t\t>\n\t\t\t<img \n\tsrc=\"https:\/\/citeroyaleloches.fr\/wp-content\/uploads\/2019\/04\/plan_bus_parkings.jpg\" width=\"2118\" height=\"1722\" srcset=\"https:\/\/citeroyaleloches.fr\/wp-content\/uploads\/2019\/04\/plan_bus_parkings.jpg 2118w, https:\/\/citeroyaleloches.fr\/wp-content\/uploads\/2019\/04\/plan_bus_parkings-300x244.jpg 300w, https:\/\/citeroyaleloches.fr\/wp-content\/uploads\/2019\/04\/plan_bus_parkings-1024x833.jpg 1024w\" sizes=\"(max-width: 2118px) 100vw, 2118px\" title=\"Venir \u00e0 la Cit\u00e9 royale de Loches (cliquez pour agrandir)\" alt=\"map loches\" \t\tclass=\"so-widget-image\"\/>\n\t\t\t<\/a><\/div>\n\n<div class=\"widget-title\">Venir \u00e0 la Cit\u00e9 royale de Loches (cliquez pour agrandir)<\/div><\/div><\/div><\/div><\/div><\/div>","protected":false},"excerpt":{"rendered":"<p>&nbsp; La Cit\u00e9 royale de Loches propose de nombreuses visites permettant aux scolaires de d\u00e9couvrir un monument historique unique. Plusieurs modules sont propos\u00e9s en fonction des classes et des [&hellip;]<\/p>\n","protected":false},"author":4,"featured_media":0,"parent":0,"menu_order":0,"comment_status":"closed","ping_status":"closed","template":"","meta":{"footnotes":""},"class_list":["post-1800","page","type-page","status-publish","hentry"],"yoast_head":"<!-- This site is optimized with the Yoast SEO plugin v27.3 - https:\/\/yoast.com\/product\/yoast-seo-wordpress\/ -->\n<title>Activit\u00e9s p\u00e9dagogiques - Cit\u00e9 Royale de Loches<\/title>\n<meta name=\"robots\" content=\"index, follow, max-snippet:-1, max-image-preview:large, max-video-preview:-1\" \/>\n<link rel=\"canonical\" href=\"https:\/\/citeroyaleloches.fr\/en\/activites-pedagogiques\" \/>\n<meta property=\"og:locale\" content=\"en_US\" \/>\n<meta property=\"og:type\" content=\"article\" \/>\n<meta property=\"og:title\" content=\"Activit\u00e9s p\u00e9dagogiques - Cit\u00e9 Royale de Loches\" \/>\n<meta property=\"og:description\" content=\"&nbsp; La Cit\u00e9 royale de Loches propose de nombreuses visites permettant aux scolaires de d\u00e9couvrir un monument historique unique. Plusieurs modules sont propos\u00e9s en fonction des classes et des [&hellip;]\" \/>\n<meta property=\"og:url\" content=\"https:\/\/citeroyaleloches.fr\/en\/activites-pedagogiques\" \/>\n<meta property=\"og:site_name\" content=\"Cit\u00e9 Royale de Loches\" \/>\n<meta name=\"twitter:card\" content=\"summary_large_image\" \/>\n<meta name=\"twitter:label1\" content=\"Est. reading time\" \/>\n\t<meta name=\"twitter:data1\" content=\"1 minute\" \/>\n<script type=\"application\/ld+json\" class=\"yoast-schema-graph\">{\"@context\":\"https:\\\/\\\/schema.org\",\"@graph\":[{\"@type\":\"WebPage\",\"@id\":\"https:\\\/\\\/citeroyaleloches.fr\\\/en\\\/activites-pedagogiques\",\"url\":\"https:\\\/\\\/citeroyaleloches.fr\\\/en\\\/activites-pedagogiques\",\"name\":\"Activit\u00e9s p\u00e9dagogiques - Cit\u00e9 Royale de Loches\",\"isPartOf\":{\"@id\":\"https:\\\/\\\/citeroyaleloches.fr\\\/#website\"},\"datePublished\":\"2018-04-13T14:06:00+00:00\",\"breadcrumb\":{\"@id\":\"https:\\\/\\\/citeroyaleloches.fr\\\/en\\\/activites-pedagogiques#breadcrumb\"},\"inLanguage\":\"en-US\",\"potentialAction\":[{\"@type\":\"ReadAction\",\"target\":[\"https:\\\/\\\/citeroyaleloches.fr\\\/en\\\/activites-pedagogiques\"]}]},{\"@type\":\"BreadcrumbList\",\"@id\":\"https:\\\/\\\/citeroyaleloches.fr\\\/en\\\/activites-pedagogiques#breadcrumb\",\"itemListElement\":[{\"@type\":\"ListItem\",\"position\":1,\"name\":\"Accueil\",\"item\":\"https:\\\/\\\/citeroyaleloches.fr\\\/en\"},{\"@type\":\"ListItem\",\"position\":2,\"name\":\"Activit\u00e9s p\u00e9dagogiques\"}]},{\"@type\":\"WebSite\",\"@id\":\"https:\\\/\\\/citeroyaleloches.fr\\\/#website\",\"url\":\"https:\\\/\\\/citeroyaleloches.fr\\\/\",\"name\":\"Cit\u00e9 Royale de Loches\",\"description\":\"\",\"potentialAction\":[{\"@type\":\"SearchAction\",\"target\":{\"@type\":\"EntryPoint\",\"urlTemplate\":\"https:\\\/\\\/citeroyaleloches.fr\\\/?s={search_term_string}\"},\"query-input\":{\"@type\":\"PropertyValueSpecification\",\"valueRequired\":true,\"valueName\":\"search_term_string\"}}],\"inLanguage\":\"en-US\"}]}<\/script>\n<!-- \/ Yoast SEO plugin. -->","yoast_head_json":{"title":"Activit\u00e9s p\u00e9dagogiques - Cit\u00e9 Royale de Loches","robots":{"index":"index","follow":"follow","max-snippet":"max-snippet:-1","max-image-preview":"max-image-preview:large","max-video-preview":"max-video-preview:-1"},"canonical":"https:\/\/citeroyaleloches.fr\/en\/activites-pedagogiques","og_locale":"en_US","og_type":"article","og_title":"Activit\u00e9s p\u00e9dagogiques - Cit\u00e9 Royale de Loches","og_description":"&nbsp; La Cit\u00e9 royale de Loches propose de nombreuses visites permettant aux scolaires de d\u00e9couvrir un monument historique unique. Plusieurs modules sont propos\u00e9s en fonction des classes et des [&hellip;]","og_url":"https:\/\/citeroyaleloches.fr\/en\/activites-pedagogiques","og_site_name":"Cit\u00e9 Royale de Loches","twitter_card":"summary_large_image","twitter_misc":{"Est. reading time":"1 minute"},"schema":{"@context":"https:\/\/schema.org","@graph":[{"@type":"WebPage","@id":"https:\/\/citeroyaleloches.fr\/en\/activites-pedagogiques","url":"https:\/\/citeroyaleloches.fr\/en\/activites-pedagogiques","name":"Activit\u00e9s p\u00e9dagogiques - Cit\u00e9 Royale de Loches","isPartOf":{"@id":"https:\/\/citeroyaleloches.fr\/#website"},"datePublished":"2018-04-13T14:06:00+00:00","breadcrumb":{"@id":"https:\/\/citeroyaleloches.fr\/en\/activites-pedagogiques#breadcrumb"},"inLanguage":"en-US","potentialAction":[{"@type":"ReadAction","target":["https:\/\/citeroyaleloches.fr\/en\/activites-pedagogiques"]}]},{"@type":"BreadcrumbList","@id":"https:\/\/citeroyaleloches.fr\/en\/activites-pedagogiques#breadcrumb","itemListElement":[{"@type":"ListItem","position":1,"name":"Accueil","item":"https:\/\/citeroyaleloches.fr\/en"},{"@type":"ListItem","position":2,"name":"Activit\u00e9s p\u00e9dagogiques"}]},{"@type":"WebSite","@id":"https:\/\/citeroyaleloches.fr\/#website","url":"https:\/\/citeroyaleloches.fr\/","name":"Cit\u00e9 Royale de Loches","description":"","potentialAction":[{"@type":"SearchAction","target":{"@type":"EntryPoint","urlTemplate":"https:\/\/citeroyaleloches.fr\/?s={search_term_string}"},"query-input":{"@type":"PropertyValueSpecification","valueRequired":true,"valueName":"search_term_string"}}],"inLanguage":"en-US"}]}},"_links":{"self":[{"href":"https:\/\/citeroyaleloches.fr\/en\/wp-json\/wp\/v2\/pages\/1800","targetHints":{"allow":["GET"]}}],"collection":[{"href":"https:\/\/citeroyaleloches.fr\/en\/wp-json\/wp\/v2\/pages"}],"about":[{"href":"https:\/\/citeroyaleloches.fr\/en\/wp-json\/wp\/v2\/types\/page"}],"author":[{"embeddable":true,"href":"https:\/\/citeroyaleloches.fr\/en\/wp-json\/wp\/v2\/users\/4"}],"replies":[{"embeddable":true,"href":"https:\/\/citeroyaleloches.fr\/en\/wp-json\/wp\/v2\/comments?post=1800"}],"version-history":[{"count":0,"href":"https:\/\/citeroyaleloches.fr\/en\/wp-json\/wp\/v2\/pages\/1800\/revisions"}],"wp:attachment":[{"href":"https:\/\/citeroyaleloches.fr\/en\/wp-json\/wp\/v2\/media?parent=1800"}],"curies":[{"name":"wp","href":"https:\/\/api.w.org\/{rel}","templated":true}]}}