{"id":1778,"date":"2018-05-17T17:00:12","date_gmt":"2018-05-17T15:00:12","guid":{"rendered":"https:\/\/citeroyaleloches.fr\/donjon-de-loches\/characters\/agnes-sorel"},"modified":"2022-12-16T14:07:25","modified_gmt":"2022-12-16T13:07:25","slug":"agnes-sorel","status":"publish","type":"page","link":"https:\/\/citeroyaleloches.fr\/en\/donjon-de-loches\/characters\/agnes-sorel","title":{"rendered":"AGN\u00c8S SOREL : THE FIRST ROYAL FAVOURITE"},"content":{"rendered":"<div id=\"pl-1778\"  class=\"panel-layout\" ><div id=\"pg-1778-0\"  class=\"panel-grid panel-has-style\" ><div class=\"grey-row siteorigin-panels-stretch panel-row-style panel-row-style-for-1778-0\" data-stretch-type=\"full\" ><div id=\"pgc-1778-0-0\"  class=\"panel-grid-cell\" ><div id=\"panel-1778-0-0-0\" class=\"so-panel widget widget_sow-image panel-first-child\" data-index=\"0\" ><div\n\t\t\t\n\t\t\tclass=\"so-widget-sow-image so-widget-sow-image-default-c67d20f9f743-1778\"\n\t\t\t\n\t\t>\n<div class=\"sow-image-container\">\n\t\t<img \n\tsrc=\"https:\/\/citeroyaleloches.fr\/wp-content\/uploads\/2018\/06\/recadas690.jpg\" width=\"690\" height=\"410\" srcset=\"https:\/\/citeroyaleloches.fr\/wp-content\/uploads\/2018\/06\/recadas690.jpg 690w, https:\/\/citeroyaleloches.fr\/wp-content\/uploads\/2018\/06\/recadas690-300x178.jpg 300w\" sizes=\"(max-width: 690px) 100vw, 690px\" alt=\"\" \t\tclass=\"so-widget-image\"\/>\n\t<\/div>\n\n<\/div><\/div><div id=\"panel-1778-0-0-1\" class=\"so-panel widget widget_sow-editor panel-last-child\" data-index=\"1\" ><div\n\t\t\t\n\t\t\tclass=\"so-widget-sow-editor so-widget-sow-editor-base\"\n\t\t\t\n\t\t>\n<div class=\"siteorigin-widget-tinymce textwidget\">\n\t<p><em>Portrait of Agn\u00e8s Sorel<\/em><em>, the Melun Diptych, France, anonymous, <\/em><em>20<sup>th<\/sup> century, in the words of Jean Fouquet, around 1452-1455, <\/em><em>Royal City of Loches<\/em><em>\/Indre-et-Loire Council.<\/em><\/p>\n<\/div>\n<\/div><\/div><\/div><div id=\"pgc-1778-0-1\"  class=\"panel-grid-cell\" ><div id=\"panel-1778-0-1-0\" class=\"so-panel widget widget_sow-editor panel-first-child panel-last-child\" data-index=\"2\" ><div\n\t\t\t\n\t\t\tclass=\"so-widget-sow-editor so-widget-sow-editor-base\"\n\t\t\t\n\t\t>\n<div class=\"siteorigin-widget-tinymce textwidget\">\n\t<p>She was one of the Duchess of Lorraine and Duchess of Anjou Isabella\u2019s ladies in waiting and caught the attention of\u00a0<a href=\"https:\/\/citeroyaleloches.fr\/en\/donjon-de-loches\/characters\/charles-vii\">Charles VII<\/a>, who was 20 years her senior, in around 1443. She then joined the Queen Marie of Anjou\u2019s service.<\/p>\n<p>Agn\u00e8s Sorel soon gained the status of official favourite, a new title in the royal court. She brought a breath of fresh air and avant-garde fashion to the royal court, which caused quite a stir among the King\u2019s earnest entourage. Despite her supporters and followers, some people were hostile towards her. One of them was the Dauphin Louis (future\u00a0<a href=\"https:\/\/citeroyaleloches.fr\/en\/donjon-de-loches\/characters\/louis-xi\">Louis XI<\/a>), who insulted her in public and threatened her, leading the King to exile him to Dauphin\u00e9.<\/p>\n<p>Ch\u00e2teau de Loches became one of her favourite residences. She gave the King three daughters, whom he officially recognised. <a href=\"https:\/\/citeroyaleloches.fr\/en\/donjon-de-loches\/characters\/charles-vii\">Charles VII<\/a>\u00a0gave her spectacular gifts and estates, including the ch\u00e2teau of Beaut\u00e9-sur-Marne which earned her the nickname, the \u201cLady of Beauty\u201d.<\/p>\n<\/div>\n<\/div><\/div><\/div><\/div><\/div><div id=\"pg-1778-1\"  class=\"panel-grid panel-has-style\" ><div class=\"blue-row panel-row-style panel-row-style-for-1778-1\" ><div id=\"pgc-1778-1-0\"  class=\"panel-grid-cell\" ><div id=\"panel-1778-1-0-0\" class=\"so-panel widget widget_sow-editor panel-first-child panel-last-child\" data-index=\"3\" ><div class=\"medium-width panel-widget-style panel-widget-style-for-1778-1-0-0\" ><div\n\t\t\t\n\t\t\tclass=\"so-widget-sow-editor so-widget-sow-editor-base\"\n\t\t\t\n\t\t>\n<div class=\"siteorigin-widget-tinymce textwidget\">\n\t<p>She joined the King in Normandy whilst pregnant with her fourth child. Agn\u00e8s Sorel died in childbirth at the age of 27 from dysentery. Her body was examined in 2005 and found to have mercury poisoning, but the cause was inconclusive. Crime or poor medicine?<\/p>\n<p>Perhaps we will never know.<\/p>\n<p>Charles VII had Agn\u00e8s Sorel\u2019s embalmed body transported to Loches. She was buried in Saint-Ours collegiate church, where her alabaster and marble tomb effigy can still be seen today.<\/p>\n<\/div>\n<\/div><\/div><\/div><\/div><\/div><\/div><\/div>","protected":false},"excerpt":{"rendered":"<p>Portrait of Agn\u00e8s Sorel, the Melun Diptych, France, anonymous, 20th century, in the words of Jean Fouquet, around 1452-1455, Royal City of Loches\/Indre-et-Loire Council. She was one of the [&hellip;]<\/p>\n","protected":false},"author":4,"featured_media":0,"parent":1748,"menu_order":0,"comment_status":"closed","ping_status":"closed","template":"template-page\/page-personnage.php","meta":{"footnotes":""},"class_list":["post-1778","page","type-page","status-publish","hentry"],"yoast_head":"<!-- This site is optimized with the Yoast SEO plugin v27.3 - https:\/\/yoast.com\/product\/yoast-seo-wordpress\/ -->\n<title>AGN\u00c8S SOREL : THE FIRST ROYAL FAVOURITE - Cit\u00e9 Royale de Loches<\/title>\n<meta name=\"robots\" content=\"index, follow, max-snippet:-1, max-image-preview:large, max-video-preview:-1\" \/>\n<link rel=\"canonical\" href=\"https:\/\/citeroyaleloches.fr\/en\/donjon-de-loches\/characters\/agnes-sorel\" \/>\n<meta property=\"og:locale\" content=\"en_US\" \/>\n<meta property=\"og:type\" content=\"article\" \/>\n<meta property=\"og:title\" content=\"AGN\u00c8S SOREL : THE FIRST ROYAL FAVOURITE - Cit\u00e9 Royale de Loches\" \/>\n<meta property=\"og:description\" content=\"Portrait of Agn\u00e8s Sorel, the Melun Diptych, France, anonymous, 20th century, in the words of Jean Fouquet, around 1452-1455, Royal City of Loches\/Indre-et-Loire Council. She was one of the [&hellip;]\" \/>\n<meta property=\"og:url\" content=\"https:\/\/citeroyaleloches.fr\/en\/donjon-de-loches\/characters\/agnes-sorel\" \/>\n<meta property=\"og:site_name\" content=\"Cit\u00e9 Royale de Loches\" \/>\n<meta property=\"article:modified_time\" content=\"2022-12-16T13:07:25+00:00\" \/>\n<meta name=\"twitter:card\" content=\"summary_large_image\" \/>\n<meta name=\"twitter:label1\" content=\"Est. reading time\" \/>\n\t<meta name=\"twitter:data1\" content=\"2 minutes\" \/>\n<script type=\"application\/ld+json\" class=\"yoast-schema-graph\">{\"@context\":\"https:\\\/\\\/schema.org\",\"@graph\":[{\"@type\":\"WebPage\",\"@id\":\"https:\\\/\\\/citeroyaleloches.fr\\\/en\\\/donjon-de-loches\\\/characters\\\/agnes-sorel\",\"url\":\"https:\\\/\\\/citeroyaleloches.fr\\\/en\\\/donjon-de-loches\\\/characters\\\/agnes-sorel\",\"name\":\"AGN\u00c8S SOREL : THE FIRST ROYAL FAVOURITE - Cit\u00e9 Royale de Loches\",\"isPartOf\":{\"@id\":\"https:\\\/\\\/citeroyaleloches.fr\\\/#website\"},\"datePublished\":\"2018-05-17T15:00:12+00:00\",\"dateModified\":\"2022-12-16T13:07:25+00:00\",\"breadcrumb\":{\"@id\":\"https:\\\/\\\/citeroyaleloches.fr\\\/en\\\/donjon-de-loches\\\/characters\\\/agnes-sorel#breadcrumb\"},\"inLanguage\":\"en-US\",\"potentialAction\":[{\"@type\":\"ReadAction\",\"target\":[\"https:\\\/\\\/citeroyaleloches.fr\\\/en\\\/donjon-de-loches\\\/characters\\\/agnes-sorel\"]}]},{\"@type\":\"BreadcrumbList\",\"@id\":\"https:\\\/\\\/citeroyaleloches.fr\\\/en\\\/donjon-de-loches\\\/characters\\\/agnes-sorel#breadcrumb\",\"itemListElement\":[{\"@type\":\"ListItem\",\"position\":1,\"name\":\"Accueil\",\"item\":\"https:\\\/\\\/citeroyaleloches.fr\\\/en\"},{\"@type\":\"ListItem\",\"position\":2,\"name\":\"Discover\",\"item\":\"https:\\\/\\\/citeroyaleloches.fr\\\/en\\\/donjon-de-loches\"},{\"@type\":\"ListItem\",\"position\":3,\"name\":\"Historical figures\",\"item\":\"https:\\\/\\\/citeroyaleloches.fr\\\/en\\\/donjon-de-loches\\\/characters\"},{\"@type\":\"ListItem\",\"position\":4,\"name\":\"AGN\u00c8S SOREL : THE FIRST ROYAL FAVOURITE\"}]},{\"@type\":\"WebSite\",\"@id\":\"https:\\\/\\\/citeroyaleloches.fr\\\/#website\",\"url\":\"https:\\\/\\\/citeroyaleloches.fr\\\/\",\"name\":\"Cit\u00e9 Royale de Loches\",\"description\":\"\",\"potentialAction\":[{\"@type\":\"SearchAction\",\"target\":{\"@type\":\"EntryPoint\",\"urlTemplate\":\"https:\\\/\\\/citeroyaleloches.fr\\\/?s={search_term_string}\"},\"query-input\":{\"@type\":\"PropertyValueSpecification\",\"valueRequired\":true,\"valueName\":\"search_term_string\"}}],\"inLanguage\":\"en-US\"}]}<\/script>\n<!-- \/ Yoast SEO plugin. -->","yoast_head_json":{"title":"AGN\u00c8S SOREL : THE FIRST ROYAL FAVOURITE - Cit\u00e9 Royale de Loches","robots":{"index":"index","follow":"follow","max-snippet":"max-snippet:-1","max-image-preview":"max-image-preview:large","max-video-preview":"max-video-preview:-1"},"canonical":"https:\/\/citeroyaleloches.fr\/en\/donjon-de-loches\/characters\/agnes-sorel","og_locale":"en_US","og_type":"article","og_title":"AGN\u00c8S SOREL : THE FIRST ROYAL FAVOURITE - Cit\u00e9 Royale de Loches","og_description":"Portrait of Agn\u00e8s Sorel, the Melun Diptych, France, anonymous, 20th century, in the words of Jean Fouquet, around 1452-1455, Royal City of Loches\/Indre-et-Loire Council. She was one of the [&hellip;]","og_url":"https:\/\/citeroyaleloches.fr\/en\/donjon-de-loches\/characters\/agnes-sorel","og_site_name":"Cit\u00e9 Royale de Loches","article_modified_time":"2022-12-16T13:07:25+00:00","twitter_card":"summary_large_image","twitter_misc":{"Est. reading time":"2 minutes"},"schema":{"@context":"https:\/\/schema.org","@graph":[{"@type":"WebPage","@id":"https:\/\/citeroyaleloches.fr\/en\/donjon-de-loches\/characters\/agnes-sorel","url":"https:\/\/citeroyaleloches.fr\/en\/donjon-de-loches\/characters\/agnes-sorel","name":"AGN\u00c8S SOREL : THE FIRST ROYAL FAVOURITE - Cit\u00e9 Royale de Loches","isPartOf":{"@id":"https:\/\/citeroyaleloches.fr\/#website"},"datePublished":"2018-05-17T15:00:12+00:00","dateModified":"2022-12-16T13:07:25+00:00","breadcrumb":{"@id":"https:\/\/citeroyaleloches.fr\/en\/donjon-de-loches\/characters\/agnes-sorel#breadcrumb"},"inLanguage":"en-US","potentialAction":[{"@type":"ReadAction","target":["https:\/\/citeroyaleloches.fr\/en\/donjon-de-loches\/characters\/agnes-sorel"]}]},{"@type":"BreadcrumbList","@id":"https:\/\/citeroyaleloches.fr\/en\/donjon-de-loches\/characters\/agnes-sorel#breadcrumb","itemListElement":[{"@type":"ListItem","position":1,"name":"Accueil","item":"https:\/\/citeroyaleloches.fr\/en"},{"@type":"ListItem","position":2,"name":"Discover","item":"https:\/\/citeroyaleloches.fr\/en\/donjon-de-loches"},{"@type":"ListItem","position":3,"name":"Historical figures","item":"https:\/\/citeroyaleloches.fr\/en\/donjon-de-loches\/characters"},{"@type":"ListItem","position":4,"name":"AGN\u00c8S SOREL : THE FIRST ROYAL FAVOURITE"}]},{"@type":"WebSite","@id":"https:\/\/citeroyaleloches.fr\/#website","url":"https:\/\/citeroyaleloches.fr\/","name":"Cit\u00e9 Royale de Loches","description":"","potentialAction":[{"@type":"SearchAction","target":{"@type":"EntryPoint","urlTemplate":"https:\/\/citeroyaleloches.fr\/?s={search_term_string}"},"query-input":{"@type":"PropertyValueSpecification","valueRequired":true,"valueName":"search_term_string"}}],"inLanguage":"en-US"}]}},"_links":{"self":[{"href":"https:\/\/citeroyaleloches.fr\/en\/wp-json\/wp\/v2\/pages\/1778","targetHints":{"allow":["GET"]}}],"collection":[{"href":"https:\/\/citeroyaleloches.fr\/en\/wp-json\/wp\/v2\/pages"}],"about":[{"href":"https:\/\/citeroyaleloches.fr\/en\/wp-json\/wp\/v2\/types\/page"}],"author":[{"embeddable":true,"href":"https:\/\/citeroyaleloches.fr\/en\/wp-json\/wp\/v2\/users\/4"}],"replies":[{"embeddable":true,"href":"https:\/\/citeroyaleloches.fr\/en\/wp-json\/wp\/v2\/comments?post=1778"}],"version-history":[{"count":6,"href":"https:\/\/citeroyaleloches.fr\/en\/wp-json\/wp\/v2\/pages\/1778\/revisions"}],"predecessor-version":[{"id":5808,"href":"https:\/\/citeroyaleloches.fr\/en\/wp-json\/wp\/v2\/pages\/1778\/revisions\/5808"}],"up":[{"embeddable":true,"href":"https:\/\/citeroyaleloches.fr\/en\/wp-json\/wp\/v2\/pages\/1748"}],"wp:attachment":[{"href":"https:\/\/citeroyaleloches.fr\/en\/wp-json\/wp\/v2\/media?parent=1778"}],"curies":[{"name":"wp","href":"https:\/\/api.w.org\/{rel}","templated":true}]}}