{"id":1752,"date":"2018-04-13T16:05:21","date_gmt":"2018-04-13T14:05:21","guid":{"rendered":"https:\/\/citeroyaleloches.fr\/donjon-de-loches\/plan-de-la-cite"},"modified":"2022-06-23T16:25:25","modified_gmt":"2022-06-23T14:25:25","slug":"map-city","status":"publish","type":"page","link":"https:\/\/citeroyaleloches.fr\/en\/donjon-de-loches\/map-city","title":{"rendered":"Map of the City"},"content":{"rendered":"<div id=\"pl-1752\"  class=\"panel-layout\" ><div id=\"pg-1752-0\"  class=\"panel-grid panel-no-style\" ><div id=\"pgc-1752-0-0\"  class=\"panel-grid-cell panel-grid-cell-empty\" ><\/div><\/div><div id=\"pg-1752-1\"  class=\"panel-grid panel-no-style\" ><div id=\"pgc-1752-1-0\"  class=\"panel-grid-cell\" ><div id=\"panel-1752-1-0-0\" class=\"so-panel widget widget_sow-editor panel-first-child panel-last-child\" data-index=\"0\" ><div\n\t\t\t\n\t\t\tclass=\"so-widget-sow-editor so-widget-sow-editor-base\"\n\t\t\t\n\t\t>\n<div class=\"siteorigin-widget-tinymce textwidget\">\n\t<h2><strong>An overview of the city is offered to you to discover the Royal City of Loches.<\/strong><\/h2>\n<\/div>\n<\/div><\/div><\/div><\/div><div id=\"pg-1752-2\"  class=\"panel-grid panel-no-style\" ><div id=\"pgc-1752-2-0\"  class=\"panel-grid-cell\" ><div id=\"panel-1752-2-0-0\" class=\"so-panel widget widget_media_image panel-first-child panel-last-child\" data-index=\"1\" ><img decoding=\"async\" width=\"1500\" height=\"1338\" src=\"https:\/\/citeroyaleloches.fr\/wp-content\/uploads\/2018\/05\/Ville-de-Loches_Illustration_-Glowczak_Bordeaux2.jpg\" class=\"image wp-image-1226  attachment-full size-full\" alt=\"\" style=\"max-width: 100%; height: auto;\" srcset=\"https:\/\/citeroyaleloches.fr\/wp-content\/uploads\/2018\/05\/Ville-de-Loches_Illustration_-Glowczak_Bordeaux2.jpg 1500w, https:\/\/citeroyaleloches.fr\/wp-content\/uploads\/2018\/05\/Ville-de-Loches_Illustration_-Glowczak_Bordeaux2-300x268.jpg 300w, https:\/\/citeroyaleloches.fr\/wp-content\/uploads\/2018\/05\/Ville-de-Loches_Illustration_-Glowczak_Bordeaux2-1024x913.jpg 1024w\" sizes=\"(max-width: 1500px) 100vw, 1500px\" \/><\/div><\/div><\/div><div id=\"pg-1752-3\"  class=\"panel-grid panel-no-style\" ><div id=\"pgc-1752-3-0\"  class=\"panel-grid-cell panel-grid-cell-empty\" ><\/div><div id=\"pgc-1752-3-1\"  class=\"panel-grid-cell panel-grid-cell-empty\" ><\/div><div id=\"pgc-1752-3-2\"  class=\"panel-grid-cell\" ><div id=\"panel-1752-3-2-0\" class=\"so-panel widget widget_sow-editor panel-first-child panel-last-child\" data-index=\"2\" ><div\n\t\t\t\n\t\t\tclass=\"so-widget-sow-editor so-widget-sow-editor-base\"\n\t\t\t\n\t\t>\n<div class=\"siteorigin-widget-tinymce textwidget\">\n\t<p>(\u00a9Ville de Loches_Illustration Glowczak_Bordeaux)<\/p>\n<\/div>\n<\/div><\/div><\/div><\/div><\/div>","protected":false},"excerpt":{"rendered":"<p>An overview of the city is offered to you to discover the Royal City of Loches.<\/p>\n","protected":false},"author":4,"featured_media":0,"parent":1742,"menu_order":0,"comment_status":"closed","ping_status":"closed","template":"","meta":{"footnotes":""},"class_list":["post-1752","page","type-page","status-publish","hentry"],"yoast_head":"<!-- This site is optimized with the Yoast SEO plugin v27.3 - https:\/\/yoast.com\/product\/yoast-seo-wordpress\/ -->\n<title>Plan de la Cit\u00e9 - Cit\u00e9 royale de Loches<\/title>\n<meta name=\"description\" content=\"D\u00e9couvrez ici le plan de la cit\u00e9 royale de Loches ainsi que son inscription dans l&#039;environnement de la ville de Loches.\" \/>\n<meta name=\"robots\" content=\"index, follow, max-snippet:-1, max-image-preview:large, max-video-preview:-1\" \/>\n<link rel=\"canonical\" href=\"https:\/\/citeroyaleloches.fr\/en\/donjon-de-loches\/map-city\" \/>\n<meta property=\"og:locale\" content=\"en_US\" \/>\n<meta property=\"og:type\" content=\"article\" \/>\n<meta property=\"og:title\" content=\"Plan de la Cit\u00e9 - Cit\u00e9 royale de Loches\" \/>\n<meta property=\"og:description\" content=\"D\u00e9couvrez ici le plan de la cit\u00e9 royale de Loches ainsi que son inscription dans l&#039;environnement de la ville de Loches.\" \/>\n<meta property=\"og:url\" content=\"https:\/\/citeroyaleloches.fr\/en\/donjon-de-loches\/map-city\" \/>\n<meta property=\"og:site_name\" content=\"Cit\u00e9 Royale de Loches\" \/>\n<meta property=\"article:modified_time\" content=\"2022-06-23T14:25:25+00:00\" \/>\n<meta name=\"twitter:card\" content=\"summary_large_image\" \/>\n<meta name=\"twitter:label1\" content=\"Est. reading time\" \/>\n\t<meta name=\"twitter:data1\" content=\"1 minute\" \/>\n<script type=\"application\/ld+json\" class=\"yoast-schema-graph\">{\"@context\":\"https:\\\/\\\/schema.org\",\"@graph\":[{\"@type\":\"WebPage\",\"@id\":\"https:\\\/\\\/citeroyaleloches.fr\\\/en\\\/donjon-de-loches\\\/map-city\",\"url\":\"https:\\\/\\\/citeroyaleloches.fr\\\/en\\\/donjon-de-loches\\\/map-city\",\"name\":\"Plan de la Cit\u00e9 - Cit\u00e9 royale de Loches\",\"isPartOf\":{\"@id\":\"https:\\\/\\\/citeroyaleloches.fr\\\/#website\"},\"datePublished\":\"2018-04-13T14:05:21+00:00\",\"dateModified\":\"2022-06-23T14:25:25+00:00\",\"description\":\"D\u00e9couvrez ici le plan de la cit\u00e9 royale de Loches ainsi que son inscription dans l'environnement de la ville de Loches.\",\"breadcrumb\":{\"@id\":\"https:\\\/\\\/citeroyaleloches.fr\\\/en\\\/donjon-de-loches\\\/map-city#breadcrumb\"},\"inLanguage\":\"en-US\",\"potentialAction\":[{\"@type\":\"ReadAction\",\"target\":[\"https:\\\/\\\/citeroyaleloches.fr\\\/en\\\/donjon-de-loches\\\/map-city\"]}]},{\"@type\":\"BreadcrumbList\",\"@id\":\"https:\\\/\\\/citeroyaleloches.fr\\\/en\\\/donjon-de-loches\\\/map-city#breadcrumb\",\"itemListElement\":[{\"@type\":\"ListItem\",\"position\":1,\"name\":\"Accueil\",\"item\":\"https:\\\/\\\/citeroyaleloches.fr\\\/en\"},{\"@type\":\"ListItem\",\"position\":2,\"name\":\"Discover\",\"item\":\"https:\\\/\\\/citeroyaleloches.fr\\\/en\\\/donjon-de-loches\"},{\"@type\":\"ListItem\",\"position\":3,\"name\":\"Map of the City\"}]},{\"@type\":\"WebSite\",\"@id\":\"https:\\\/\\\/citeroyaleloches.fr\\\/#website\",\"url\":\"https:\\\/\\\/citeroyaleloches.fr\\\/\",\"name\":\"Cit\u00e9 Royale de Loches\",\"description\":\"\",\"potentialAction\":[{\"@type\":\"SearchAction\",\"target\":{\"@type\":\"EntryPoint\",\"urlTemplate\":\"https:\\\/\\\/citeroyaleloches.fr\\\/?s={search_term_string}\"},\"query-input\":{\"@type\":\"PropertyValueSpecification\",\"valueRequired\":true,\"valueName\":\"search_term_string\"}}],\"inLanguage\":\"en-US\"}]}<\/script>\n<!-- \/ Yoast SEO plugin. -->","yoast_head_json":{"title":"Plan de la Cit\u00e9 - Cit\u00e9 royale de Loches","description":"D\u00e9couvrez ici le plan de la cit\u00e9 royale de Loches ainsi que son inscription dans l'environnement de la ville de Loches.","robots":{"index":"index","follow":"follow","max-snippet":"max-snippet:-1","max-image-preview":"max-image-preview:large","max-video-preview":"max-video-preview:-1"},"canonical":"https:\/\/citeroyaleloches.fr\/en\/donjon-de-loches\/map-city","og_locale":"en_US","og_type":"article","og_title":"Plan de la Cit\u00e9 - Cit\u00e9 royale de Loches","og_description":"D\u00e9couvrez ici le plan de la cit\u00e9 royale de Loches ainsi que son inscription dans l'environnement de la ville de Loches.","og_url":"https:\/\/citeroyaleloches.fr\/en\/donjon-de-loches\/map-city","og_site_name":"Cit\u00e9 Royale de Loches","article_modified_time":"2022-06-23T14:25:25+00:00","twitter_card":"summary_large_image","twitter_misc":{"Est. reading time":"1 minute"},"schema":{"@context":"https:\/\/schema.org","@graph":[{"@type":"WebPage","@id":"https:\/\/citeroyaleloches.fr\/en\/donjon-de-loches\/map-city","url":"https:\/\/citeroyaleloches.fr\/en\/donjon-de-loches\/map-city","name":"Plan de la Cit\u00e9 - Cit\u00e9 royale de Loches","isPartOf":{"@id":"https:\/\/citeroyaleloches.fr\/#website"},"datePublished":"2018-04-13T14:05:21+00:00","dateModified":"2022-06-23T14:25:25+00:00","description":"D\u00e9couvrez ici le plan de la cit\u00e9 royale de Loches ainsi que son inscription dans l'environnement de la ville de Loches.","breadcrumb":{"@id":"https:\/\/citeroyaleloches.fr\/en\/donjon-de-loches\/map-city#breadcrumb"},"inLanguage":"en-US","potentialAction":[{"@type":"ReadAction","target":["https:\/\/citeroyaleloches.fr\/en\/donjon-de-loches\/map-city"]}]},{"@type":"BreadcrumbList","@id":"https:\/\/citeroyaleloches.fr\/en\/donjon-de-loches\/map-city#breadcrumb","itemListElement":[{"@type":"ListItem","position":1,"name":"Accueil","item":"https:\/\/citeroyaleloches.fr\/en"},{"@type":"ListItem","position":2,"name":"Discover","item":"https:\/\/citeroyaleloches.fr\/en\/donjon-de-loches"},{"@type":"ListItem","position":3,"name":"Map of the City"}]},{"@type":"WebSite","@id":"https:\/\/citeroyaleloches.fr\/#website","url":"https:\/\/citeroyaleloches.fr\/","name":"Cit\u00e9 Royale de Loches","description":"","potentialAction":[{"@type":"SearchAction","target":{"@type":"EntryPoint","urlTemplate":"https:\/\/citeroyaleloches.fr\/?s={search_term_string}"},"query-input":{"@type":"PropertyValueSpecification","valueRequired":true,"valueName":"search_term_string"}}],"inLanguage":"en-US"}]}},"_links":{"self":[{"href":"https:\/\/citeroyaleloches.fr\/en\/wp-json\/wp\/v2\/pages\/1752","targetHints":{"allow":["GET"]}}],"collection":[{"href":"https:\/\/citeroyaleloches.fr\/en\/wp-json\/wp\/v2\/pages"}],"about":[{"href":"https:\/\/citeroyaleloches.fr\/en\/wp-json\/wp\/v2\/types\/page"}],"author":[{"embeddable":true,"href":"https:\/\/citeroyaleloches.fr\/en\/wp-json\/wp\/v2\/users\/4"}],"replies":[{"embeddable":true,"href":"https:\/\/citeroyaleloches.fr\/en\/wp-json\/wp\/v2\/comments?post=1752"}],"version-history":[{"count":3,"href":"https:\/\/citeroyaleloches.fr\/en\/wp-json\/wp\/v2\/pages\/1752\/revisions"}],"predecessor-version":[{"id":5606,"href":"https:\/\/citeroyaleloches.fr\/en\/wp-json\/wp\/v2\/pages\/1752\/revisions\/5606"}],"up":[{"embeddable":true,"href":"https:\/\/citeroyaleloches.fr\/en\/wp-json\/wp\/v2\/pages\/1742"}],"wp:attachment":[{"href":"https:\/\/citeroyaleloches.fr\/en\/wp-json\/wp\/v2\/media?parent=1752"}],"curies":[{"name":"wp","href":"https:\/\/api.w.org\/{rel}","templated":true}]}}