{"id":1748,"date":"2018-04-13T16:04:44","date_gmt":"2018-04-13T14:04:44","guid":{"rendered":"https:\/\/citeroyaleloches.fr\/donjon-de-loches\/anne-de-bretagne"},"modified":"2022-12-16T15:06:28","modified_gmt":"2022-12-16T14:06:28","slug":"characters","status":"publish","type":"page","link":"https:\/\/citeroyaleloches.fr\/en\/donjon-de-loches\/characters","title":{"rendered":"Historical figures"},"content":{"rendered":"<div id=\"pl-1748\"  class=\"panel-layout\" ><div id=\"pg-1748-0\"  class=\"panel-grid panel-no-style\" ><div id=\"pgc-1748-0-0\"  class=\"panel-grid-cell panel-grid-cell-empty\" ><\/div><\/div><div id=\"pg-1748-1\"  class=\"panel-grid panel-no-style\" ><div id=\"pgc-1748-1-0\"  class=\"panel-grid-cell\" ><div id=\"panel-1748-1-0-0\" class=\"so-panel widget widget_widget-bloc-page-loches panel-first-child panel-last-child\" data-index=\"0\" ><div\n\t\t\t\n\t\t\tclass=\"so-widget-widget-bloc-page-loches so-widget-widget-bloc-page-loches-base\"\n\t\t\t\n\t\t><div class=\"nc-widget-loches-bloc-page nc-widget-loches-bloc-page-fille-1\">\r\n\r\n\t\t\t\t<div class=\"nc-widget-loches-bloc-page-inner\">\r\n\t\t\t\t\t\t\t\t\t<a href=\"https:\/\/citeroyaleloches.fr\/en\/donjon-de-loches\/characters\/agnes-sorel\">\r\n\t\t\t\t\t\t\t\t\t\t\t\t\t<div class=\"nc-widget-loches-bloc-page-image \">\r\n\t\t\t\t\t\t<img decoding=\"async\" src=\"https:\/\/citeroyaleloches.fr\/wp-content\/uploads\/2018\/06\/recadas690-690x410.jpg\" alt=\"\" \/>\r\n\r\n\t\t\t\t\t<\/div>\r\n\t\t\t\t\t\t\t\t\t<div class=\"nc-widget-loches-bloc-page-content\">\r\n\r\n\t\t\t\t\t<div class=\"nc-widget-loches-bloc-page-title\">\r\n\t\t\t\t\t\tAgn\u00e8s Sorel\t\t\t\t\t<\/div>\r\n\t\t\t\t<\/div>\r\n\t\t\t\t\t\t\t\t\t<\/a>\r\n\t\t\t\t\t\t\t<\/div>\r\n\t\t\r\n<\/div>\r\n<\/div><\/div><\/div><div id=\"pgc-1748-1-1\"  class=\"panel-grid-cell\" ><div id=\"panel-1748-1-1-0\" class=\"so-panel widget widget_widget-bloc-page-loches panel-first-child panel-last-child\" data-index=\"1\" ><div\n\t\t\t\n\t\t\tclass=\"so-widget-widget-bloc-page-loches so-widget-widget-bloc-page-loches-base\"\n\t\t\t\n\t\t><div class=\"nc-widget-loches-bloc-page nc-widget-loches-bloc-page-fille-1\">\r\n\r\n\t\t\t\t<div class=\"nc-widget-loches-bloc-page-inner\">\r\n\t\t\t\t\t\t\t\t\t<a href=\"https:\/\/citeroyaleloches.fr\/en\/donjon-de-loches\/characters\/anne-bretagne\">\r\n\t\t\t\t\t\t\t\t\t\t\t\t\t<div class=\"nc-widget-loches-bloc-page-image \">\r\n\t\t\t\t\t\t<img decoding=\"async\" src=\"https:\/\/citeroyaleloches.fr\/wp-content\/uploads\/2018\/05\/anne_de_bretagne-1-690x410.jpg\" alt=\"\" \/>\r\n\r\n\t\t\t\t\t<\/div>\r\n\t\t\t\t\t\t\t\t\t<div class=\"nc-widget-loches-bloc-page-content\">\r\n\r\n\t\t\t\t\t<div class=\"nc-widget-loches-bloc-page-title\">\r\n\t\t\t\t\t\tAnne of Brittany\t\t\t\t\t<\/div>\r\n\t\t\t\t<\/div>\r\n\t\t\t\t\t\t\t\t\t<\/a>\r\n\t\t\t\t\t\t\t<\/div>\r\n\t\t\r\n<\/div>\r\n<\/div><\/div><\/div><\/div><div id=\"pg-1748-2\"  class=\"panel-grid panel-no-style\" ><div id=\"pgc-1748-2-0\"  class=\"panel-grid-cell\" ><div id=\"panel-1748-2-0-0\" class=\"so-panel widget widget_widget-bloc-page-loches panel-first-child panel-last-child\" data-index=\"2\" ><div\n\t\t\t\n\t\t\tclass=\"so-widget-widget-bloc-page-loches so-widget-widget-bloc-page-loches-base\"\n\t\t\t\n\t\t><div class=\"nc-widget-loches-bloc-page nc-widget-loches-bloc-page-fille-1\">\r\n\r\n\t\t\t\t<div class=\"nc-widget-loches-bloc-page-inner\">\r\n\t\t\t\t\t\t\t\t\t<a href=\"https:\/\/citeroyaleloches.fr\/en\/donjon-de-loches\/characters\/charles-vii\">\r\n\t\t\t\t\t\t\t\t\t\t\t\t\t<div class=\"nc-widget-loches-bloc-page-image \">\r\n\t\t\t\t\t\t<img decoding=\"async\" src=\"https:\/\/citeroyaleloches.fr\/wp-content\/uploads\/2018\/05\/Charles_VII-690x410.jpg\" alt=\"\" \/>\r\n\r\n\t\t\t\t\t<\/div>\r\n\t\t\t\t\t\t\t\t\t<div class=\"nc-widget-loches-bloc-page-content\">\r\n\r\n\t\t\t\t\t<div class=\"nc-widget-loches-bloc-page-title\">\r\n\t\t\t\t\t\tCharles VII\t\t\t\t\t<\/div>\r\n\t\t\t\t<\/div>\r\n\t\t\t\t\t\t\t\t\t<\/a>\r\n\t\t\t\t\t\t\t<\/div>\r\n\t\t\r\n<\/div>\r\n<\/div><\/div><\/div><div id=\"pgc-1748-2-1\"  class=\"panel-grid-cell\" ><div id=\"panel-1748-2-1-0\" class=\"so-panel widget widget_widget-bloc-page-loches panel-first-child panel-last-child\" data-index=\"3\" ><div\n\t\t\t\n\t\t\tclass=\"so-widget-widget-bloc-page-loches so-widget-widget-bloc-page-loches-base\"\n\t\t\t\n\t\t><div class=\"nc-widget-loches-bloc-page nc-widget-loches-bloc-page-fille-1\">\r\n\r\n\t\t\t\t<div class=\"nc-widget-loches-bloc-page-inner\">\r\n\t\t\t\t\t\t\t\t\t<a href=\"https:\/\/citeroyaleloches.fr\/en\/donjon-de-loches\/characters\/jeanne-darc\">\r\n\t\t\t\t\t\t\t\t\t\t\t\t\t<div class=\"nc-widget-loches-bloc-page-image \">\r\n\t\t\t\t\t\t<img decoding=\"async\" src=\"https:\/\/citeroyaleloches.fr\/wp-content\/uploads\/2018\/05\/jeanne_darc-690x410.jpg\" alt=\"\" \/>\r\n\r\n\t\t\t\t\t<\/div>\r\n\t\t\t\t\t\t\t\t\t<div class=\"nc-widget-loches-bloc-page-content\">\r\n\r\n\t\t\t\t\t<div class=\"nc-widget-loches-bloc-page-title\">\r\n\t\t\t\t\t\tJoan of Arc\t\t\t\t\t<\/div>\r\n\t\t\t\t<\/div>\r\n\t\t\t\t\t\t\t\t\t<\/a>\r\n\t\t\t\t\t\t\t<\/div>\r\n\t\t\r\n<\/div>\r\n<\/div><\/div><\/div><\/div><div id=\"pg-1748-3\"  class=\"panel-grid panel-no-style\" ><div id=\"pgc-1748-3-0\"  class=\"panel-grid-cell\" ><div id=\"panel-1748-3-0-0\" class=\"so-panel widget widget_widget-bloc-page-loches panel-first-child panel-last-child\" data-index=\"4\" ><div\n\t\t\t\n\t\t\tclass=\"so-widget-widget-bloc-page-loches so-widget-widget-bloc-page-loches-base\"\n\t\t\t\n\t\t><div class=\"nc-widget-loches-bloc-page nc-widget-loches-bloc-page-fille-1\">\r\n\r\n\t\t\t\t<div class=\"nc-widget-loches-bloc-page-inner\">\r\n\t\t\t\t\t\t\t\t\t<a href=\"https:\/\/citeroyaleloches.fr\/en\/donjon-de-loches\/characters\/foulques-nerra\">\r\n\t\t\t\t\t\t\t\t\t\t\t\t\t<div class=\"nc-widget-loches-bloc-page-image \">\r\n\t\t\t\t\t\t<img decoding=\"async\" src=\"https:\/\/citeroyaleloches.fr\/wp-content\/uploads\/2018\/05\/foulques-690x410.jpg\" alt=\"\" \/>\r\n\r\n\t\t\t\t\t<\/div>\r\n\t\t\t\t\t\t\t\t\t<div class=\"nc-widget-loches-bloc-page-content\">\r\n\r\n\t\t\t\t\t<div class=\"nc-widget-loches-bloc-page-title\">\r\n\t\t\t\t\t\tFoulques Nerra\t\t\t\t\t<\/div>\r\n\t\t\t\t<\/div>\r\n\t\t\t\t\t\t\t\t\t<\/a>\r\n\t\t\t\t\t\t\t<\/div>\r\n\t\t\r\n<\/div>\r\n<\/div><\/div><\/div><div id=\"pgc-1748-3-1\"  class=\"panel-grid-cell\" ><div id=\"panel-1748-3-1-0\" class=\"so-panel widget widget_widget-bloc-page-loches panel-first-child panel-last-child\" data-index=\"5\" ><div\n\t\t\t\n\t\t\tclass=\"so-widget-widget-bloc-page-loches so-widget-widget-bloc-page-loches-base\"\n\t\t\t\n\t\t><div class=\"nc-widget-loches-bloc-page nc-widget-loches-bloc-page-fille-1\">\r\n\r\n\t\t\t\t<div class=\"nc-widget-loches-bloc-page-inner\">\r\n\t\t\t\t\t\t\t\t\t<a href=\"https:\/\/citeroyaleloches.fr\/en\/donjon-de-loches\/characters\/louis-xi\">\r\n\t\t\t\t\t\t\t\t\t\t\t\t\t<div class=\"nc-widget-loches-bloc-page-image \">\r\n\t\t\t\t\t\t<img decoding=\"async\" src=\"https:\/\/citeroyaleloches.fr\/wp-content\/uploads\/2018\/05\/Louis-XI-690x410.jpg\" alt=\"\" \/>\r\n\r\n\t\t\t\t\t<\/div>\r\n\t\t\t\t\t\t\t\t\t<div class=\"nc-widget-loches-bloc-page-content\">\r\n\r\n\t\t\t\t\t<div class=\"nc-widget-loches-bloc-page-title\">\r\n\t\t\t\t\t\tLouis XI\t\t\t\t\t<\/div>\r\n\t\t\t\t<\/div>\r\n\t\t\t\t\t\t\t\t\t<\/a>\r\n\t\t\t\t\t\t\t<\/div>\r\n\t\t\r\n<\/div>\r\n<\/div><\/div><\/div><\/div><div id=\"pg-1748-4\"  class=\"panel-grid panel-no-style\" ><div id=\"pgc-1748-4-0\"  class=\"panel-grid-cell\" ><div id=\"panel-1748-4-0-0\" class=\"so-panel widget widget_sow-editor panel-first-child panel-last-child\" data-index=\"6\" ><div\n\t\t\t\n\t\t\tclass=\"so-widget-sow-editor so-widget-sow-editor-base\"\n\t\t\t\n\t\t>\n<div class=\"siteorigin-widget-tinymce textwidget\">\n\t<h2 style=\"text-align: justify;\"><strong>The Royal City of Loches: a history marked by illustrious men and women<\/strong><\/h2>\n<p style=\"text-align: justify;\">Ch\u00e2teau de Loches was a prime stronghold throughout the Middle Ages, fought over by the French and English kingdoms and sprang from the battle between the Counts of Anjou and Blois. Foulques Nerra, the Count of Anjou, built the main tower \u2013 the keep \u2013 between 1013 and 1035.<\/p>\n<p style=\"text-align: justify;\">Then Richard the Lionheart, Philip II, King of France, and John Lackland, King of England, fought each other here in the late 12<sup>th<\/sup> and early 13<sup>th<\/sup> centuries. Saint Louis gave Loches the \u201croyal city\u201d status in 1249. This would change its royal fate at the end of the Middle Ages.<\/p>\n<p style=\"text-align: justify;\">In the 15<sup>th<\/sup> century, the City became a royal lodge and played host to Charles VI, Joan of Arc, Agn\u00e8s Sorel, Louis XI, Anne of Brittany (and her two husbands, Charles VIII and Louis XII) and Fran\u00e7ois I (who received the Holy Roman Emperor Charles V here in 1539). It was also a favourite residence among the Valois dynasty from 1418 up until the mid-16<sup>th<\/sup> century.<\/p>\n<\/div>\n<\/div><\/div><\/div><\/div><\/div>","protected":false},"excerpt":{"rendered":"<p>Agn\u00e8s Sorel Anne of Brittany Charles VII Joan of Arc Foulques Nerra Louis XI The Royal City of Loches: a history marked by illustrious men and women Ch\u00e2teau de [&hellip;]<\/p>\n","protected":false},"author":4,"featured_media":0,"parent":1742,"menu_order":0,"comment_status":"closed","ping_status":"closed","template":"","meta":{"footnotes":""},"class_list":["post-1748","page","type-page","status-publish","hentry"],"yoast_head":"<!-- This site is optimized with the Yoast SEO plugin v27.3 - https:\/\/yoast.com\/product\/yoast-seo-wordpress\/ -->\n<title>D\u00e9couvrez les personnages historiques du ch\u00e2teau de Loches<\/title>\n<meta name=\"description\" content=\"Anne de Bretagne, Charles VII, Agn\u00e8s Sorel, Foulques Nerra ou encore Fran\u00e7ois 1er sont autant de personnages historiques qui ont \u00e9lu r\u00e9sidence \u00e0 la Cit\u00e9 Royale de Loches. Venez d\u00e9couvrir leur histoire.\" \/>\n<meta name=\"robots\" content=\"index, follow, max-snippet:-1, max-image-preview:large, max-video-preview:-1\" \/>\n<link rel=\"canonical\" href=\"https:\/\/citeroyaleloches.fr\/en\/donjon-de-loches\/characters\" \/>\n<meta property=\"og:locale\" content=\"en_US\" \/>\n<meta property=\"og:type\" content=\"article\" \/>\n<meta property=\"og:title\" content=\"D\u00e9couvrez les personnages historiques du ch\u00e2teau de Loches\" \/>\n<meta property=\"og:description\" content=\"Anne de Bretagne, Charles VII, Agn\u00e8s Sorel, Foulques Nerra ou encore Fran\u00e7ois 1er sont autant de personnages historiques qui ont \u00e9lu r\u00e9sidence \u00e0 la Cit\u00e9 Royale de Loches. Venez d\u00e9couvrir leur histoire.\" \/>\n<meta property=\"og:url\" content=\"https:\/\/citeroyaleloches.fr\/en\/donjon-de-loches\/characters\" \/>\n<meta property=\"og:site_name\" content=\"Cit\u00e9 Royale de Loches\" \/>\n<meta property=\"article:modified_time\" content=\"2022-12-16T14:06:28+00:00\" \/>\n<meta name=\"twitter:card\" content=\"summary_large_image\" \/>\n<meta name=\"twitter:label1\" content=\"Est. reading time\" \/>\n\t<meta name=\"twitter:data1\" content=\"2 minutes\" \/>\n<script type=\"application\/ld+json\" class=\"yoast-schema-graph\">{\"@context\":\"https:\\\/\\\/schema.org\",\"@graph\":[{\"@type\":\"WebPage\",\"@id\":\"https:\\\/\\\/citeroyaleloches.fr\\\/en\\\/donjon-de-loches\\\/characters\",\"url\":\"https:\\\/\\\/citeroyaleloches.fr\\\/en\\\/donjon-de-loches\\\/characters\",\"name\":\"D\u00e9couvrez les personnages historiques du ch\u00e2teau de Loches\",\"isPartOf\":{\"@id\":\"https:\\\/\\\/citeroyaleloches.fr\\\/#website\"},\"datePublished\":\"2018-04-13T14:04:44+00:00\",\"dateModified\":\"2022-12-16T14:06:28+00:00\",\"description\":\"Anne de Bretagne, Charles VII, Agn\u00e8s Sorel, Foulques Nerra ou encore Fran\u00e7ois 1er sont autant de personnages historiques qui ont \u00e9lu r\u00e9sidence \u00e0 la Cit\u00e9 Royale de Loches. Venez d\u00e9couvrir leur histoire.\",\"breadcrumb\":{\"@id\":\"https:\\\/\\\/citeroyaleloches.fr\\\/en\\\/donjon-de-loches\\\/characters#breadcrumb\"},\"inLanguage\":\"en-US\",\"potentialAction\":[{\"@type\":\"ReadAction\",\"target\":[\"https:\\\/\\\/citeroyaleloches.fr\\\/en\\\/donjon-de-loches\\\/characters\"]}]},{\"@type\":\"BreadcrumbList\",\"@id\":\"https:\\\/\\\/citeroyaleloches.fr\\\/en\\\/donjon-de-loches\\\/characters#breadcrumb\",\"itemListElement\":[{\"@type\":\"ListItem\",\"position\":1,\"name\":\"Accueil\",\"item\":\"https:\\\/\\\/citeroyaleloches.fr\\\/en\"},{\"@type\":\"ListItem\",\"position\":2,\"name\":\"Discover\",\"item\":\"https:\\\/\\\/citeroyaleloches.fr\\\/en\\\/donjon-de-loches\"},{\"@type\":\"ListItem\",\"position\":3,\"name\":\"Historical figures\"}]},{\"@type\":\"WebSite\",\"@id\":\"https:\\\/\\\/citeroyaleloches.fr\\\/#website\",\"url\":\"https:\\\/\\\/citeroyaleloches.fr\\\/\",\"name\":\"Cit\u00e9 Royale de Loches\",\"description\":\"\",\"potentialAction\":[{\"@type\":\"SearchAction\",\"target\":{\"@type\":\"EntryPoint\",\"urlTemplate\":\"https:\\\/\\\/citeroyaleloches.fr\\\/?s={search_term_string}\"},\"query-input\":{\"@type\":\"PropertyValueSpecification\",\"valueRequired\":true,\"valueName\":\"search_term_string\"}}],\"inLanguage\":\"en-US\"}]}<\/script>\n<!-- \/ Yoast SEO plugin. -->","yoast_head_json":{"title":"D\u00e9couvrez les personnages historiques du ch\u00e2teau de Loches","description":"Anne de Bretagne, Charles VII, Agn\u00e8s Sorel, Foulques Nerra ou encore Fran\u00e7ois 1er sont autant de personnages historiques qui ont \u00e9lu r\u00e9sidence \u00e0 la Cit\u00e9 Royale de Loches. Venez d\u00e9couvrir leur histoire.","robots":{"index":"index","follow":"follow","max-snippet":"max-snippet:-1","max-image-preview":"max-image-preview:large","max-video-preview":"max-video-preview:-1"},"canonical":"https:\/\/citeroyaleloches.fr\/en\/donjon-de-loches\/characters","og_locale":"en_US","og_type":"article","og_title":"D\u00e9couvrez les personnages historiques du ch\u00e2teau de Loches","og_description":"Anne de Bretagne, Charles VII, Agn\u00e8s Sorel, Foulques Nerra ou encore Fran\u00e7ois 1er sont autant de personnages historiques qui ont \u00e9lu r\u00e9sidence \u00e0 la Cit\u00e9 Royale de Loches. Venez d\u00e9couvrir leur histoire.","og_url":"https:\/\/citeroyaleloches.fr\/en\/donjon-de-loches\/characters","og_site_name":"Cit\u00e9 Royale de Loches","article_modified_time":"2022-12-16T14:06:28+00:00","twitter_card":"summary_large_image","twitter_misc":{"Est. reading time":"2 minutes"},"schema":{"@context":"https:\/\/schema.org","@graph":[{"@type":"WebPage","@id":"https:\/\/citeroyaleloches.fr\/en\/donjon-de-loches\/characters","url":"https:\/\/citeroyaleloches.fr\/en\/donjon-de-loches\/characters","name":"D\u00e9couvrez les personnages historiques du ch\u00e2teau de Loches","isPartOf":{"@id":"https:\/\/citeroyaleloches.fr\/#website"},"datePublished":"2018-04-13T14:04:44+00:00","dateModified":"2022-12-16T14:06:28+00:00","description":"Anne de Bretagne, Charles VII, Agn\u00e8s Sorel, Foulques Nerra ou encore Fran\u00e7ois 1er sont autant de personnages historiques qui ont \u00e9lu r\u00e9sidence \u00e0 la Cit\u00e9 Royale de Loches. Venez d\u00e9couvrir leur histoire.","breadcrumb":{"@id":"https:\/\/citeroyaleloches.fr\/en\/donjon-de-loches\/characters#breadcrumb"},"inLanguage":"en-US","potentialAction":[{"@type":"ReadAction","target":["https:\/\/citeroyaleloches.fr\/en\/donjon-de-loches\/characters"]}]},{"@type":"BreadcrumbList","@id":"https:\/\/citeroyaleloches.fr\/en\/donjon-de-loches\/characters#breadcrumb","itemListElement":[{"@type":"ListItem","position":1,"name":"Accueil","item":"https:\/\/citeroyaleloches.fr\/en"},{"@type":"ListItem","position":2,"name":"Discover","item":"https:\/\/citeroyaleloches.fr\/en\/donjon-de-loches"},{"@type":"ListItem","position":3,"name":"Historical figures"}]},{"@type":"WebSite","@id":"https:\/\/citeroyaleloches.fr\/#website","url":"https:\/\/citeroyaleloches.fr\/","name":"Cit\u00e9 Royale de Loches","description":"","potentialAction":[{"@type":"SearchAction","target":{"@type":"EntryPoint","urlTemplate":"https:\/\/citeroyaleloches.fr\/?s={search_term_string}"},"query-input":{"@type":"PropertyValueSpecification","valueRequired":true,"valueName":"search_term_string"}}],"inLanguage":"en-US"}]}},"_links":{"self":[{"href":"https:\/\/citeroyaleloches.fr\/en\/wp-json\/wp\/v2\/pages\/1748","targetHints":{"allow":["GET"]}}],"collection":[{"href":"https:\/\/citeroyaleloches.fr\/en\/wp-json\/wp\/v2\/pages"}],"about":[{"href":"https:\/\/citeroyaleloches.fr\/en\/wp-json\/wp\/v2\/types\/page"}],"author":[{"embeddable":true,"href":"https:\/\/citeroyaleloches.fr\/en\/wp-json\/wp\/v2\/users\/4"}],"replies":[{"embeddable":true,"href":"https:\/\/citeroyaleloches.fr\/en\/wp-json\/wp\/v2\/comments?post=1748"}],"version-history":[{"count":5,"href":"https:\/\/citeroyaleloches.fr\/en\/wp-json\/wp\/v2\/pages\/1748\/revisions"}],"predecessor-version":[{"id":5824,"href":"https:\/\/citeroyaleloches.fr\/en\/wp-json\/wp\/v2\/pages\/1748\/revisions\/5824"}],"up":[{"embeddable":true,"href":"https:\/\/citeroyaleloches.fr\/en\/wp-json\/wp\/v2\/pages\/1742"}],"wp:attachment":[{"href":"https:\/\/citeroyaleloches.fr\/en\/wp-json\/wp\/v2\/media?parent=1748"}],"curies":[{"name":"wp","href":"https:\/\/api.w.org\/{rel}","templated":true}]}}