{"id":1742,"date":"2018-04-13T16:02:28","date_gmt":"2018-04-13T14:02:28","guid":{"rendered":"https:\/\/citeroyaleloches.fr\/donjon-de-loches"},"modified":"2023-11-15T10:17:15","modified_gmt":"2023-11-15T09:17:15","slug":"donjon-de-loches","status":"publish","type":"page","link":"https:\/\/citeroyaleloches.fr\/en\/donjon-de-loches","title":{"rendered":"Discover"},"content":{"rendered":"<div id=\"pl-1742\"  class=\"panel-layout\" ><div id=\"pg-1742-0\"  class=\"panel-grid panel-has-style\" ><div class=\"class-decouvre panel-row-style panel-row-style-for-1742-0\" ><div id=\"pgc-1742-0-0\"  class=\"panel-grid-cell\" ><div id=\"panel-1742-0-0-0\" class=\"so-panel widget widget_widget-bloc-page-loches panel-first-child\" data-index=\"0\" ><div\n\t\t\t\n\t\t\tclass=\"so-widget-widget-bloc-page-loches so-widget-widget-bloc-page-loches-base\"\n\t\t\t\n\t\t><div class=\"nc-widget-loches-bloc-page nc-widget-loches-bloc-page-fille-1\">\r\n\r\n\t\t\t\t<div class=\"nc-widget-loches-bloc-page-inner\">\r\n\t\t\t\t\t\t\t\t\t<a href=\"\/en\/donjon-de-loches\/history\">\r\n\t\t\t\t\t\t\t\t\t\t\t\t\t<div class=\"nc-widget-loches-bloc-page-image \">\r\n\t\t\t\t\t\t<img decoding=\"async\" src=\"https:\/\/citeroyaleloches.fr\/wp-content\/uploads\/2023\/11\/batisseurs-moyen-age-1-585x347.jpg\" alt=\"\" \/>\r\n\r\n\t\t\t\t\t<\/div>\r\n\t\t\t\t\t\t\t\t\t<div class=\"nc-widget-loches-bloc-page-content\">\r\n\r\n\t\t\t\t\t<div class=\"nc-widget-loches-bloc-page-title\">\r\n\t\t\t\t\t\tHistory\t\t\t\t\t<\/div>\r\n\t\t\t\t<\/div>\r\n\t\t\t\t\t\t\t\t\t<\/a>\r\n\t\t\t\t\t\t\t<\/div>\r\n\t\t\r\n<\/div>\r\n<\/div><\/div><div id=\"panel-1742-0-0-1\" class=\"so-panel widget widget_widget-bloc-page-loches panel-last-child\" data-index=\"1\" ><div\n\t\t\t\n\t\t\tclass=\"so-widget-widget-bloc-page-loches so-widget-widget-bloc-page-loches-base\"\n\t\t\t\n\t\t><div class=\"nc-widget-loches-bloc-page nc-widget-loches-bloc-page-fille-1\">\r\n\r\n\t\t\t\t<div class=\"nc-widget-loches-bloc-page-inner\">\r\n\t\t\t\t\t\t\t\t\t<a href=\"\/en\/donjon-de-loches\/visitor-trail\">\r\n\t\t\t\t\t\t\t\t\t\t\t\t\t<div class=\"nc-widget-loches-bloc-page-image \">\r\n\t\t\t\t\t\t<img decoding=\"async\" src=\"https:\/\/citeroyaleloches.fr\/wp-content\/uploads\/2023\/11\/Loches_nouvelleScenographie_credit_StevensFremont-8-scaled-decouvrir-585x347.jpg\" alt=\"\" \/>\r\n\r\n\t\t\t\t\t<\/div>\r\n\t\t\t\t\t\t\t\t\t<div class=\"nc-widget-loches-bloc-page-content\">\r\n\r\n\t\t\t\t\t<div class=\"nc-widget-loches-bloc-page-title\">\r\n\t\t\t\t\t\tTour circuit\t\t\t\t\t<\/div>\r\n\t\t\t\t<\/div>\r\n\t\t\t\t\t\t\t\t\t<\/a>\r\n\t\t\t\t\t\t\t<\/div>\r\n\t\t\r\n<\/div>\r\n<\/div><\/div><\/div><div id=\"pgc-1742-0-1\"  class=\"panel-grid-cell\" ><div id=\"panel-1742-0-1-0\" class=\"so-panel widget widget_widget-bloc-page-loches panel-first-child\" data-index=\"2\" ><div\n\t\t\t\n\t\t\tclass=\"so-widget-widget-bloc-page-loches so-widget-widget-bloc-page-loches-base\"\n\t\t\t\n\t\t><div class=\"nc-widget-loches-bloc-page nc-widget-loches-bloc-page-fille-1\">\r\n\r\n\t\t\t\t<div class=\"nc-widget-loches-bloc-page-inner\">\r\n\t\t\t\t\t\t\t\t\t<a href=\"\/en\/donjon-de-loches\/characters\">\r\n\t\t\t\t\t\t\t\t\t\t\t\t\t<div class=\"nc-widget-loches-bloc-page-image \">\r\n\t\t\t\t\t\t<img decoding=\"async\" src=\"https:\/\/citeroyaleloches.fr\/wp-content\/uploads\/2023\/11\/anne_de_bretagne-decouvrir-585x347.jpg\" alt=\"\" \/>\r\n\r\n\t\t\t\t\t<\/div>\r\n\t\t\t\t\t\t\t\t\t<div class=\"nc-widget-loches-bloc-page-content\">\r\n\r\n\t\t\t\t\t<div class=\"nc-widget-loches-bloc-page-title\">\r\n\t\t\t\t\t\tThe characters\t\t\t\t\t<\/div>\r\n\t\t\t\t<\/div>\r\n\t\t\t\t\t\t\t\t\t<\/a>\r\n\t\t\t\t\t\t\t<\/div>\r\n\t\t\r\n<\/div>\r\n<\/div><\/div><div id=\"panel-1742-0-1-1\" class=\"so-panel widget widget_widget-bloc-page-loches panel-last-child\" data-index=\"3\" ><div\n\t\t\t\n\t\t\tclass=\"so-widget-widget-bloc-page-loches so-widget-widget-bloc-page-loches-base\"\n\t\t\t\n\t\t><div class=\"nc-widget-loches-bloc-page nc-widget-loches-bloc-page-fille-1\">\r\n\r\n\t\t\t\t<div class=\"nc-widget-loches-bloc-page-inner\">\r\n\t\t\t\t\t\t\t\t\t<a href=\"\/en\/donjon-de-loches\/galerie-photos\">\r\n\t\t\t\t\t\t\t\t\t\t\t\t\t<div class=\"nc-widget-loches-bloc-page-image \">\r\n\t\t\t\t\t\t<img decoding=\"async\" src=\"https:\/\/citeroyaleloches.fr\/wp-content\/uploads\/2023\/11\/Histoire_slider-decouvrir-585x347.jpg\" alt=\"\" \/>\r\n\r\n\t\t\t\t\t<\/div>\r\n\t\t\t\t\t\t\t\t\t<div class=\"nc-widget-loches-bloc-page-content\">\r\n\r\n\t\t\t\t\t<div class=\"nc-widget-loches-bloc-page-title\">\r\n\t\t\t\t\t\tGallery\t\t\t\t\t<\/div>\r\n\t\t\t\t<\/div>\r\n\t\t\t\t\t\t\t\t\t<\/a>\r\n\t\t\t\t\t\t\t<\/div>\r\n\t\t\r\n<\/div>\r\n<\/div><\/div><\/div><\/div><\/div><div id=\"pg-1742-1\"  class=\"panel-grid panel-no-style\" ><div id=\"pgc-1742-1-0\"  class=\"panel-grid-cell\" ><div id=\"panel-1742-1-0-0\" class=\"so-panel widget widget_sow-editor panel-first-child panel-last-child\" data-index=\"4\" ><div\n\t\t\t\n\t\t\tclass=\"so-widget-sow-editor so-widget-sow-editor-base\"\n\t\t\t\n\t\t>\n<div class=\"siteorigin-widget-tinymce textwidget\">\n\t<h1 style=\"text-align: left;\"><strong>Discover la Cit\u00e9 Royale : the keep of Loches<\/strong><\/h1>\n<p>Situated in the Indre Valley, the Cit\u00e9 Royale of Loches is a unique heritage site. Built on a rocky spur and surrounded with a wall, this magnificent fortified city won't fail to surprise you ! It is in fact more than a fortified castle, as it consists of two major monuments: the keep and the royal residence. Constructed over five centuries, from the 11th to the 16th century, they will plunge you into the heart of the history of France and the Middle Ages.<\/p>\n<h2><strong>Visiting Loches<\/strong><\/h2>\n<p>Get in one of the most incredible fortified city of France, in Loches, Touraine for an outing in family. Meet historical figures for a thousand years, visiting the Cit\u00e9 royale de Loches : great women like <a href=\"https:\/\/citeroyaleloches.fr\/en\/donjon-de-loches\/characters\/jeanne-darc\">Joan of Arc<\/a>, <a href=\"https:\/\/citeroyaleloches.fr\/en\/donjon-de-loches\/characters\/agnes-sorel\">Agn\u00e8s Sorel<\/a> or <a href=\"https:\/\/citeroyaleloches.fr\/en\/donjon-de-loches\/characters\/anne-bretagne\">Anne of Brittany<\/a>, and kings like <a href=\"https:\/\/citeroyaleloches.fr\/en\/donjon-de-loches\/characters\/charles-vii\">Charles VIIth<\/a>, <a href=\"https:\/\/citeroyaleloches.fr\/en\/donjon-de-loches\/characters\/louis-xi\">Louis XIth<\/a>, Charles VIIIth or Francis Ist.<\/p>\n<\/div>\n<\/div><\/div><\/div><\/div><\/div>","protected":false},"excerpt":{"rendered":"<p>Discover la Cit\u00e9 Royale : the keep of Loches Situated in the Indre Valley, the Cit\u00e9 Royale of Loches is a unique heritage site. Built on a rocky spur [&hellip;]<\/p>\n","protected":false},"author":4,"featured_media":0,"parent":0,"menu_order":0,"comment_status":"closed","ping_status":"closed","template":"","meta":{"footnotes":""},"class_list":["post-1742","page","type-page","status-publish","hentry"],"yoast_head":"<!-- This site is optimized with the Yoast SEO plugin v27.3 - https:\/\/yoast.com\/product\/yoast-seo-wordpress\/ -->\n<title>Cit\u00e9 Royale de Loches : visitez le donjon et le logis royal<\/title>\n<meta name=\"description\" content=\"Erig\u00e9e au XIe si\u00e8cle, la forteresse de Loches comprend un donjon m\u00e9di\u00e9val, le logis royal et la coll\u00e9giale Saint-Ours. Venez visiter loches et d\u00e9couvrir la beaut\u00e9 de ses monuments historiques.\" \/>\n<meta name=\"robots\" content=\"index, follow, max-snippet:-1, max-image-preview:large, max-video-preview:-1\" \/>\n<link rel=\"canonical\" href=\"https:\/\/citeroyaleloches.fr\/en\/donjon-de-loches\" \/>\n<meta property=\"og:locale\" content=\"en_US\" \/>\n<meta property=\"og:type\" content=\"article\" \/>\n<meta property=\"og:title\" content=\"Cit\u00e9 Royale de Loches : visitez le donjon et le logis royal\" \/>\n<meta property=\"og:description\" content=\"Erig\u00e9e au XIe si\u00e8cle, la forteresse de Loches comprend un donjon m\u00e9di\u00e9val, le logis royal et la coll\u00e9giale Saint-Ours. Venez visiter loches et d\u00e9couvrir la beaut\u00e9 de ses monuments historiques.\" \/>\n<meta property=\"og:url\" content=\"https:\/\/citeroyaleloches.fr\/en\/donjon-de-loches\" \/>\n<meta property=\"og:site_name\" content=\"Cit\u00e9 Royale de Loches\" \/>\n<meta property=\"article:modified_time\" content=\"2023-11-15T09:17:15+00:00\" \/>\n<meta name=\"twitter:card\" content=\"summary_large_image\" \/>\n<meta name=\"twitter:label1\" content=\"Est. reading time\" \/>\n\t<meta name=\"twitter:data1\" content=\"1 minute\" \/>\n<script type=\"application\/ld+json\" class=\"yoast-schema-graph\">{\"@context\":\"https:\\\/\\\/schema.org\",\"@graph\":[{\"@type\":\"WebPage\",\"@id\":\"https:\\\/\\\/citeroyaleloches.fr\\\/en\\\/donjon-de-loches\",\"url\":\"https:\\\/\\\/citeroyaleloches.fr\\\/en\\\/donjon-de-loches\",\"name\":\"Cit\u00e9 Royale de Loches : visitez le donjon et le logis royal\",\"isPartOf\":{\"@id\":\"https:\\\/\\\/citeroyaleloches.fr\\\/#website\"},\"datePublished\":\"2018-04-13T14:02:28+00:00\",\"dateModified\":\"2023-11-15T09:17:15+00:00\",\"description\":\"Erig\u00e9e au XIe si\u00e8cle, la forteresse de Loches comprend un donjon m\u00e9di\u00e9val, le logis royal et la coll\u00e9giale Saint-Ours. Venez visiter loches et d\u00e9couvrir la beaut\u00e9 de ses monuments historiques.\",\"breadcrumb\":{\"@id\":\"https:\\\/\\\/citeroyaleloches.fr\\\/en\\\/donjon-de-loches#breadcrumb\"},\"inLanguage\":\"en-US\",\"potentialAction\":[{\"@type\":\"ReadAction\",\"target\":[\"https:\\\/\\\/citeroyaleloches.fr\\\/en\\\/donjon-de-loches\"]}]},{\"@type\":\"BreadcrumbList\",\"@id\":\"https:\\\/\\\/citeroyaleloches.fr\\\/en\\\/donjon-de-loches#breadcrumb\",\"itemListElement\":[{\"@type\":\"ListItem\",\"position\":1,\"name\":\"Accueil\",\"item\":\"https:\\\/\\\/citeroyaleloches.fr\\\/en\"},{\"@type\":\"ListItem\",\"position\":2,\"name\":\"Discover\"}]},{\"@type\":\"WebSite\",\"@id\":\"https:\\\/\\\/citeroyaleloches.fr\\\/#website\",\"url\":\"https:\\\/\\\/citeroyaleloches.fr\\\/\",\"name\":\"Cit\u00e9 Royale de Loches\",\"description\":\"\",\"potentialAction\":[{\"@type\":\"SearchAction\",\"target\":{\"@type\":\"EntryPoint\",\"urlTemplate\":\"https:\\\/\\\/citeroyaleloches.fr\\\/?s={search_term_string}\"},\"query-input\":{\"@type\":\"PropertyValueSpecification\",\"valueRequired\":true,\"valueName\":\"search_term_string\"}}],\"inLanguage\":\"en-US\"}]}<\/script>\n<!-- \/ Yoast SEO plugin. -->","yoast_head_json":{"title":"Cit\u00e9 Royale de Loches : visitez le donjon et le logis royal","description":"Erig\u00e9e au XIe si\u00e8cle, la forteresse de Loches comprend un donjon m\u00e9di\u00e9val, le logis royal et la coll\u00e9giale Saint-Ours. Venez visiter loches et d\u00e9couvrir la beaut\u00e9 de ses monuments historiques.","robots":{"index":"index","follow":"follow","max-snippet":"max-snippet:-1","max-image-preview":"max-image-preview:large","max-video-preview":"max-video-preview:-1"},"canonical":"https:\/\/citeroyaleloches.fr\/en\/donjon-de-loches","og_locale":"en_US","og_type":"article","og_title":"Cit\u00e9 Royale de Loches : visitez le donjon et le logis royal","og_description":"Erig\u00e9e au XIe si\u00e8cle, la forteresse de Loches comprend un donjon m\u00e9di\u00e9val, le logis royal et la coll\u00e9giale Saint-Ours. Venez visiter loches et d\u00e9couvrir la beaut\u00e9 de ses monuments historiques.","og_url":"https:\/\/citeroyaleloches.fr\/en\/donjon-de-loches","og_site_name":"Cit\u00e9 Royale de Loches","article_modified_time":"2023-11-15T09:17:15+00:00","twitter_card":"summary_large_image","twitter_misc":{"Est. reading time":"1 minute"},"schema":{"@context":"https:\/\/schema.org","@graph":[{"@type":"WebPage","@id":"https:\/\/citeroyaleloches.fr\/en\/donjon-de-loches","url":"https:\/\/citeroyaleloches.fr\/en\/donjon-de-loches","name":"Cit\u00e9 Royale de Loches : visitez le donjon et le logis royal","isPartOf":{"@id":"https:\/\/citeroyaleloches.fr\/#website"},"datePublished":"2018-04-13T14:02:28+00:00","dateModified":"2023-11-15T09:17:15+00:00","description":"Erig\u00e9e au XIe si\u00e8cle, la forteresse de Loches comprend un donjon m\u00e9di\u00e9val, le logis royal et la coll\u00e9giale Saint-Ours. Venez visiter loches et d\u00e9couvrir la beaut\u00e9 de ses monuments historiques.","breadcrumb":{"@id":"https:\/\/citeroyaleloches.fr\/en\/donjon-de-loches#breadcrumb"},"inLanguage":"en-US","potentialAction":[{"@type":"ReadAction","target":["https:\/\/citeroyaleloches.fr\/en\/donjon-de-loches"]}]},{"@type":"BreadcrumbList","@id":"https:\/\/citeroyaleloches.fr\/en\/donjon-de-loches#breadcrumb","itemListElement":[{"@type":"ListItem","position":1,"name":"Accueil","item":"https:\/\/citeroyaleloches.fr\/en"},{"@type":"ListItem","position":2,"name":"Discover"}]},{"@type":"WebSite","@id":"https:\/\/citeroyaleloches.fr\/#website","url":"https:\/\/citeroyaleloches.fr\/","name":"Cit\u00e9 Royale de Loches","description":"","potentialAction":[{"@type":"SearchAction","target":{"@type":"EntryPoint","urlTemplate":"https:\/\/citeroyaleloches.fr\/?s={search_term_string}"},"query-input":{"@type":"PropertyValueSpecification","valueRequired":true,"valueName":"search_term_string"}}],"inLanguage":"en-US"}]}},"_links":{"self":[{"href":"https:\/\/citeroyaleloches.fr\/en\/wp-json\/wp\/v2\/pages\/1742","targetHints":{"allow":["GET"]}}],"collection":[{"href":"https:\/\/citeroyaleloches.fr\/en\/wp-json\/wp\/v2\/pages"}],"about":[{"href":"https:\/\/citeroyaleloches.fr\/en\/wp-json\/wp\/v2\/types\/page"}],"author":[{"embeddable":true,"href":"https:\/\/citeroyaleloches.fr\/en\/wp-json\/wp\/v2\/users\/4"}],"replies":[{"embeddable":true,"href":"https:\/\/citeroyaleloches.fr\/en\/wp-json\/wp\/v2\/comments?post=1742"}],"version-history":[{"count":6,"href":"https:\/\/citeroyaleloches.fr\/en\/wp-json\/wp\/v2\/pages\/1742\/revisions"}],"predecessor-version":[{"id":6341,"href":"https:\/\/citeroyaleloches.fr\/en\/wp-json\/wp\/v2\/pages\/1742\/revisions\/6341"}],"wp:attachment":[{"href":"https:\/\/citeroyaleloches.fr\/en\/wp-json\/wp\/v2\/media?parent=1742"}],"curies":[{"name":"wp","href":"https:\/\/api.w.org\/{rel}","templated":true}]}}