{"id":1737,"date":"2018-04-13T16:03:49","date_gmt":"2018-04-13T14:03:49","guid":{"rendered":"https:\/\/citeroyaleloches.fr\/loches-tourisme"},"modified":"2023-12-28T12:04:25","modified_gmt":"2023-12-28T11:04:25","slug":"loches-tourisme","status":"publish","type":"page","link":"https:\/\/citeroyaleloches.fr\/en\/loches-tourisme","title":{"rendered":"Professionals"},"content":{"rendered":"<div id=\"pl-1737\"  class=\"panel-layout\" ><div id=\"pg-1737-0\"  class=\"panel-grid panel-no-style\" ><div id=\"pgc-1737-0-0\"  class=\"panel-grid-cell panel-grid-cell-empty\" ><\/div><\/div><div id=\"pg-1737-1\"  class=\"panel-grid panel-no-style\" ><div id=\"pgc-1737-1-0\"  class=\"panel-grid-cell\" ><div id=\"panel-1737-1-0-0\" class=\"so-panel widget widget_sow-editor panel-first-child panel-last-child\" data-index=\"0\" ><div\n\t\t\t\n\t\t\tclass=\"so-widget-sow-editor so-widget-sow-editor-base\"\n\t\t\t\n\t\t>\n<div class=\"siteorigin-widget-tinymce textwidget\">\n\t<p style=\"text-align: justify;\">The Royal City of Loches is a must-visit on the Loire Valley Ch\u00e2teaux Route with 500 years of history and a unique site in an authentic and unspoilt setting.<\/p>\n<p style=\"text-align: justify;\">The team at the Royal City of Loches is here to help you find the tour that best suits your needs. No matter your time limits, numbers or access requirements, we can help you plan your customers' visit.<\/p>\n<p style=\"text-align: justify;\">The Royal City of Loches provides\u00a0<strong>guided <\/strong><strong>tours<\/strong>\u00a0at no extra charge.<\/p>\n<h3 style=\"text-align: justify;\">TICKETS<\/h3>\n<ul style=\"text-align: justify;\">\n<li>Trade \u20ac7.50 (tourism professionals, agencies, coach drivers)<\/li>\n<li>Group 15 people \u20ac8.50\/pax<\/li>\n<\/ul>\n<h3 style=\"text-align: justify;\">For your customers' CONVENIENCE<\/h3>\n<ol style=\"text-align: justify;\">\n<li>A large free coach park within a 10 minute walk of the Royal City entrance.<\/li>\n<li>Gift shops (one in the keep and one in the royal lodge) with a wide range of souvenirs for sale<\/li>\n<\/ol>\n<p style=\"text-align: justify;\"><a class=\"btn\" href=\"https:\/\/citeroyaleloches.fr\/wp-content\/uploads\/2023\/12\/EN_Support_co_Loches_2024.pdf\" target=\"_blank\" rel=\"noopener noreferrer\">Download the professional presentation file<\/a><\/p>\n<p style=\"text-align: justify;\">The Royal City of Loches regularly works with other regional tourist attractions and Loches Touraine Ch\u00e2teaux de la Loire Tourist Information. There are places for your group to stay near the Royal City of Loches.<\/p>\n<\/div>\n<\/div><\/div><\/div><\/div><\/div>","protected":false},"excerpt":{"rendered":"<p>The Royal City of Loches is a must-visit on the Loire Valley Ch\u00e2teaux Route with 500 years of history and a unique site in an authentic and unspoilt setting. [&hellip;]<\/p>\n","protected":false},"author":4,"featured_media":0,"parent":0,"menu_order":0,"comment_status":"closed","ping_status":"closed","template":"","meta":{"footnotes":""},"class_list":["post-1737","page","type-page","status-publish","hentry"],"yoast_head":"<!-- This site is optimized with the Yoast SEO plugin v27.4 - https:\/\/yoast.com\/product\/yoast-seo-wordpress\/ -->\n<title>Tourisme \u00e0 Loches : espace d\u00e9di\u00e9 aux professionnels<\/title>\n<meta name=\"description\" content=\"Retrouvez toutes les informations li\u00e9es au tourisme \u00e0 Loches. Visite du ch\u00e2teau, circuit des ch\u00e2teaux de la Loire, tournage de film, location de salles et contact presse.\" \/>\n<meta name=\"robots\" content=\"index, follow, max-snippet:-1, max-image-preview:large, max-video-preview:-1\" \/>\n<link rel=\"canonical\" href=\"https:\/\/citeroyaleloches.fr\/en\/loches-tourisme\" \/>\n<meta property=\"og:locale\" content=\"en_US\" \/>\n<meta property=\"og:type\" content=\"article\" \/>\n<meta property=\"og:title\" content=\"Tourisme \u00e0 Loches : espace d\u00e9di\u00e9 aux professionnels\" \/>\n<meta property=\"og:description\" content=\"Retrouvez toutes les informations li\u00e9es au tourisme \u00e0 Loches. Visite du ch\u00e2teau, circuit des ch\u00e2teaux de la Loire, tournage de film, location de salles et contact presse.\" \/>\n<meta property=\"og:url\" content=\"https:\/\/citeroyaleloches.fr\/en\/loches-tourisme\" \/>\n<meta property=\"og:site_name\" content=\"Cit\u00e9 Royale de Loches\" \/>\n<meta property=\"article:modified_time\" content=\"2023-12-28T11:04:25+00:00\" \/>\n<meta name=\"twitter:card\" content=\"summary_large_image\" \/>\n<meta name=\"twitter:label1\" content=\"Est. reading time\" \/>\n\t<meta name=\"twitter:data1\" content=\"1 minute\" \/>\n<script type=\"application\/ld+json\" class=\"yoast-schema-graph\">{\"@context\":\"https:\\\/\\\/schema.org\",\"@graph\":[{\"@type\":\"WebPage\",\"@id\":\"https:\\\/\\\/citeroyaleloches.fr\\\/en\\\/loches-tourisme\",\"url\":\"https:\\\/\\\/citeroyaleloches.fr\\\/en\\\/loches-tourisme\",\"name\":\"Tourisme \u00e0 Loches : espace d\u00e9di\u00e9 aux professionnels\",\"isPartOf\":{\"@id\":\"https:\\\/\\\/citeroyaleloches.fr\\\/#website\"},\"datePublished\":\"2018-04-13T14:03:49+00:00\",\"dateModified\":\"2023-12-28T11:04:25+00:00\",\"description\":\"Retrouvez toutes les informations li\u00e9es au tourisme \u00e0 Loches. Visite du ch\u00e2teau, circuit des ch\u00e2teaux de la Loire, tournage de film, location de salles et contact presse.\",\"breadcrumb\":{\"@id\":\"https:\\\/\\\/citeroyaleloches.fr\\\/en\\\/loches-tourisme#breadcrumb\"},\"inLanguage\":\"en-US\",\"potentialAction\":[{\"@type\":\"ReadAction\",\"target\":[\"https:\\\/\\\/citeroyaleloches.fr\\\/en\\\/loches-tourisme\"]}]},{\"@type\":\"BreadcrumbList\",\"@id\":\"https:\\\/\\\/citeroyaleloches.fr\\\/en\\\/loches-tourisme#breadcrumb\",\"itemListElement\":[{\"@type\":\"ListItem\",\"position\":1,\"name\":\"Accueil\",\"item\":\"https:\\\/\\\/citeroyaleloches.fr\\\/en\"},{\"@type\":\"ListItem\",\"position\":2,\"name\":\"Professionals\"}]},{\"@type\":\"WebSite\",\"@id\":\"https:\\\/\\\/citeroyaleloches.fr\\\/#website\",\"url\":\"https:\\\/\\\/citeroyaleloches.fr\\\/\",\"name\":\"Cit\u00e9 Royale de Loches\",\"description\":\"\",\"potentialAction\":[{\"@type\":\"SearchAction\",\"target\":{\"@type\":\"EntryPoint\",\"urlTemplate\":\"https:\\\/\\\/citeroyaleloches.fr\\\/?s={search_term_string}\"},\"query-input\":{\"@type\":\"PropertyValueSpecification\",\"valueRequired\":true,\"valueName\":\"search_term_string\"}}],\"inLanguage\":\"en-US\"}]}<\/script>\n<!-- \/ Yoast SEO plugin. -->","yoast_head_json":{"title":"Tourisme \u00e0 Loches : espace d\u00e9di\u00e9 aux professionnels","description":"Retrouvez toutes les informations li\u00e9es au tourisme \u00e0 Loches. Visite du ch\u00e2teau, circuit des ch\u00e2teaux de la Loire, tournage de film, location de salles et contact presse.","robots":{"index":"index","follow":"follow","max-snippet":"max-snippet:-1","max-image-preview":"max-image-preview:large","max-video-preview":"max-video-preview:-1"},"canonical":"https:\/\/citeroyaleloches.fr\/en\/loches-tourisme","og_locale":"en_US","og_type":"article","og_title":"Tourisme \u00e0 Loches : espace d\u00e9di\u00e9 aux professionnels","og_description":"Retrouvez toutes les informations li\u00e9es au tourisme \u00e0 Loches. Visite du ch\u00e2teau, circuit des ch\u00e2teaux de la Loire, tournage de film, location de salles et contact presse.","og_url":"https:\/\/citeroyaleloches.fr\/en\/loches-tourisme","og_site_name":"Cit\u00e9 Royale de Loches","article_modified_time":"2023-12-28T11:04:25+00:00","twitter_card":"summary_large_image","twitter_misc":{"Est. reading time":"1 minute"},"schema":{"@context":"https:\/\/schema.org","@graph":[{"@type":"WebPage","@id":"https:\/\/citeroyaleloches.fr\/en\/loches-tourisme","url":"https:\/\/citeroyaleloches.fr\/en\/loches-tourisme","name":"Tourisme \u00e0 Loches : espace d\u00e9di\u00e9 aux professionnels","isPartOf":{"@id":"https:\/\/citeroyaleloches.fr\/#website"},"datePublished":"2018-04-13T14:03:49+00:00","dateModified":"2023-12-28T11:04:25+00:00","description":"Retrouvez toutes les informations li\u00e9es au tourisme \u00e0 Loches. Visite du ch\u00e2teau, circuit des ch\u00e2teaux de la Loire, tournage de film, location de salles et contact presse.","breadcrumb":{"@id":"https:\/\/citeroyaleloches.fr\/en\/loches-tourisme#breadcrumb"},"inLanguage":"en-US","potentialAction":[{"@type":"ReadAction","target":["https:\/\/citeroyaleloches.fr\/en\/loches-tourisme"]}]},{"@type":"BreadcrumbList","@id":"https:\/\/citeroyaleloches.fr\/en\/loches-tourisme#breadcrumb","itemListElement":[{"@type":"ListItem","position":1,"name":"Accueil","item":"https:\/\/citeroyaleloches.fr\/en"},{"@type":"ListItem","position":2,"name":"Professionals"}]},{"@type":"WebSite","@id":"https:\/\/citeroyaleloches.fr\/#website","url":"https:\/\/citeroyaleloches.fr\/","name":"Cit\u00e9 Royale de Loches","description":"","potentialAction":[{"@type":"SearchAction","target":{"@type":"EntryPoint","urlTemplate":"https:\/\/citeroyaleloches.fr\/?s={search_term_string}"},"query-input":{"@type":"PropertyValueSpecification","valueRequired":true,"valueName":"search_term_string"}}],"inLanguage":"en-US"}]}},"_links":{"self":[{"href":"https:\/\/citeroyaleloches.fr\/en\/wp-json\/wp\/v2\/pages\/1737","targetHints":{"allow":["GET"]}}],"collection":[{"href":"https:\/\/citeroyaleloches.fr\/en\/wp-json\/wp\/v2\/pages"}],"about":[{"href":"https:\/\/citeroyaleloches.fr\/en\/wp-json\/wp\/v2\/types\/page"}],"author":[{"embeddable":true,"href":"https:\/\/citeroyaleloches.fr\/en\/wp-json\/wp\/v2\/users\/4"}],"replies":[{"embeddable":true,"href":"https:\/\/citeroyaleloches.fr\/en\/wp-json\/wp\/v2\/comments?post=1737"}],"version-history":[{"count":6,"href":"https:\/\/citeroyaleloches.fr\/en\/wp-json\/wp\/v2\/pages\/1737\/revisions"}],"predecessor-version":[{"id":6389,"href":"https:\/\/citeroyaleloches.fr\/en\/wp-json\/wp\/v2\/pages\/1737\/revisions\/6389"}],"wp:attachment":[{"href":"https:\/\/citeroyaleloches.fr\/en\/wp-json\/wp\/v2\/media?parent=1737"}],"curies":[{"name":"wp","href":"https:\/\/api.w.org\/{rel}","templated":true}]}}