{"id":1702,"date":"2018-04-13T16:03:00","date_gmt":"2018-04-13T14:03:00","guid":{"rendered":"https:\/\/citeroyaleloches.fr\/visite-chateau"},"modified":"2022-12-16T15:12:36","modified_gmt":"2022-12-16T14:12:36","slug":"visite-chateau","status":"publish","type":"page","link":"https:\/\/citeroyaleloches.fr\/en\/visite-chateau","title":{"rendered":"Prepare for your visit"},"content":{"rendered":"<div id=\"pl-1702\"  class=\"panel-layout\" ><div id=\"pg-1702-0\"  class=\"panel-grid panel-no-style\" ><div id=\"pgc-1702-0-0\"  class=\"panel-grid-cell\" ><div id=\"panel-1702-0-0-0\" class=\"so-panel widget widget_widget-bloc-page-loches panel-first-child panel-last-child\" data-index=\"0\" ><div\n\t\t\t\n\t\t\tclass=\"so-widget-widget-bloc-page-loches so-widget-widget-bloc-page-loches-base\"\n\t\t\t\n\t\t><div class=\"nc-widget-loches-bloc-page nc-widget-loches-bloc-page-fille-1\">\r\n\r\n\t\t\t\t<div class=\"nc-widget-loches-bloc-page-inner\">\r\n\t\t\t\t\t\t\t\t\t<a href=\"https:\/\/citeroyaleloches.fr\/en\/visite-chateau\/opening-hours-prices\">\r\n\t\t\t\t\t\t\t\t\t\t\t\t\t<div class=\"nc-widget-loches-bloc-page-image \">\r\n\t\t\t\t\t\t<img decoding=\"async\" src=\"https:\/\/citeroyaleloches.fr\/wp-content\/uploads\/2018\/05\/Histoire_vignette1-1-690x410.jpg\" alt=\"\" \/>\r\n\r\n\t\t\t\t\t<\/div>\r\n\t\t\t\t\t\t\t\t\t<div class=\"nc-widget-loches-bloc-page-content\">\r\n\r\n\t\t\t\t\t<div class=\"nc-widget-loches-bloc-page-title\">\r\n\t\t\t\t\t\tOpening times &amp; prices\t\t\t\t\t<\/div>\r\n\t\t\t\t<\/div>\r\n\t\t\t\t\t\t\t\t\t<\/a>\r\n\t\t\t\t\t\t\t<\/div>\r\n\t\t\r\n<\/div>\r\n<\/div><\/div><\/div><div id=\"pgc-1702-0-1\"  class=\"panel-grid-cell\" ><div id=\"panel-1702-0-1-0\" class=\"so-panel widget widget_widget-bloc-page-loches panel-first-child panel-last-child\" data-index=\"1\" ><div\n\t\t\t\n\t\t\tclass=\"so-widget-widget-bloc-page-loches so-widget-widget-bloc-page-loches-base\"\n\t\t\t\n\t\t><div class=\"nc-widget-loches-bloc-page nc-widget-loches-bloc-page-fille-1\">\r\n\r\n\t\t\t\t<div class=\"nc-widget-loches-bloc-page-inner\">\r\n\t\t\t\t\t\t\t\t\t<a href=\"https:\/\/citeroyaleloches.fr\/en\/visite-chateau\/tours\">\r\n\t\t\t\t\t\t\t\t\t\t\t\t\t<div class=\"nc-widget-loches-bloc-page-image \">\r\n\t\t\t\t\t\t<img decoding=\"async\" src=\"https:\/\/citeroyaleloches.fr\/wp-content\/uploads\/2018\/04\/fouilles-690x410.jpg\" alt=\"\" \/>\r\n\r\n\t\t\t\t\t<\/div>\r\n\t\t\t\t\t\t\t\t\t<div class=\"nc-widget-loches-bloc-page-content\">\r\n\r\n\t\t\t\t\t<div class=\"nc-widget-loches-bloc-page-title\">\r\n\t\t\t\t\t\tTours\t\t\t\t\t<\/div>\r\n\t\t\t\t<\/div>\r\n\t\t\t\t\t\t\t\t\t<\/a>\r\n\t\t\t\t\t\t\t<\/div>\r\n\t\t\r\n<\/div>\r\n<\/div><\/div><\/div><div id=\"pgc-1702-0-2\"  class=\"panel-grid-cell\" ><div id=\"panel-1702-0-2-0\" class=\"so-panel widget widget_widget-bloc-page-loches panel-first-child panel-last-child\" data-index=\"2\" ><div\n\t\t\t\n\t\t\tclass=\"so-widget-widget-bloc-page-loches so-widget-widget-bloc-page-loches-base\"\n\t\t\t\n\t\t><div class=\"nc-widget-loches-bloc-page nc-widget-loches-bloc-page-fille-1\">\r\n\r\n\t\t\t\t<div class=\"nc-widget-loches-bloc-page-inner\">\r\n\t\t\t\t\t\t\t\t\t<a href=\"https:\/\/citeroyaleloches.fr\/en\/visite-chateau\/access\">\r\n\t\t\t\t\t\t\t\t\t\t\t\t\t<div class=\"nc-widget-loches-bloc-page-image \">\r\n\t\t\t\t\t\t<img decoding=\"async\" src=\"https:\/\/citeroyaleloches.fr\/wp-content\/uploads\/2018\/05\/logis-690x410.jpg\" alt=\"\" \/>\r\n\r\n\t\t\t\t\t<\/div>\r\n\t\t\t\t\t\t\t\t\t<div class=\"nc-widget-loches-bloc-page-content\">\r\n\r\n\t\t\t\t\t<div class=\"nc-widget-loches-bloc-page-title\">\r\n\t\t\t\t\t\tAccess\t\t\t\t\t<\/div>\r\n\t\t\t\t<\/div>\r\n\t\t\t\t\t\t\t\t\t<\/a>\r\n\t\t\t\t\t\t\t<\/div>\r\n\t\t\r\n<\/div>\r\n<\/div><\/div><\/div><\/div><div id=\"pg-1702-1\"  class=\"panel-grid panel-no-style\" ><div id=\"pgc-1702-1-0\"  class=\"panel-grid-cell\" ><div id=\"panel-1702-1-0-0\" class=\"so-panel widget widget_widget-bloc-page-loches panel-first-child panel-last-child\" data-index=\"3\" ><div\n\t\t\t\n\t\t\tclass=\"so-widget-widget-bloc-page-loches so-widget-widget-bloc-page-loches-base\"\n\t\t\t\n\t\t><div class=\"nc-widget-loches-bloc-page nc-widget-loches-bloc-page-fille-1\">\r\n\r\n\t\t\t\t<div class=\"nc-widget-loches-bloc-page-inner\">\r\n\t\t\t\t\t\t\t\t\t<a href=\"https:\/\/citeroyaleloches.fr\/en\/visite-chateau\/services\">\r\n\t\t\t\t\t\t\t\t\t\t\t\t\t<div class=\"nc-widget-loches-bloc-page-image \">\r\n\t\t\t\t\t\t<img decoding=\"async\" src=\"https:\/\/citeroyaleloches.fr\/wp-content\/uploads\/2022\/06\/Loches-Leonard-de-Serres-SI-15-scaled-690x410.jpg\" alt=\"\" \/>\r\n\r\n\t\t\t\t\t<\/div>\r\n\t\t\t\t\t\t\t\t\t<div class=\"nc-widget-loches-bloc-page-content\">\r\n\r\n\t\t\t\t\t<div class=\"nc-widget-loches-bloc-page-title\">\r\n\t\t\t\t\t\tServices\t\t\t\t\t<\/div>\r\n\t\t\t\t<\/div>\r\n\t\t\t\t\t\t\t\t\t<\/a>\r\n\t\t\t\t\t\t\t<\/div>\r\n\t\t\r\n<\/div>\r\n<\/div><\/div><\/div><div id=\"pgc-1702-1-1\"  class=\"panel-grid-cell\" ><div id=\"panel-1702-1-1-0\" class=\"so-panel widget widget_widget-bloc-page-loches panel-first-child panel-last-child\" data-index=\"4\" ><div\n\t\t\t\n\t\t\tclass=\"so-widget-widget-bloc-page-loches so-widget-widget-bloc-page-loches-base\"\n\t\t\t\n\t\t><div class=\"nc-widget-loches-bloc-page nc-widget-loches-bloc-page-fille-1\">\r\n\r\n\t\t\t\t<div class=\"nc-widget-loches-bloc-page-inner\">\r\n\t\t\t\t\t\t\t\t\t<a href=\"https:\/\/citeroyaleloches.fr\/en\/visite-chateau\/prepare-stay\">\r\n\t\t\t\t\t\t\t\t\t\t\t\t\t<div class=\"nc-widget-loches-bloc-page-image \">\r\n\t\t\t\t\t\t<img decoding=\"async\" src=\"https:\/\/citeroyaleloches.fr\/wp-content\/uploads\/2018\/04\/visites_famille-690x410.jpg\" alt=\"\" \/>\r\n\r\n\t\t\t\t\t<\/div>\r\n\t\t\t\t\t\t\t\t\t<div class=\"nc-widget-loches-bloc-page-content\">\r\n\r\n\t\t\t\t\t<div class=\"nc-widget-loches-bloc-page-title\">\r\n\t\t\t\t\t\tPrepare your stay\t\t\t\t\t<\/div>\r\n\t\t\t\t<\/div>\r\n\t\t\t\t\t\t\t\t\t<\/a>\r\n\t\t\t\t\t\t\t<\/div>\r\n\t\t\r\n<\/div>\r\n<\/div><\/div><\/div><\/div><div id=\"pg-1702-2\"  class=\"panel-grid panel-no-style\" ><div id=\"pgc-1702-2-0\"  class=\"panel-grid-cell\" ><div id=\"panel-1702-2-0-0\" class=\"so-panel widget widget_sow-editor panel-first-child panel-last-child\" data-index=\"5\" ><div\n\t\t\t\n\t\t\tclass=\"so-widget-sow-editor so-widget-sow-editor-base\"\n\t\t\t\n\t\t>\n<div class=\"siteorigin-widget-tinymce textwidget\">\n\t<h1 style=\"text-align: center;\">Welcome to the ROYAL CITY of Loches!<\/h1>\n<p style=\"text-align: justify;\">The Royal City of Loches lies on the Loire Valley Ch\u00e2teaux Route and is open all year round. Plan your trip so you don't miss a thing!<\/p>\n<p style=\"text-align: justify;\">We have all the information you need about tickets, admission, where to eat and sleep near the Royal City so you can make the most of your day or weekend exploring with family or friends.<\/p>\n<p>&nbsp;<\/p>\n<\/div>\n<\/div><\/div><\/div><\/div><\/div>","protected":false},"excerpt":{"rendered":"<p>Opening times &amp; prices Tours Access Services Prepare your stay Welcome to the ROYAL CITY of Loches! The Royal City of Loches lies on the Loire Valley Ch\u00e2teaux Route [&hellip;]<\/p>\n","protected":false},"author":4,"featured_media":0,"parent":0,"menu_order":0,"comment_status":"closed","ping_status":"closed","template":"","meta":{"footnotes":""},"class_list":["post-1702","page","type-page","status-publish","hentry"],"yoast_head":"<!-- This site is optimized with the Yoast SEO plugin v27.3 - https:\/\/yoast.com\/product\/yoast-seo-wordpress\/ -->\n<title>Visite du ch\u00e2teau de Loches : informations pratiques<\/title>\n<meta name=\"description\" content=\"D\u00e9couvrez les horaires, les tarifs et les modalit\u00e9s d\u2019acc\u00e8s \u00e0 la Cit\u00e9 Royale afin de pr\u00e9parer sereinement votre visite du ch\u00e2teau de Loches. Organisez votre itin\u00e9raire des ch\u00e2teaux de Loire ou venez passer un week-end en famille.\" \/>\n<meta name=\"robots\" content=\"index, follow, max-snippet:-1, max-image-preview:large, max-video-preview:-1\" \/>\n<link rel=\"canonical\" href=\"https:\/\/citeroyaleloches.fr\/en\/visite-chateau\" \/>\n<meta property=\"og:locale\" content=\"en_US\" \/>\n<meta property=\"og:type\" content=\"article\" \/>\n<meta property=\"og:title\" content=\"Visite du ch\u00e2teau de Loches : informations pratiques\" \/>\n<meta property=\"og:description\" content=\"D\u00e9couvrez les horaires, les tarifs et les modalit\u00e9s d\u2019acc\u00e8s \u00e0 la Cit\u00e9 Royale afin de pr\u00e9parer sereinement votre visite du ch\u00e2teau de Loches. Organisez votre itin\u00e9raire des ch\u00e2teaux de Loire ou venez passer un week-end en famille.\" \/>\n<meta property=\"og:url\" content=\"https:\/\/citeroyaleloches.fr\/en\/visite-chateau\" \/>\n<meta property=\"og:site_name\" content=\"Cit\u00e9 Royale de Loches\" \/>\n<meta property=\"article:modified_time\" content=\"2022-12-16T14:12:36+00:00\" \/>\n<meta name=\"twitter:card\" content=\"summary_large_image\" \/>\n<meta name=\"twitter:label1\" content=\"Est. reading time\" \/>\n\t<meta name=\"twitter:data1\" content=\"1 minute\" \/>\n<script type=\"application\/ld+json\" class=\"yoast-schema-graph\">{\"@context\":\"https:\\\/\\\/schema.org\",\"@graph\":[{\"@type\":\"WebPage\",\"@id\":\"https:\\\/\\\/citeroyaleloches.fr\\\/en\\\/visite-chateau\",\"url\":\"https:\\\/\\\/citeroyaleloches.fr\\\/en\\\/visite-chateau\",\"name\":\"Visite du ch\u00e2teau de Loches : informations pratiques\",\"isPartOf\":{\"@id\":\"https:\\\/\\\/citeroyaleloches.fr\\\/#website\"},\"datePublished\":\"2018-04-13T14:03:00+00:00\",\"dateModified\":\"2022-12-16T14:12:36+00:00\",\"description\":\"D\u00e9couvrez les horaires, les tarifs et les modalit\u00e9s d\u2019acc\u00e8s \u00e0 la Cit\u00e9 Royale afin de pr\u00e9parer sereinement votre visite du ch\u00e2teau de Loches. Organisez votre itin\u00e9raire des ch\u00e2teaux de Loire ou venez passer un week-end en famille.\",\"breadcrumb\":{\"@id\":\"https:\\\/\\\/citeroyaleloches.fr\\\/en\\\/visite-chateau#breadcrumb\"},\"inLanguage\":\"en-US\",\"potentialAction\":[{\"@type\":\"ReadAction\",\"target\":[\"https:\\\/\\\/citeroyaleloches.fr\\\/en\\\/visite-chateau\"]}]},{\"@type\":\"BreadcrumbList\",\"@id\":\"https:\\\/\\\/citeroyaleloches.fr\\\/en\\\/visite-chateau#breadcrumb\",\"itemListElement\":[{\"@type\":\"ListItem\",\"position\":1,\"name\":\"Accueil\",\"item\":\"https:\\\/\\\/citeroyaleloches.fr\\\/en\"},{\"@type\":\"ListItem\",\"position\":2,\"name\":\"Prepare for your visit\"}]},{\"@type\":\"WebSite\",\"@id\":\"https:\\\/\\\/citeroyaleloches.fr\\\/#website\",\"url\":\"https:\\\/\\\/citeroyaleloches.fr\\\/\",\"name\":\"Cit\u00e9 Royale de Loches\",\"description\":\"\",\"potentialAction\":[{\"@type\":\"SearchAction\",\"target\":{\"@type\":\"EntryPoint\",\"urlTemplate\":\"https:\\\/\\\/citeroyaleloches.fr\\\/?s={search_term_string}\"},\"query-input\":{\"@type\":\"PropertyValueSpecification\",\"valueRequired\":true,\"valueName\":\"search_term_string\"}}],\"inLanguage\":\"en-US\"}]}<\/script>\n<!-- \/ Yoast SEO plugin. -->","yoast_head_json":{"title":"Visite du ch\u00e2teau de Loches : informations pratiques","description":"D\u00e9couvrez les horaires, les tarifs et les modalit\u00e9s d\u2019acc\u00e8s \u00e0 la Cit\u00e9 Royale afin de pr\u00e9parer sereinement votre visite du ch\u00e2teau de Loches. Organisez votre itin\u00e9raire des ch\u00e2teaux de Loire ou venez passer un week-end en famille.","robots":{"index":"index","follow":"follow","max-snippet":"max-snippet:-1","max-image-preview":"max-image-preview:large","max-video-preview":"max-video-preview:-1"},"canonical":"https:\/\/citeroyaleloches.fr\/en\/visite-chateau","og_locale":"en_US","og_type":"article","og_title":"Visite du ch\u00e2teau de Loches : informations pratiques","og_description":"D\u00e9couvrez les horaires, les tarifs et les modalit\u00e9s d\u2019acc\u00e8s \u00e0 la Cit\u00e9 Royale afin de pr\u00e9parer sereinement votre visite du ch\u00e2teau de Loches. Organisez votre itin\u00e9raire des ch\u00e2teaux de Loire ou venez passer un week-end en famille.","og_url":"https:\/\/citeroyaleloches.fr\/en\/visite-chateau","og_site_name":"Cit\u00e9 Royale de Loches","article_modified_time":"2022-12-16T14:12:36+00:00","twitter_card":"summary_large_image","twitter_misc":{"Est. reading time":"1 minute"},"schema":{"@context":"https:\/\/schema.org","@graph":[{"@type":"WebPage","@id":"https:\/\/citeroyaleloches.fr\/en\/visite-chateau","url":"https:\/\/citeroyaleloches.fr\/en\/visite-chateau","name":"Visite du ch\u00e2teau de Loches : informations pratiques","isPartOf":{"@id":"https:\/\/citeroyaleloches.fr\/#website"},"datePublished":"2018-04-13T14:03:00+00:00","dateModified":"2022-12-16T14:12:36+00:00","description":"D\u00e9couvrez les horaires, les tarifs et les modalit\u00e9s d\u2019acc\u00e8s \u00e0 la Cit\u00e9 Royale afin de pr\u00e9parer sereinement votre visite du ch\u00e2teau de Loches. Organisez votre itin\u00e9raire des ch\u00e2teaux de Loire ou venez passer un week-end en famille.","breadcrumb":{"@id":"https:\/\/citeroyaleloches.fr\/en\/visite-chateau#breadcrumb"},"inLanguage":"en-US","potentialAction":[{"@type":"ReadAction","target":["https:\/\/citeroyaleloches.fr\/en\/visite-chateau"]}]},{"@type":"BreadcrumbList","@id":"https:\/\/citeroyaleloches.fr\/en\/visite-chateau#breadcrumb","itemListElement":[{"@type":"ListItem","position":1,"name":"Accueil","item":"https:\/\/citeroyaleloches.fr\/en"},{"@type":"ListItem","position":2,"name":"Prepare for your visit"}]},{"@type":"WebSite","@id":"https:\/\/citeroyaleloches.fr\/#website","url":"https:\/\/citeroyaleloches.fr\/","name":"Cit\u00e9 Royale de Loches","description":"","potentialAction":[{"@type":"SearchAction","target":{"@type":"EntryPoint","urlTemplate":"https:\/\/citeroyaleloches.fr\/?s={search_term_string}"},"query-input":{"@type":"PropertyValueSpecification","valueRequired":true,"valueName":"search_term_string"}}],"inLanguage":"en-US"}]}},"_links":{"self":[{"href":"https:\/\/citeroyaleloches.fr\/en\/wp-json\/wp\/v2\/pages\/1702","targetHints":{"allow":["GET"]}}],"collection":[{"href":"https:\/\/citeroyaleloches.fr\/en\/wp-json\/wp\/v2\/pages"}],"about":[{"href":"https:\/\/citeroyaleloches.fr\/en\/wp-json\/wp\/v2\/types\/page"}],"author":[{"embeddable":true,"href":"https:\/\/citeroyaleloches.fr\/en\/wp-json\/wp\/v2\/users\/4"}],"replies":[{"embeddable":true,"href":"https:\/\/citeroyaleloches.fr\/en\/wp-json\/wp\/v2\/comments?post=1702"}],"version-history":[{"count":5,"href":"https:\/\/citeroyaleloches.fr\/en\/wp-json\/wp\/v2\/pages\/1702\/revisions"}],"predecessor-version":[{"id":5826,"href":"https:\/\/citeroyaleloches.fr\/en\/wp-json\/wp\/v2\/pages\/1702\/revisions\/5826"}],"wp:attachment":[{"href":"https:\/\/citeroyaleloches.fr\/en\/wp-json\/wp\/v2\/media?parent=1702"}],"curies":[{"name":"wp","href":"https:\/\/api.w.org\/{rel}","templated":true}]}}