{"id":1440,"date":"2017-10-09T14:30:27","date_gmt":"2017-10-09T12:30:27","guid":{"rendered":"https:\/\/citeroyaleloches.fr\/accueil"},"modified":"2025-07-04T10:13:42","modified_gmt":"2025-07-04T08:13:42","slug":"accueil","status":"publish","type":"page","link":"https:\/\/citeroyaleloches.fr\/en","title":{"rendered":"Accueil"},"content":{"rendered":"<div id=\"pl-1440\"  class=\"panel-layout\" ><div id=\"pg-1440-0\"  class=\"panel-grid panel-has-style\" ><div class=\"siteorigin-panels-stretch panel-row-style panel-row-style-for-1440-0\" data-stretch-type=\"full-width-stretch\" ><div id=\"pgc-1440-0-0\"  class=\"panel-grid-cell\" ><div id=\"panel-1440-0-0-0\" class=\"widget_text so-panel widget widget_custom_html panel-first-child panel-last-child\" data-index=\"0\" ><div class=\"textwidget custom-html-widget\"><div class=\"diapo\">\n <div class=\"bloc_range_evenement\">\n   <div class=\"taille_grille\">\n    <div class=\"bloc_evenement\">\n        <div class=\"event\">\n  <a class=\"bloc_texte_image\" href=\"https:\/\/citeroyaleloches.fr\/en\/agenda\/atelier_fevrier\" title=\"Cr\u00e9e ton histoire en Kamishiba\u00ef !\" data-wahfont=\"16\" role=\"link\">\n    <div class=\"bloc_image\">\n     <img width=\"177\" height=\"126\" src=\"https:\/\/citeroyaleloches.fr\/wp-content\/uploads\/2020\/01\/IMG_2539-scaled-e1768469738968.jpg\" class=\"img\" alt=\"Cr\u00e9e ton histoire en Kamishiba\u00ef !\" decoding=\"async\" title=\"Cr\u00e9e ton histoire en Kamishiba\u00ef !\">\n       <\/div>\n <\/a>\t   \n\t    <div class=\"bloc_titre_texte\">\n            <a class=\"titre_next\" href=\"https:\/\/citeroyaleloches.fr\/en\/agenda\/atelier_fevrier\" title=\"Cr\u00e9e ton histoire en Kamishiba\u00ef !\" data-wahfont=\"16\" role=\"link\">\n                Prochain \u00e9v\u00e8nement\n           <\/a>\n           \n             <div class=\"bloc_texte_agenda\">\n               <a class=\"titre\" href=\"https:\/\/citeroyaleloches.fr\/en\/agenda\/atelier_fevrier\" title=\"Cr\u00e9e ton histoire en Kamishiba\u00ef !\" data-wahfont=\"16\" role=\"link\">\n                       Cr\u00e9e ton histoire en Kamishiba\u00ef !  \n                <\/a> \n              <\/div>\n            <\/div>\n           \n    <a class=\"detail_evenement\" href=\"https:\/\/citeroyaleloches.fr\/en\/agenda\/atelier_fevrier\" title=\"Cr\u00e9e ton histoire en Kamishiba\u00ef !\" data-wahfont=\"16\" role=\"link\">\n        D\u00e9tails de l\u2019\u00e9v\u00e8nement\n\t<\/a>\n    <\/div>\n  \n    <\/div>\n <\/div>\n <\/div>\n <\/div>\n\n   <\/div><\/div><\/div><\/div><\/div><div id=\"pg-1440-1\"  class=\"panel-grid panel-has-style\" ><div class=\"class-myspace panel-row-style panel-row-style-for-1440-1\" ><div id=\"pgc-1440-1-0\"  class=\"panel-grid-cell\" ><div class=\"medium-width panel-cell-style panel-cell-style-for-1440-1-0\" ><div id=\"panel-1440-1-0-0\" class=\"so-panel widget widget_widget-bloc-page-loches panel-first-child\" data-index=\"1\" ><div\n\t\t\t\n\t\t\tclass=\"so-widget-widget-bloc-page-loches so-widget-widget-bloc-page-loches-base\"\n\t\t\t\n\t\t><div class=\"nc-widget-loches-bloc-page nc-widget-loches-bloc-page-pro\">\r\n\r\n\t\t\t\t<div class=\"nc-widget-loches-bloc-page-inner\">\r\n\t\t\t\t\t\t\t\t\t\t<a href=\"https:\/\/citeroyaleloches.fr\/en\/donjon-de-loches\/history\">\r\n\t\t\t\t\t\t\t\t\t\t<div class=\"nc-widget-loches-bloc-page-image \">\r\n\t\t\t\t\t\t<img decoding=\"async\" src=\"https:\/\/citeroyaleloches.fr\/wp-content\/uploads\/2018\/05\/histoire_des_lieux-690x410.jpg\" alt=\"\" \/>\r\n\t\t\t\t\t\t<div class=\"nc-widget-loches-bloc-page-title\">\r\n\t\t\t\t\t\t\tHistory\t\t\t\t\t\t<\/div>\r\n\t\t\t\t\t<\/div>\r\n\t\t\t\t\t\t\t\t\t\t\t<\/a>\r\n\t\t\t\t\t\t\t\t\t<div class=\"nc-widget-loches-bloc-page-content\">\r\n\r\n\t\t\t\t\t<div class=\"nc-widget-loches-bloc-page-title\">\r\n\t\t\t\t\t\tHistory\t\t\t\t\t<\/div>\r\n\t\t\t\t\t<div class=\"nc-widget-loches-bloc-page-text\">\r\n\t\t\t\t\t\t\t\t\t\t\t<\/div>\r\n\t\t\t\t\t\t\t\t\t\t\t<a href=\"https:\/\/citeroyaleloches.fr\/en\/donjon-de-loches\/history\" class=\"nc-widget-loches-bloc-page-link\">discover<\/a>\r\n\t\t\t\t\t\r\n\t\t\t\t<\/div>\r\n\t\t\t<\/div>\r\n\t\t\r\n<\/div>\r\n<\/div><\/div><div id=\"panel-1440-1-0-1\" class=\"so-panel widget widget_widget-bloc-page-loches panel-last-child\" data-index=\"2\" ><div\n\t\t\t\n\t\t\tclass=\"so-widget-widget-bloc-page-loches so-widget-widget-bloc-page-loches-base\"\n\t\t\t\n\t\t><div class=\"nc-widget-loches-bloc-page nc-widget-loches-bloc-page-pro\">\r\n\r\n\t\t\t\t<div class=\"nc-widget-loches-bloc-page-inner\">\r\n\t\t\t\t\t\t\t\t\t\t<a href=\"\/donjon-de-loches\/visitor-trail\">\r\n\t\t\t\t\t\t\t\t\t\t<div class=\"nc-widget-loches-bloc-page-image \">\r\n\t\t\t\t\t\t<img decoding=\"async\" src=\"https:\/\/citeroyaleloches.fr\/wp-content\/uploads\/2018\/05\/logis-690x410.jpg\" alt=\"\" \/>\r\n\t\t\t\t\t\t<div class=\"nc-widget-loches-bloc-page-title\">\r\n\t\t\t\t\t\t\tVisitor trail\t\t\t\t\t\t<\/div>\r\n\t\t\t\t\t<\/div>\r\n\t\t\t\t\t\t\t\t\t\t\t<\/a>\r\n\t\t\t\t\t\t\t\t\t<div class=\"nc-widget-loches-bloc-page-content\">\r\n\r\n\t\t\t\t\t<div class=\"nc-widget-loches-bloc-page-title\">\r\n\t\t\t\t\t\tVisitor trail\t\t\t\t\t<\/div>\r\n\t\t\t\t\t<div class=\"nc-widget-loches-bloc-page-text\">\r\n\t\t\t\t\t\t\t\t\t\t\t<\/div>\r\n\t\t\t\t\t\t\t\t\t\t\t<a href=\"\/donjon-de-loches\/visitor-trail\" class=\"nc-widget-loches-bloc-page-link\">discover<\/a>\r\n\t\t\t\t\t\r\n\t\t\t\t<\/div>\r\n\t\t\t<\/div>\r\n\t\t\r\n<\/div>\r\n<\/div><\/div><\/div><\/div><div id=\"pgc-1440-1-1\"  class=\"panel-grid-cell\" ><div class=\"medium-width panel-cell-style panel-cell-style-for-1440-1-1\" ><div id=\"panel-1440-1-1-0\" class=\"so-panel widget widget_widget-bloc-page-loches panel-first-child\" data-index=\"3\" ><div\n\t\t\t\n\t\t\tclass=\"so-widget-widget-bloc-page-loches so-widget-widget-bloc-page-loches-base\"\n\t\t\t\n\t\t><div class=\"nc-widget-loches-bloc-page nc-widget-loches-bloc-page-pro\">\r\n\r\n\t\t\t\t<div class=\"nc-widget-loches-bloc-page-inner\">\r\n\t\t\t\t\t\t\t\t\t\t<a href=\"\/donjon-de-loches\/characters\">\r\n\t\t\t\t\t\t\t\t\t\t<div class=\"nc-widget-loches-bloc-page-image \">\r\n\t\t\t\t\t\t<img decoding=\"async\" src=\"https:\/\/citeroyaleloches.fr\/wp-content\/uploads\/2018\/05\/AS_recadre-690x410.jpg\" alt=\"\" \/>\r\n\t\t\t\t\t\t<div class=\"nc-widget-loches-bloc-page-title\">\r\n\t\t\t\t\t\t\tHistorical figures\t\t\t\t\t\t<\/div>\r\n\t\t\t\t\t<\/div>\r\n\t\t\t\t\t\t\t\t\t\t\t<\/a>\r\n\t\t\t\t\t\t\t\t\t<div class=\"nc-widget-loches-bloc-page-content\">\r\n\r\n\t\t\t\t\t<div class=\"nc-widget-loches-bloc-page-title\">\r\n\t\t\t\t\t\tHistorical figures\t\t\t\t\t<\/div>\r\n\t\t\t\t\t<div class=\"nc-widget-loches-bloc-page-text\">\r\n\t\t\t\t\t\t\t\t\t\t\t<\/div>\r\n\t\t\t\t\t\t\t\t\t\t\t<a href=\"\/donjon-de-loches\/characters\" class=\"nc-widget-loches-bloc-page-link\">discover<\/a>\r\n\t\t\t\t\t\r\n\t\t\t\t<\/div>\r\n\t\t\t<\/div>\r\n\t\t\r\n<\/div>\r\n<\/div><\/div><div id=\"panel-1440-1-1-1\" class=\"so-panel widget widget_widget-bloc-page-loches panel-last-child\" data-index=\"4\" ><div\n\t\t\t\n\t\t\tclass=\"so-widget-widget-bloc-page-loches so-widget-widget-bloc-page-loches-base\"\n\t\t\t\n\t\t><div class=\"nc-widget-loches-bloc-page nc-widget-loches-bloc-page-pro\">\r\n\r\n\t\t\t\t<div class=\"nc-widget-loches-bloc-page-inner\">\r\n\t\t\t\t\t\t\t\t\t\t<a href=\"\/donjon-de-loches\/map-city\">\r\n\t\t\t\t\t\t\t\t\t\t<div class=\"nc-widget-loches-bloc-page-image \">\r\n\t\t\t\t\t\t<img decoding=\"async\" src=\"https:\/\/citeroyaleloches.fr\/wp-content\/uploads\/2023\/11\/Plan-Cite-royale-580x345.jpg\" alt=\"\" \/>\r\n\t\t\t\t\t\t<div class=\"nc-widget-loches-bloc-page-title\">\r\n\t\t\t\t\t\t\tMap of the City\t\t\t\t\t\t<\/div>\r\n\t\t\t\t\t<\/div>\r\n\t\t\t\t\t\t\t\t\t\t\t<\/a>\r\n\t\t\t\t\t\t\t\t\t<div class=\"nc-widget-loches-bloc-page-content\">\r\n\r\n\t\t\t\t\t<div class=\"nc-widget-loches-bloc-page-title\">\r\n\t\t\t\t\t\tMap of the City\t\t\t\t\t<\/div>\r\n\t\t\t\t\t<div class=\"nc-widget-loches-bloc-page-text\">\r\n\t\t\t\t\t\t\t\t\t\t\t<\/div>\r\n\t\t\t\t\t\t\t\t\t\t\t<a href=\"\/donjon-de-loches\/map-city\" class=\"nc-widget-loches-bloc-page-link\">discover<\/a>\r\n\t\t\t\t\t\r\n\t\t\t\t<\/div>\r\n\t\t\t<\/div>\r\n\t\t\r\n<\/div>\r\n<\/div><\/div><\/div><\/div><\/div><\/div><div id=\"pg-1440-2\"  class=\"panel-grid panel-has-style\" ><div class=\"siteorigin-panels-stretch panel-row-style panel-row-style-for-1440-2\" data-stretch-type=\"full\" ><div id=\"pgc-1440-2-0\"  class=\"panel-grid-cell\" ><div id=\"panel-1440-2-0-0\" class=\"so-panel widget widget_sow-editor panel-first-child panel-last-child\" data-index=\"5\" ><div\n\t\t\t\n\t\t\tclass=\"so-widget-sow-editor so-widget-sow-editor-base\"\n\t\t\t\n\t\t>\n<div class=\"siteorigin-widget-tinymce textwidget\">\n\t<p style=\"text-align: center;\"><span class=\"h1-like\">Plan your trip<\/span><\/p>\n<\/div>\n<\/div><\/div><\/div><\/div><\/div><div id=\"pg-1440-3\"  class=\"panel-grid panel-has-style\" ><div class=\"siteorigin-panels-stretch panel-row-style panel-row-style-for-1440-3\" data-stretch-type=\"full\" ><div id=\"pgc-1440-3-0\"  class=\"panel-grid-cell\" ><div id=\"panel-1440-3-0-0\" class=\"so-panel widget widget_sow-editor panel-first-child panel-last-child\" data-index=\"6\" ><div class=\"bloc-horaires panel-widget-style panel-widget-style-for-1440-3-0-0\" ><div\n\t\t\t\n\t\t\tclass=\"so-widget-sow-editor so-widget-sow-editor-base\"\n\t\t\t\n\t\t><div class=\"widget-title\">Opening times<\/div>\n<div class=\"siteorigin-widget-tinymce textwidget\">\n\t<p style=\"text-align: center;\"><strong>Opening 7\/7 \/<\/strong> <strong>9.30am - 7pm<\/strong><\/p>\n<p style=\"text-align: center;\"><a class=\"btn\" href=\"https:\/\/citeroyaleloches.fr\/en\/visite-chateau\/opening-hours-prices-2\">More<\/a><\/p>\n<\/div>\n<\/div><\/div><\/div><\/div><div id=\"pgc-1440-3-1\"  class=\"panel-grid-cell\" ><div id=\"panel-1440-3-1-0\" class=\"so-panel widget widget_sow-editor panel-first-child panel-last-child\" data-index=\"7\" ><div class=\"bloc-tarifs panel-widget-style panel-widget-style-for-1440-3-1-0\" ><div\n\t\t\t\n\t\t\tclass=\"so-widget-sow-editor so-widget-sow-editor-base\"\n\t\t\t\n\t\t><div class=\"widget-title\">Prices<\/div>\n<div class=\"siteorigin-widget-tinymce textwidget\">\n\t<div class=\"tarif tarif-adulte\"><strong>12.50\u20ac \/ <\/strong><strong>10.50\u20ac<\/strong><\/div>\n<p><a class=\"btn\" href=\"https:\/\/citeroyaleloches.fr\/en\/visite-chateau\/opening-hours-prices-2\">All prices<\/a><\/p>\n<\/div>\n<\/div><\/div><\/div><\/div><div id=\"pgc-1440-3-2\"  class=\"panel-grid-cell\" ><div id=\"panel-1440-3-2-0\" class=\"so-panel widget widget_sow-editor panel-first-child panel-last-child\" data-index=\"8\" ><div class=\"bloc-trajet panel-widget-style panel-widget-style-for-1440-3-2-0\" ><div\n\t\t\t\n\t\t\tclass=\"so-widget-sow-editor so-widget-sow-editor-base\"\n\t\t\t\n\t\t><div class=\"widget-title\">Calculate your trip<\/div>\n<div class=\"siteorigin-widget-tinymce textwidget\">\n\t<form class=\"gform_body\" action=\"https:\/\/www.google.com\/maps\/dir\/\" method=\"GET\" target=\"_blank\"><input name=\"api\" type=\"hidden\" value=\"1\" \/><br \/>\n<input name=\"destination\" type=\"hidden\" value=\"Cit\u00e9 Royale de Loches\" \/><\/p>\n<div class=\"gfield\"><label class=\"gfield_label\" for=\"origin\">My departure city<\/label><input id=\"origin\" name=\"origin\" type=\"text\" \/><\/div>\n<div class=\"gform_footer\"><input class=\"gform_button\" type=\"submit\" value=\"See the path\" \/><\/div>\n<\/form>\n<\/div>\n<\/div><\/div><\/div><\/div><\/div><\/div><div id=\"pg-1440-4\"  class=\"panel-grid panel-no-style\" ><div id=\"pgc-1440-4-0\"  class=\"panel-grid-cell\" ><!-- not cached-nc_news_lite-widget --><div id=\"panel-1440-4-0-0\" class=\"so-panel widget widget_netconcept_news_lite net-concept-news-lite panel-first-child panel-last-child bloc-actualites\" data-index=\"9\" ><div class=\"widget-title\">News<\/div><div class=\"list_items list-actus\"><ul class=\"slides-container swiper-wrapper\"><li class=\"slide-container swiper-slide\"><div class=\"nc-item current-menu nc-actu\"><div class=\"nc-item-inner\"><a href=\"https:\/\/citeroyaleloches.fr\/en\/news\/monument-game\" class=\"nc-item-link\" title=\"Read more about : Monument Game\"><div class=\"nc-item-content\"><div class=\"nc-item-img\"><img decoding=\"async\" width=\"690\" height=\"410\" src=\"https:\/\/citeroyaleloches.fr\/wp-content\/uploads\/2025\/05\/1080x1080-2-690x410.png\" class=\"attachment-actualite_big_690x410 size-actualite_big_690x410 wp-post-image\" alt=\"\" title=\"Monument Game\" \/><\/div><div class=\"nc-item-text-wrapper\"> <div class=\"post-meta\">  <div class=\"post-date\">4 July 2025<\/div> <\/div> <div class=\"nc-item-title\">Monument Game<\/div> <div class=\"nc-item-text\">&nbsp; \"The Valois: A Ruthless Dynasty\" A life-sized investigation at the heart of the Royal City of Loches Experience a unique immersive adventure by diving ...<\/div> <div class=\"nc-item-more\"><div class=\"btn btn-gris\">Read more<\/div><\/div><\/div><\/div><\/a><\/div><\/div><\/li><li class=\"slide-container swiper-slide\"><div class=\"nc-item current-menu nc-actu\"><div class=\"nc-item-inner\"><a href=\"https:\/\/citeroyaleloches.fr\/en\/news\/histopad\" class=\"nc-item-link\" title=\"Read more about : HistoPad in the Cit\u00e9 royale\"><div class=\"nc-item-content\"><div class=\"nc-item-img\"><img decoding=\"async\" width=\"690\" height=\"410\" src=\"https:\/\/citeroyaleloches.fr\/wp-content\/uploads\/2018\/11\/Loches_cellule_Alencon-690x410.jpg\" class=\"attachment-actualite_big_690x410 size-actualite_big_690x410 wp-post-image\" alt=\"loches cellule alen\u00e7on prison\" title=\"HistoPad in the Cit\u00e9 royale\" \/><\/div><div class=\"nc-item-text-wrapper\"> <div class=\"post-meta\">  <div class=\"post-date\">1 February 2019<\/div> <\/div> <div class=\"nc-item-title\">HistoPad in the Cit\u00e9 royale<\/div> <div class=\"nc-item-text\">Travel back in time with HistoPad\u00a9\u00a0in the keep &nbsp; Explore the Loches keep, as never seen before, with new technologies ! Rooms and spaces, today ...<\/div> <div class=\"nc-item-more\"><div class=\"btn btn-gris\">Read more<\/div><\/div><\/div><\/div><\/a><\/div><\/div><\/li><\/ul><\/div><\/div><!-- \/not cached-nc_news_lite-widget --><\/div><\/div><div id=\"pg-1440-5\"  class=\"panel-grid panel-no-style\" ><div id=\"pgc-1440-5-0\"  class=\"panel-grid-cell panel-grid-cell-empty\" ><\/div><\/div><div id=\"pg-1440-6\"  class=\"panel-grid panel-has-style\" ><div class=\"dark-row  siteorigin-panels-stretch panel-row-style panel-row-style-for-1440-6\" data-stretch-type=\"full\" ><div id=\"pgc-1440-6-0\"  class=\"panel-grid-cell\" ><div id=\"panel-1440-6-0-0\" class=\"so-panel widget widget_sow-editor panel-first-child\" data-index=\"10\" ><div\n\t\t\t\n\t\t\tclass=\"so-widget-sow-editor so-widget-sow-editor-base\"\n\t\t\t\n\t\t>\n<div class=\"siteorigin-widget-tinymce textwidget\">\n\t<p style=\"text-align: center;\"><span class=\"h1-like\">PROFESSIONAL AREA<\/span><\/p>\n<p style=\"text-align: center;\">The Royal City of Loches welcomes visiting groups and individuals all year round, for unusual themed guided or unaccompanied tours depending on your needs. The team is at your disposal to organise the best possible hospitality for your customers for an unmissable visit to one of the outstanding attractions in the Loire Valley.<\/p>\n<\/div>\n<\/div><\/div><div id=\"panel-1440-6-0-1\" class=\"so-panel widget widget_nc-button panel-last-child\" data-index=\"11\" ><div\n\t\t\t\n\t\t\tclass=\"so-widget-nc-button so-widget-nc-button-base\"\n\t\t\t\n\t\t><div class=\"nc-button-container\">\r\n\t<a href=\"https:\/\/citeroyaleloches.fr\/en\/loches-tourisme\" class=\"nc-button-link btn btn\">\t\r\n\t<span class=\"nc-button-text\">\r\n\t\tAccess Professionnal area\t<\/span>\r\n\t\r\n\t<\/a><\/div>\r\n<\/div><\/div><\/div><\/div><\/div><div id=\"pg-1440-7\"  class=\"panel-grid panel-has-style\" ><div class=\"siteorigin-panels-stretch panel-row-style panel-row-style-for-1440-7\" data-stretch-type=\"full-width-stretch\" ><div id=\"pgc-1440-7-0\"  class=\"panel-grid-cell\" ><div id=\"panel-1440-7-0-0\" class=\"so-panel widget widget_sow-editor panel-first-child panel-last-child\" data-index=\"12\" ><div class=\"site-width panel-widget-style panel-widget-style-for-1440-7-0-0\" ><div\n\t\t\t\n\t\t\tclass=\"so-widget-sow-editor so-widget-sow-editor-base\"\n\t\t\t\n\t\t>\n<div class=\"siteorigin-widget-tinymce textwidget\">\n\t<h1 style=\"text-align: center;\">The Cit\u00e9 Royale of loches,<br \/>\nMake sense of history !<\/h1>\n<p style=\"text-align: justify;\">While Renaissance ch\u00e2teaux flourished in the Loire Valley, medieval fortresses were more rare. Due to the remarkable character of its residence and keep, Loches is home to one of the most beautiful fortified cities in France, which dominates the town and the bucolic Indre valley.<\/p>\n<p style=\"text-align: justify;\">The residence is an architectural gem of the end of the Middle Ages and welcomed Joan of Arc, Anne of Brittany, and the favourite of King Charles VII, Agn\u00e8s Sorel.<\/p>\n<p style=\"text-align: justify;\">An unusual figure in the landscape of the Loire Valley ch\u00e2teaux, the 37-metre high keep is a masterpiece of 11th century military architecture and one of the most well preserved in Europe. With its numerous painted and engraved inscriptions, it immerses visitors in the custodial universe of the time.<\/p>\n<p style=\"text-align: justify;\">A new experience for visitors is proposed in 2018, with entirely redesigned scenery, developed in an interactive trail marked with sound, videos and projections.<\/p>\n<p style=\"text-align: justify;\">This journey takes the visitor through five centuries of history, just 40 minutes from Beauval Zoo.<\/p>\n<\/div>\n<\/div><\/div><\/div><\/div><\/div><\/div><\/div>","protected":false},"excerpt":{"rendered":"<p>Prochain \u00e9v\u00e8nement Cr\u00e9e ton histoire en Kamishiba\u00ef ! D\u00e9tails de l\u2019\u00e9v\u00e8nement History History discover Visitor trail Visitor trail discover Historical figures Historical figures discover Map of the City Map [&hellip;]<\/p>\n","protected":false},"author":4,"featured_media":0,"parent":0,"menu_order":4,"comment_status":"closed","ping_status":"closed","template":"front-page.php","meta":{"footnotes":""},"class_list":["post-1440","page","type-page","status-publish","hentry"],"yoast_head":"<!-- This site is optimized with the Yoast SEO plugin v27.3 - https:\/\/yoast.com\/product\/yoast-seo-wordpress\/ -->\n<title>Visitez la Cit\u00e9 Royale de Loches, son donjon et ses jardins<\/title>\n<meta name=\"description\" content=\"Le ch\u00e2teau de Loches vous accueille en plein c\u0153ur de la vall\u00e9e de Loire. Visitez le donjon m\u00e9di\u00e9val, les jardins et d\u00e9couvrez l\u2019histoire de ce monument historique du XIe si\u00e8cle.\" \/>\n<meta name=\"robots\" content=\"index, follow, max-snippet:-1, max-image-preview:large, max-video-preview:-1\" \/>\n<link rel=\"canonical\" href=\"https:\/\/citeroyaleloches.fr\/en\" \/>\n<meta property=\"og:locale\" content=\"en_US\" \/>\n<meta property=\"og:type\" content=\"article\" \/>\n<meta property=\"og:title\" content=\"Visitez la Cit\u00e9 Royale de Loches, son donjon et ses jardins\" \/>\n<meta property=\"og:description\" content=\"Le ch\u00e2teau de Loches vous accueille en plein c\u0153ur de la vall\u00e9e de Loire. Visitez le donjon m\u00e9di\u00e9val, les jardins et d\u00e9couvrez l\u2019histoire de ce monument historique du XIe si\u00e8cle.\" \/>\n<meta property=\"og:url\" content=\"https:\/\/citeroyaleloches.fr\/en\" \/>\n<meta property=\"og:site_name\" content=\"Cit\u00e9 Royale de Loches\" \/>\n<meta property=\"article:modified_time\" content=\"2025-07-04T08:13:42+00:00\" \/>\n<meta name=\"twitter:card\" content=\"summary_large_image\" \/>\n<meta name=\"twitter:label1\" content=\"Est. reading time\" \/>\n\t<meta name=\"twitter:data1\" content=\"3 minutes\" \/>\n<script type=\"application\/ld+json\" class=\"yoast-schema-graph\">{\"@context\":\"https:\\\/\\\/schema.org\",\"@graph\":[{\"@type\":\"WebPage\",\"@id\":\"https:\\\/\\\/citeroyaleloches.fr\\\/en\",\"url\":\"https:\\\/\\\/citeroyaleloches.fr\\\/en\",\"name\":\"Visitez la Cit\u00e9 Royale de Loches, son donjon et ses jardins\",\"isPartOf\":{\"@id\":\"https:\\\/\\\/citeroyaleloches.fr\\\/#website\"},\"datePublished\":\"2017-10-09T12:30:27+00:00\",\"dateModified\":\"2025-07-04T08:13:42+00:00\",\"description\":\"Le ch\u00e2teau de Loches vous accueille en plein c\u0153ur de la vall\u00e9e de Loire. Visitez le donjon m\u00e9di\u00e9val, les jardins et d\u00e9couvrez l\u2019histoire de ce monument historique du XIe si\u00e8cle.\",\"breadcrumb\":{\"@id\":\"https:\\\/\\\/citeroyaleloches.fr\\\/en#breadcrumb\"},\"inLanguage\":\"en-US\",\"potentialAction\":[{\"@type\":\"ReadAction\",\"target\":[\"https:\\\/\\\/citeroyaleloches.fr\\\/en\"]}]},{\"@type\":\"BreadcrumbList\",\"@id\":\"https:\\\/\\\/citeroyaleloches.fr\\\/en#breadcrumb\",\"itemListElement\":[{\"@type\":\"ListItem\",\"position\":1,\"name\":\"Accueil\",\"item\":\"https:\\\/\\\/citeroyaleloches.fr\\\/en\"},{\"@type\":\"ListItem\",\"position\":2,\"name\":\"Accueil\"}]},{\"@type\":\"WebSite\",\"@id\":\"https:\\\/\\\/citeroyaleloches.fr\\\/#website\",\"url\":\"https:\\\/\\\/citeroyaleloches.fr\\\/\",\"name\":\"Cit\u00e9 Royale de Loches\",\"description\":\"\",\"potentialAction\":[{\"@type\":\"SearchAction\",\"target\":{\"@type\":\"EntryPoint\",\"urlTemplate\":\"https:\\\/\\\/citeroyaleloches.fr\\\/?s={search_term_string}\"},\"query-input\":{\"@type\":\"PropertyValueSpecification\",\"valueRequired\":true,\"valueName\":\"search_term_string\"}}],\"inLanguage\":\"en-US\"}]}<\/script>\n<!-- \/ Yoast SEO plugin. -->","yoast_head_json":{"title":"Visitez la Cit\u00e9 Royale de Loches, son donjon et ses jardins","description":"Le ch\u00e2teau de Loches vous accueille en plein c\u0153ur de la vall\u00e9e de Loire. Visitez le donjon m\u00e9di\u00e9val, les jardins et d\u00e9couvrez l\u2019histoire de ce monument historique du XIe si\u00e8cle.","robots":{"index":"index","follow":"follow","max-snippet":"max-snippet:-1","max-image-preview":"max-image-preview:large","max-video-preview":"max-video-preview:-1"},"canonical":"https:\/\/citeroyaleloches.fr\/en","og_locale":"en_US","og_type":"article","og_title":"Visitez la Cit\u00e9 Royale de Loches, son donjon et ses jardins","og_description":"Le ch\u00e2teau de Loches vous accueille en plein c\u0153ur de la vall\u00e9e de Loire. Visitez le donjon m\u00e9di\u00e9val, les jardins et d\u00e9couvrez l\u2019histoire de ce monument historique du XIe si\u00e8cle.","og_url":"https:\/\/citeroyaleloches.fr\/en","og_site_name":"Cit\u00e9 Royale de Loches","article_modified_time":"2025-07-04T08:13:42+00:00","twitter_card":"summary_large_image","twitter_misc":{"Est. reading time":"3 minutes"},"schema":{"@context":"https:\/\/schema.org","@graph":[{"@type":"WebPage","@id":"https:\/\/citeroyaleloches.fr\/en","url":"https:\/\/citeroyaleloches.fr\/en","name":"Visitez la Cit\u00e9 Royale de Loches, son donjon et ses jardins","isPartOf":{"@id":"https:\/\/citeroyaleloches.fr\/#website"},"datePublished":"2017-10-09T12:30:27+00:00","dateModified":"2025-07-04T08:13:42+00:00","description":"Le ch\u00e2teau de Loches vous accueille en plein c\u0153ur de la vall\u00e9e de Loire. Visitez le donjon m\u00e9di\u00e9val, les jardins et d\u00e9couvrez l\u2019histoire de ce monument historique du XIe si\u00e8cle.","breadcrumb":{"@id":"https:\/\/citeroyaleloches.fr\/en#breadcrumb"},"inLanguage":"en-US","potentialAction":[{"@type":"ReadAction","target":["https:\/\/citeroyaleloches.fr\/en"]}]},{"@type":"BreadcrumbList","@id":"https:\/\/citeroyaleloches.fr\/en#breadcrumb","itemListElement":[{"@type":"ListItem","position":1,"name":"Accueil","item":"https:\/\/citeroyaleloches.fr\/en"},{"@type":"ListItem","position":2,"name":"Accueil"}]},{"@type":"WebSite","@id":"https:\/\/citeroyaleloches.fr\/#website","url":"https:\/\/citeroyaleloches.fr\/","name":"Cit\u00e9 Royale de Loches","description":"","potentialAction":[{"@type":"SearchAction","target":{"@type":"EntryPoint","urlTemplate":"https:\/\/citeroyaleloches.fr\/?s={search_term_string}"},"query-input":{"@type":"PropertyValueSpecification","valueRequired":true,"valueName":"search_term_string"}}],"inLanguage":"en-US"}]}},"_links":{"self":[{"href":"https:\/\/citeroyaleloches.fr\/en\/wp-json\/wp\/v2\/pages\/1440","targetHints":{"allow":["GET"]}}],"collection":[{"href":"https:\/\/citeroyaleloches.fr\/en\/wp-json\/wp\/v2\/pages"}],"about":[{"href":"https:\/\/citeroyaleloches.fr\/en\/wp-json\/wp\/v2\/types\/page"}],"author":[{"embeddable":true,"href":"https:\/\/citeroyaleloches.fr\/en\/wp-json\/wp\/v2\/users\/4"}],"replies":[{"embeddable":true,"href":"https:\/\/citeroyaleloches.fr\/en\/wp-json\/wp\/v2\/comments?post=1440"}],"version-history":[{"count":7,"href":"https:\/\/citeroyaleloches.fr\/en\/wp-json\/wp\/v2\/pages\/1440\/revisions"}],"predecessor-version":[{"id":7156,"href":"https:\/\/citeroyaleloches.fr\/en\/wp-json\/wp\/v2\/pages\/1440\/revisions\/7156"}],"wp:attachment":[{"href":"https:\/\/citeroyaleloches.fr\/en\/wp-json\/wp\/v2\/media?parent=1440"}],"curies":[{"name":"wp","href":"https:\/\/api.w.org\/{rel}","templated":true}]}}